{"id":708,"date":"2025-04-12T17:12:15","date_gmt":"2025-04-12T17:12:15","guid":{"rendered":"https:\/\/mog.com.vn\/renew\/product\/style-7413\/"},"modified":"2025-04-12T18:27:19","modified_gmt":"2025-04-12T18:27:19","slug":"style-7413","status":"publish","type":"product","link":"https:\/\/mog.com.vn\/vi\/product\/style-7413\/","title":{"rendered":"Style 7413"},"content":{"rendered":"<strong>Kh\u1ea3 n\u0103ng ph\u1ee5c v\u1ee5<\/strong><\/p>\n<p>Nhi\u1ec7t \u0111\u1ed9 \u0111\u1ed9 C: 287<\/p>\n<p>Kh\u1ea3 n\u0103ng pH: 1-14<\/p>\n<p>\u00c1p su\u1ea5t quay t\u1ed1i \u0111a: 120 bar (t\u00f9y thu\u1ed9c v\u00e0o t\u1ed1c \u0111\u1ed9. Tham kh\u1ea3o Khong Lieng)<\/p>\n<p>\u00c1p su\u1ea5t t\u0129nh t\u1ed1i \u0111a: 345 bar<\/p>\n<p>T\u1ed1c \u0111\u1ed9 quay t\u1ed1i \u0111a: 6 m\/gi\u00e2y<\/p>\n<p>\u00c1p su\u1ea5t qua l\u1ea1i t\u1ed1i \u0111a: 241 bar<\/p>\n<p>T\u1ed1c \u0111\u1ed9 qua l\u1ea1i t\u1ed1i \u0111a: 2 m\/gi\u00e2y","protected":false},"excerpt":{"rendered":"<p><strong>V\u1eadt li\u1ec7u<\/strong><\/p>\n<p>\u0110\u01b0\u1ee3c s\u1ea3n xu\u1ea5t t\u1eeb \u200b\u200b7 lo\u1ea1i v\u1ea3i kh\u00e1c nhau s\u1eed d\u1ee5ng c\u00f4ng ngh\u1ec7 l\u00f5i ra b\u1ec1 m\u1eb7t ngo\u00e0i. Si\u00eau d\u00e0y \u0111\u1eb7c<\/p>\n<p><strong>\u1ee8ng d\u1ee5ng<\/strong><\/p>\n<p>G\u00f3i \u0111\u1ed9c \u0111\u00e1o \u0111\u01b0\u1ee3c thi\u1ebft k\u1ebf \u0111\u1ec3 s\u1eed d\u1ee5ng tr\u00ean b\u00f9n n\u1eb7ng, chuy\u1ec3n \u0111\u1ed9ng ch\u1eadm, c\u00e1c \u1ee9ng d\u1ee5ng tr\u1ee5c l\u1edbn v\u00e0 nh\u1ecf b\u1ecb \u1ea3nh h\u01b0\u1edfng b\u1edfi chuy\u1ec3n \u0111\u1ed9ng tr\u1ee5c l\u1ec7ch t\u00e2m. M\u1ed9t g\u00f3i tuy\u1ec7t v\u1eddi cho b\u1ed9t gi\u1ea5y v\u00e0 gi\u1ea5y v\u00e0 ng\u00e0nh c\u00f4ng nghi\u1ec7p<\/p>\n","protected":false},"featured_media":709,"comment_status":"closed","ping_status":"open","template":"","meta":[],"product_brand":[],"product_cat":[23,114,35],"product_tag":[],"class_list":{"0":"post-708","1":"product","2":"type-product","3":"status-publish","4":"has-post-thumbnail","6":"product_cat-gaskets-flexible-joints-flanges","7":"product_cat-klingercompression-packing","8":"product_cat-supply","10":"first","11":"instock","12":"product-type-simple"},"yoast_head":"<!-- This site is optimized with the Yoast SEO Premium plugin v25.9 (Yoast SEO v25.9) - https:\/\/yoast.com\/wordpress\/plugins\/seo\/ -->\n<title>Style 7413 - Mog.com.vn<\/title>\n<meta name=\"robots\" content=\"index, follow, max-snippet:-1, max-image-preview:large, max-video-preview:-1\" \/>\n<link rel=\"canonical\" href=\"https:\/\/mog.com.vn\/product\/style-7413\/\" \/>\n<meta property=\"og:locale\" content=\"vi_VN\" \/>\n<meta property=\"og:type\" content=\"article\" \/>\n<meta property=\"og:title\" content=\"[:vi]Style 7413[:en]Style 7413[:ja]\u30bf\u30a4\u30d7 7413[:kr]\uc2a4\ud0c0\uc77c 7413[:]\" \/>\n<meta property=\"og:description\" content=\"[:vi]V\u1eadt li\u1ec7u \u0110\u01b0\u1ee3c s\u1ea3n xu\u1ea5t t\u1eeb \u200b\u200b7 lo\u1ea1i v\u1ea3i kh\u00e1c nhau s\u1eed d\u1ee5ng c\u00f4ng ngh\u1ec7 l\u00f5i ra b\u1ec1 m\u1eb7t ngo\u00e0i. Si\u00eau d\u00e0y \u0111\u1eb7c \u1ee8ng d\u1ee5ng G\u00f3i \u0111\u1ed9c \u0111\u00e1o \u0111\u01b0\u1ee3c thi\u1ebft k\u1ebf \u0111\u1ec3 s\u1eed d\u1ee5ng tr\u00ean b\u00f9n n\u1eb7ng, chuy\u1ec3n \u0111\u1ed9ng ch\u1eadm, c\u00e1c \u1ee9ng d\u1ee5ng tr\u1ee5c l\u1edbn v\u00e0 nh\u1ecf b\u1ecb \u1ea3nh h\u01b0\u1edfng b\u1edfi chuy\u1ec3n \u0111\u1ed9ng tr\u1ee5c l\u1ec7ch t\u00e2m. M\u1ed9t g\u00f3i tuy\u1ec7t v\u1eddi cho b\u1ed9t gi\u1ea5y v\u00e0 gi\u1ea5y v\u00e0 ng\u00e0nh c\u00f4ng nghi\u1ec7p[:en]Material Manufactured from 7 different textiles utilizing core to outside surface technology. Super dense Application Unique packing designed for use on heavy slurries, slow moving, large and small shaft applications being affected by eccentric\u00a0shaft movement. An excellent Packing for the pulp and paper and industry[:ja]\u6750\u6599 7\u7a2e\u985e\u306e\u7570\u306a\u308b\u5e03\u5730\u3092\u4f7f\u7528\u3057\u3001\u30b3\u30a2\u304b\u3089\u5916\u8868\u9762\u307e\u3067\u306e\u6280\u8853\u3092\u99c6\u4f7f\u3057\u3066\u88fd\u9020\u3002\u975e\u5e38\u306b\u9ad8\u5bc6\u5ea6\u3002 &nbsp; \u7528\u9014 \u91cd\u3044\u30b9\u30e9\u30ea\u30fc\u3001\u4f4e\u901f\u306e\u52d5\u304d\u3001\u504f\u5fc3\u30b7\u30e3\u30d5\u30c8\u904b\u52d5\u306b\u3088\u308b\u5927\u304d\u306a\u8ef8\u304a\u3088\u3073\u5c0f\u3055\u306a\u8ef8\u306e\u7528\u9014\u306b\u8a2d\u8a08\u3055\u308c\u305f\u30e6\u30cb\u30fc\u30af\u306a\u30d1\u30c3\u30ad\u30f3\u30b0\u3067\u3059\u3002\u88fd\u7d19\u696d\u754c\u306b\u6700\u9069\u3067\u3059\u3002[:kr]\uc7ac\ub8cc \ud575\uc2ec\ubd80\ud130 \uc678\ubd80 \ud45c\uba74 \uae30\uc220\uae4c\uc9c0 \ud65c\uc6a9\ud558\ub294 7\uac00\uc9c0 \ub2e4\uc591\ud55c \uc9c1\ubb3c\ub85c \uc81c\uc870\ub429\ub2c8\ub2e4. \ucd08\ubc00\ub3c4 \uc791\uc6a9 \ubd84\uc57c \ubb34\uac70\uc6b4 \uc2ac\ub7ec\ub9ac, \ucc9c\ucc9c\ud788 \uc6c0\uc9c1\uc774\ub294, \ud3b8\uc2ec \uc0e4\ud504\ud2b8 \uc6c0\uc9c1\uc784\uc758 \uc601\ud5a5\uc744 \ubc1b\ub294 \ud06c\uace0 \uc791\uc740 \uc0e4\ud504\ud2b8 \uc751\uc6a9 \ubd84\uc57c\uc5d0 \uc0ac\uc6a9\ud558\ub3c4\ub85d \uc124\uacc4\ub41c \ub3c5\ud2b9\ud55c \ud328\ud0b9\uc785\ub2c8\ub2e4. \ud384\ud504, \uc81c\uc9c0 \ubc0f \uc0b0\uc5c5\uc6a9\uc73c\ub85c \ud0c1\uc6d4\ud55c \ud3ec\uc7a5\uc7ac[:]\" \/>\n<meta property=\"og:url\" content=\"https:\/\/mog.com.vn\/product\/style-7413\/\" \/>\n<meta property=\"og:site_name\" content=\"Mog.com.vn\" \/>\n<meta property=\"article:modified_time\" content=\"2025-04-12T18:27:19+00:00\" \/>\n<meta property=\"og:image\" content=\"https:\/\/mog.com.vn\/wp-content\/uploads\/2025\/04\/style-7413.jpg\" \/>\n\t<meta property=\"og:image:width\" content=\"1000\" \/>\n\t<meta property=\"og:image:height\" content=\"1000\" \/>\n\t<meta property=\"og:image:type\" content=\"image\/jpeg\" \/>\n<meta name=\"twitter:card\" content=\"summary_large_image\" \/>\n<meta name=\"twitter:label1\" content=\"\u01af\u1edbc t\u00ednh th\u1eddi gian \u0111\u1ecdc\" \/>\n\t<meta name=\"twitter:data1\" content=\"1 ph\u00fat\" \/>\n<script type=\"application\/ld+json\" class=\"yoast-schema-graph\">{\"@context\":\"https:\/\/schema.org\",\"@graph\":[{\"@type\":\"WebPage\",\"@id\":\"https:\/\/mog.com.vn\/product\/style-7413\/\",\"url\":\"https:\/\/mog.com.vn\/product\/style-7413\/\",\"name\":\"[:vi]Style 7413[:en]Style 7413[:ja]\u30bf\u30a4\u30d7 7413[:kr]\uc2a4\ud0c0\uc77c 7413[:] - Mog.com.vn\",\"isPartOf\":{\"@id\":\"https:\/\/mog.com.vn\/#website\"},\"primaryImageOfPage\":{\"@id\":\"https:\/\/mog.com.vn\/product\/style-7413\/#primaryimage\"},\"image\":{\"@id\":\"https:\/\/mog.com.vn\/product\/style-7413\/#primaryimage\"},\"thumbnailUrl\":\"https:\/\/mog.com.vn\/wp-content\/uploads\/2025\/04\/style-7413.jpg\",\"datePublished\":\"2025-04-12T17:12:15+00:00\",\"dateModified\":\"2025-04-12T18:27:19+00:00\",\"breadcrumb\":{\"@id\":\"https:\/\/mog.com.vn\/product\/style-7413\/#breadcrumb\"},\"inLanguage\":\"vi\",\"potentialAction\":[{\"@type\":\"ReadAction\",\"target\":[\"https:\/\/mog.com.vn\/product\/style-7413\/\"]}]},{\"@type\":\"ImageObject\",\"inLanguage\":\"vi\",\"@id\":\"https:\/\/mog.com.vn\/product\/style-7413\/#primaryimage\",\"url\":\"https:\/\/mog.com.vn\/wp-content\/uploads\/2025\/04\/style-7413.jpg\",\"contentUrl\":\"https:\/\/mog.com.vn\/wp-content\/uploads\/2025\/04\/style-7413.jpg\",\"width\":1000,\"height\":1000},{\"@type\":\"BreadcrumbList\",\"@id\":\"https:\/\/mog.com.vn\/product\/style-7413\/#breadcrumb\",\"itemListElement\":[{\"@type\":\"ListItem\",\"position\":1,\"name\":\"Home\",\"item\":\"https:\/\/mog.com.vn\/\"},{\"@type\":\"ListItem\",\"position\":2,\"name\":\"Shop\",\"item\":\"https:\/\/mog.com.vn\/shop\/\"},{\"@type\":\"ListItem\",\"position\":3,\"name\":\"Style 7413\"}]},{\"@type\":\"WebSite\",\"@id\":\"https:\/\/mog.com.vn\/#website\",\"url\":\"https:\/\/mog.com.vn\/\",\"name\":\"Mog.com.vn\",\"description\":\"FLOW Control Solutions\",\"publisher\":{\"@id\":\"https:\/\/mog.com.vn\/#organization\"},\"potentialAction\":[{\"@type\":\"SearchAction\",\"target\":{\"@type\":\"EntryPoint\",\"urlTemplate\":\"https:\/\/mog.com.vn\/?s={search_term_string}\"},\"query-input\":{\"@type\":\"PropertyValueSpecification\",\"valueRequired\":true,\"valueName\":\"search_term_string\"}}],\"inLanguage\":\"vi\"},{\"@type\":\"Organization\",\"@id\":\"https:\/\/mog.com.vn\/#organization\",\"name\":\"Mog.com.vn\",\"url\":\"https:\/\/mog.com.vn\/\",\"logo\":{\"@type\":\"ImageObject\",\"inLanguage\":\"vi\",\"@id\":\"https:\/\/mog.com.vn\/#\/schema\/logo\/image\/\",\"url\":\"https:\/\/mog.com.vn\/wp-content\/uploads\/2025\/10\/Logo-MOG.jpg\",\"contentUrl\":\"https:\/\/mog.com.vn\/wp-content\/uploads\/2025\/10\/Logo-MOG.jpg\",\"width\":755,\"height\":230,\"caption\":\"Mog.com.vn\"},\"image\":{\"@id\":\"https:\/\/mog.com.vn\/#\/schema\/logo\/image\/\"},\"description\":\"Gi\u1ea3i ph\u00e1p C\u01a1 kh\u00ed ch\u00ednh x\u00e1c & Van c\u00f4ng nghi\u1ec7p to\u00e0n di\u1ec7n cho doanh nghi\u1ec7p c\u1ee7a b\u1ea1n.\",\"email\":\"giacongcokhimog@gmail.com\",\"telephone\":\"090 311 4883\"}]}<\/script>\n<!-- \/ Yoast SEO Premium plugin. -->","yoast_head_json":{"title":"[:vi]Style 7413[:en]Style 7413[:ja]\u30bf\u30a4\u30d7 7413[:kr]\uc2a4\ud0c0\uc77c 7413[:] - Mog.com.vn","robots":{"index":"index","follow":"follow","max-snippet":"max-snippet:-1","max-image-preview":"max-image-preview:large","max-video-preview":"max-video-preview:-1"},"canonical":"https:\/\/mog.com.vn\/product\/style-7413\/","og_locale":"vi_VN","og_type":"article","og_title":"[:vi]Style 7413[:en]Style 7413[:ja]\u30bf\u30a4\u30d7 7413[:kr]\uc2a4\ud0c0\uc77c 7413[:]","og_description":"[:vi]V\u1eadt li\u1ec7u \u0110\u01b0\u1ee3c s\u1ea3n xu\u1ea5t t\u1eeb \u200b\u200b7 lo\u1ea1i v\u1ea3i kh\u00e1c nhau s\u1eed d\u1ee5ng c\u00f4ng ngh\u1ec7 l\u00f5i ra b\u1ec1 m\u1eb7t ngo\u00e0i. Si\u00eau d\u00e0y \u0111\u1eb7c \u1ee8ng d\u1ee5ng G\u00f3i \u0111\u1ed9c \u0111\u00e1o \u0111\u01b0\u1ee3c thi\u1ebft k\u1ebf \u0111\u1ec3 s\u1eed d\u1ee5ng tr\u00ean b\u00f9n n\u1eb7ng, chuy\u1ec3n \u0111\u1ed9ng ch\u1eadm, c\u00e1c \u1ee9ng d\u1ee5ng tr\u1ee5c l\u1edbn v\u00e0 nh\u1ecf b\u1ecb \u1ea3nh h\u01b0\u1edfng b\u1edfi chuy\u1ec3n \u0111\u1ed9ng tr\u1ee5c l\u1ec7ch t\u00e2m. M\u1ed9t g\u00f3i tuy\u1ec7t v\u1eddi cho b\u1ed9t gi\u1ea5y v\u00e0 gi\u1ea5y v\u00e0 ng\u00e0nh c\u00f4ng nghi\u1ec7p[:en]Material Manufactured from 7 different textiles utilizing core to outside surface technology. Super dense Application Unique packing designed for use on heavy slurries, slow moving, large and small shaft applications being affected by eccentric\u00a0shaft movement. An excellent Packing for the pulp and paper and industry[:ja]\u6750\u6599 7\u7a2e\u985e\u306e\u7570\u306a\u308b\u5e03\u5730\u3092\u4f7f\u7528\u3057\u3001\u30b3\u30a2\u304b\u3089\u5916\u8868\u9762\u307e\u3067\u306e\u6280\u8853\u3092\u99c6\u4f7f\u3057\u3066\u88fd\u9020\u3002\u975e\u5e38\u306b\u9ad8\u5bc6\u5ea6\u3002 &nbsp; \u7528\u9014 \u91cd\u3044\u30b9\u30e9\u30ea\u30fc\u3001\u4f4e\u901f\u306e\u52d5\u304d\u3001\u504f\u5fc3\u30b7\u30e3\u30d5\u30c8\u904b\u52d5\u306b\u3088\u308b\u5927\u304d\u306a\u8ef8\u304a\u3088\u3073\u5c0f\u3055\u306a\u8ef8\u306e\u7528\u9014\u306b\u8a2d\u8a08\u3055\u308c\u305f\u30e6\u30cb\u30fc\u30af\u306a\u30d1\u30c3\u30ad\u30f3\u30b0\u3067\u3059\u3002\u88fd\u7d19\u696d\u754c\u306b\u6700\u9069\u3067\u3059\u3002[:kr]\uc7ac\ub8cc \ud575\uc2ec\ubd80\ud130 \uc678\ubd80 \ud45c\uba74 \uae30\uc220\uae4c\uc9c0 \ud65c\uc6a9\ud558\ub294 7\uac00\uc9c0 \ub2e4\uc591\ud55c \uc9c1\ubb3c\ub85c \uc81c\uc870\ub429\ub2c8\ub2e4. \ucd08\ubc00\ub3c4 \uc791\uc6a9 \ubd84\uc57c \ubb34\uac70\uc6b4 \uc2ac\ub7ec\ub9ac, \ucc9c\ucc9c\ud788 \uc6c0\uc9c1\uc774\ub294, \ud3b8\uc2ec \uc0e4\ud504\ud2b8 \uc6c0\uc9c1\uc784\uc758 \uc601\ud5a5\uc744 \ubc1b\ub294 \ud06c\uace0 \uc791\uc740 \uc0e4\ud504\ud2b8 \uc751\uc6a9 \ubd84\uc57c\uc5d0 \uc0ac\uc6a9\ud558\ub3c4\ub85d \uc124\uacc4\ub41c \ub3c5\ud2b9\ud55c \ud328\ud0b9\uc785\ub2c8\ub2e4. \ud384\ud504, \uc81c\uc9c0 \ubc0f \uc0b0\uc5c5\uc6a9\uc73c\ub85c \ud0c1\uc6d4\ud55c \ud3ec\uc7a5\uc7ac[:]","og_url":"https:\/\/mog.com.vn\/product\/style-7413\/","og_site_name":"Mog.com.vn","article_modified_time":"2025-04-12T18:27:19+00:00","og_image":[{"width":1000,"height":1000,"url":"https:\/\/mog.com.vn\/wp-content\/uploads\/2025\/04\/style-7413.jpg","type":"image\/jpeg"}],"twitter_card":"summary_large_image","twitter_misc":{"\u01af\u1edbc t\u00ednh th\u1eddi gian \u0111\u1ecdc":"1 ph\u00fat"},"schema":{"@context":"https:\/\/schema.org","@graph":[{"@type":"WebPage","@id":"https:\/\/mog.com.vn\/product\/style-7413\/","url":"https:\/\/mog.com.vn\/product\/style-7413\/","name":"[:vi]Style 7413[:en]Style 7413[:ja]\u30bf\u30a4\u30d7 7413[:kr]\uc2a4\ud0c0\uc77c 7413[:] - Mog.com.vn","isPartOf":{"@id":"https:\/\/mog.com.vn\/#website"},"primaryImageOfPage":{"@id":"https:\/\/mog.com.vn\/product\/style-7413\/#primaryimage"},"image":{"@id":"https:\/\/mog.com.vn\/product\/style-7413\/#primaryimage"},"thumbnailUrl":"https:\/\/mog.com.vn\/wp-content\/uploads\/2025\/04\/style-7413.jpg","datePublished":"2025-04-12T17:12:15+00:00","dateModified":"2025-04-12T18:27:19+00:00","breadcrumb":{"@id":"https:\/\/mog.com.vn\/product\/style-7413\/#breadcrumb"},"inLanguage":"vi","potentialAction":[{"@type":"ReadAction","target":["https:\/\/mog.com.vn\/product\/style-7413\/"]}]},{"@type":"ImageObject","inLanguage":"vi","@id":"https:\/\/mog.com.vn\/product\/style-7413\/#primaryimage","url":"https:\/\/mog.com.vn\/wp-content\/uploads\/2025\/04\/style-7413.jpg","contentUrl":"https:\/\/mog.com.vn\/wp-content\/uploads\/2025\/04\/style-7413.jpg","width":1000,"height":1000},{"@type":"BreadcrumbList","@id":"https:\/\/mog.com.vn\/product\/style-7413\/#breadcrumb","itemListElement":[{"@type":"ListItem","position":1,"name":"Home","item":"https:\/\/mog.com.vn\/"},{"@type":"ListItem","position":2,"name":"Shop","item":"https:\/\/mog.com.vn\/shop\/"},{"@type":"ListItem","position":3,"name":"Style 7413"}]},{"@type":"WebSite","@id":"https:\/\/mog.com.vn\/#website","url":"https:\/\/mog.com.vn\/","name":"Mog.com.vn","description":"FLOW Control Solutions","publisher":{"@id":"https:\/\/mog.com.vn\/#organization"},"potentialAction":[{"@type":"SearchAction","target":{"@type":"EntryPoint","urlTemplate":"https:\/\/mog.com.vn\/?s={search_term_string}"},"query-input":{"@type":"PropertyValueSpecification","valueRequired":true,"valueName":"search_term_string"}}],"inLanguage":"vi"},{"@type":"Organization","@id":"https:\/\/mog.com.vn\/#organization","name":"Mog.com.vn","url":"https:\/\/mog.com.vn\/","logo":{"@type":"ImageObject","inLanguage":"vi","@id":"https:\/\/mog.com.vn\/#\/schema\/logo\/image\/","url":"https:\/\/mog.com.vn\/wp-content\/uploads\/2025\/10\/Logo-MOG.jpg","contentUrl":"https:\/\/mog.com.vn\/wp-content\/uploads\/2025\/10\/Logo-MOG.jpg","width":755,"height":230,"caption":"Mog.com.vn"},"image":{"@id":"https:\/\/mog.com.vn\/#\/schema\/logo\/image\/"},"description":"Gi\u1ea3i ph\u00e1p C\u01a1 kh\u00ed ch\u00ednh x\u00e1c & Van c\u00f4ng nghi\u1ec7p to\u00e0n di\u1ec7n cho doanh nghi\u1ec7p c\u1ee7a b\u1ea1n.","email":"giacongcokhimog@gmail.com","telephone":"090 311 4883"}]}},"_links":{"self":[{"href":"https:\/\/mog.com.vn\/vi\/wp-json\/wp\/v2\/product\/708","targetHints":{"allow":["GET"]}}],"collection":[{"href":"https:\/\/mog.com.vn\/vi\/wp-json\/wp\/v2\/product"}],"about":[{"href":"https:\/\/mog.com.vn\/vi\/wp-json\/wp\/v2\/types\/product"}],"replies":[{"embeddable":true,"href":"https:\/\/mog.com.vn\/vi\/wp-json\/wp\/v2\/comments?post=708"}],"wp:featuredmedia":[{"embeddable":true,"href":"https:\/\/mog.com.vn\/vi\/wp-json\/wp\/v2\/media\/709"}],"wp:attachment":[{"href":"https:\/\/mog.com.vn\/vi\/wp-json\/wp\/v2\/media?parent=708"}],"wp:term":[{"taxonomy":"product_brand","embeddable":true,"href":"https:\/\/mog.com.vn\/vi\/wp-json\/wp\/v2\/product_brand?post=708"},{"taxonomy":"product_cat","embeddable":true,"href":"https:\/\/mog.com.vn\/vi\/wp-json\/wp\/v2\/product_cat?post=708"},{"taxonomy":"product_tag","embeddable":true,"href":"https:\/\/mog.com.vn\/vi\/wp-json\/wp\/v2\/product_tag?post=708"}],"curies":[{"name":"wp","href":"https:\/\/api.w.org\/{rel}","templated":true}]}}