{"id":712,"date":"2025-04-12T17:12:15","date_gmt":"2025-04-12T17:12:15","guid":{"rendered":"https:\/\/mog.com.vn\/renew\/product\/style-k13dl\/"},"modified":"2025-04-12T18:27:19","modified_gmt":"2025-04-12T18:27:19","slug":"style-k13dl","status":"publish","type":"product","link":"https:\/\/mog.com.vn\/vi\/product\/style-k13dl\/","title":{"rendered":"Style K13DL"},"content":{"rendered":"<strong>Kh\u1ea3 n\u0103ng ph\u1ee5c v\u1ee5<\/strong><\/p>\n<p>Nhi\u1ec7t \u0111\u1ed9 \u0111\u1ed9 C: 0 \u0111\u1ebfn 90<\/p>\n<p>Kh\u1ea3 n\u0103ng pH: 4 \u2013 9<\/p>\n<p>\u00c1p su\u1ea5t quay t\u1ed1i \u0111a: 20 bar<\/p>\n<p>\u00c1p su\u1ea5t t\u0129nh t\u1ed1i \u0111a: 70 bar<\/p>\n<p>T\u1ed1c \u0111\u1ed9 quay t\u1ed1i \u0111a: 15 m\/gi\u00e2y<\/p>\n<p>\u00c1p su\u1ea5t qua l\u1ea1i t\u1ed1i \u0111a: 30 bar<\/p>\n<p>T\u1ed1c \u0111\u1ed9 qua l\u1ea1i t\u1ed1i \u0111a: 4 m\/gi\u00e2y","protected":false},"excerpt":{"rendered":"<p><strong>V\u1eadt li\u1ec7u<\/strong><\/p>\n<p>S\u1ee3i lanh v\u00e0 ch\u1ea5t b\u00f4i tr\u01a1n Doulon<\/p>\n<p><strong>\u1ee8ng d\u1ee5ng<\/strong><\/p>\n<p>N\u01b0\u1edbc, axit nh\u1eb9 v\u00e0 ki\u1ec1m, ch\u1ea5t nh\u1eddn v\u00e0 b\u00f9n nh\u00e3o, \u1ed1ng \u0111u\u00f4i t\u00e0u. Ch\u1ed1ng th\u1ed1i r\u1eefa do n\u01b0\u1edbc, \u0111\u1eb7c bi\u1ec7t l\u00e0 n\u01b0\u1edbc mu\u1ed1i.<\/p>\n","protected":false},"featured_media":713,"comment_status":"closed","ping_status":"open","template":"","meta":[],"product_brand":[],"product_cat":[23,114,35],"product_tag":[],"class_list":{"0":"post-712","1":"product","2":"type-product","3":"status-publish","4":"has-post-thumbnail","6":"product_cat-gaskets-flexible-joints-flanges","7":"product_cat-klingercompression-packing","8":"product_cat-supply","10":"first","11":"instock","12":"product-type-simple"},"yoast_head":"<!-- This site is optimized with the Yoast SEO Premium plugin v25.9 (Yoast SEO v25.9) - https:\/\/yoast.com\/wordpress\/plugins\/seo\/ -->\n<title>Style K13DL - Mog.com.vn<\/title>\n<meta name=\"robots\" content=\"index, follow, max-snippet:-1, max-image-preview:large, max-video-preview:-1\" \/>\n<link rel=\"canonical\" href=\"https:\/\/mog.com.vn\/product\/style-k13dl\/\" \/>\n<meta property=\"og:locale\" content=\"vi_VN\" \/>\n<meta property=\"og:type\" content=\"article\" \/>\n<meta property=\"og:title\" content=\"[:vi]Style K13DL[:en]Style K13DL[:ja]\u30bf\u30a4\u30d7 K13DL[:kr]\uc2a4\ud0c0\uc77c K13DL[:]\" \/>\n<meta property=\"og:description\" content=\"[:vi]V\u1eadt li\u1ec7u S\u1ee3i lanh v\u00e0 ch\u1ea5t b\u00f4i tr\u01a1n Doulon \u1ee8ng d\u1ee5ng N\u01b0\u1edbc, axit nh\u1eb9 v\u00e0 ki\u1ec1m, ch\u1ea5t nh\u1eddn v\u00e0 b\u00f9n nh\u00e3o, \u1ed1ng \u0111u\u00f4i t\u00e0u. Ch\u1ed1ng th\u1ed1i r\u1eefa do n\u01b0\u1edbc, \u0111\u1eb7c bi\u1ec7t l\u00e0 n\u01b0\u1edbc mu\u1ed1i.[:en]Material Flax yarn and Doulon Lubricant Application Water, mild acids and alkalis, slimes and slurries, stern tubes. Resistant to water rot especially salt water.[:ja]\u6750\u6599 \u30ea\u30cd\u30f3\u7e4a\u7dad\u3068\u30c9\u30a6\u30ed\u30f3\u6f64\u6ed1\u5264 &nbsp; \u7528\u9014 \u6c34\u3001\u8efd\u5ea6\u306e\u9178\u304a\u3088\u3073\u30a2\u30eb\u30ab\u30ea\u3001\u6f64\u6ed1\u5264\u3068\u30b9\u30e9\u30ea\u30fc\u3001\u8239\u5c3e\u7ba1\u3002\u6c34\u306b\u3088\u308b\u8150\u6557\u3001\u7279\u306b\u6d77\u6c34\u306b\u5bfe\u3059\u308b\u8010\u6027\u3002[:kr]\uc7ac\ub8cc \uc544\ub9c8\uc0ac\uc640 Doulon \uc724\ud65c\uc81c \uc791\uc6a9 \ubd84\uc57c \ubb3c, \uc57d\uc0b0 \ubc0f \uc54c\uce7c\ub9ac, \uc2ac\ub77c\uc784 \ubc0f \uc2ac\ub7ec\ub9ac, \uc120\ubbf8 \ud29c\ube0c. \ubb3c \ubd80\ud328, \ud2b9\ud788 \uc5fc\uc218\uc5d0 \uac15\ud569\ub2c8\ub2e4.[:]\" \/>\n<meta property=\"og:url\" content=\"https:\/\/mog.com.vn\/product\/style-k13dl\/\" \/>\n<meta property=\"og:site_name\" content=\"Mog.com.vn\" \/>\n<meta property=\"article:modified_time\" content=\"2025-04-12T18:27:19+00:00\" \/>\n<meta property=\"og:image\" content=\"https:\/\/mog.com.vn\/wp-content\/uploads\/2025\/04\/K13DL.jpg\" \/>\n\t<meta property=\"og:image:width\" content=\"1000\" \/>\n\t<meta property=\"og:image:height\" content=\"1000\" \/>\n\t<meta property=\"og:image:type\" content=\"image\/jpeg\" \/>\n<meta name=\"twitter:card\" content=\"summary_large_image\" \/>\n<meta name=\"twitter:label1\" content=\"\u01af\u1edbc t\u00ednh th\u1eddi gian \u0111\u1ecdc\" \/>\n\t<meta name=\"twitter:data1\" content=\"1 ph\u00fat\" \/>\n<script type=\"application\/ld+json\" class=\"yoast-schema-graph\">{\"@context\":\"https:\/\/schema.org\",\"@graph\":[{\"@type\":\"WebPage\",\"@id\":\"https:\/\/mog.com.vn\/product\/style-k13dl\/\",\"url\":\"https:\/\/mog.com.vn\/product\/style-k13dl\/\",\"name\":\"[:vi]Style K13DL[:en]Style K13DL[:ja]\u30bf\u30a4\u30d7 K13DL[:kr]\uc2a4\ud0c0\uc77c K13DL[:] - Mog.com.vn\",\"isPartOf\":{\"@id\":\"https:\/\/mog.com.vn\/#website\"},\"primaryImageOfPage\":{\"@id\":\"https:\/\/mog.com.vn\/product\/style-k13dl\/#primaryimage\"},\"image\":{\"@id\":\"https:\/\/mog.com.vn\/product\/style-k13dl\/#primaryimage\"},\"thumbnailUrl\":\"https:\/\/mog.com.vn\/wp-content\/uploads\/2025\/04\/K13DL.jpg\",\"datePublished\":\"2025-04-12T17:12:15+00:00\",\"dateModified\":\"2025-04-12T18:27:19+00:00\",\"breadcrumb\":{\"@id\":\"https:\/\/mog.com.vn\/product\/style-k13dl\/#breadcrumb\"},\"inLanguage\":\"vi\",\"potentialAction\":[{\"@type\":\"ReadAction\",\"target\":[\"https:\/\/mog.com.vn\/product\/style-k13dl\/\"]}]},{\"@type\":\"ImageObject\",\"inLanguage\":\"vi\",\"@id\":\"https:\/\/mog.com.vn\/product\/style-k13dl\/#primaryimage\",\"url\":\"https:\/\/mog.com.vn\/wp-content\/uploads\/2025\/04\/K13DL.jpg\",\"contentUrl\":\"https:\/\/mog.com.vn\/wp-content\/uploads\/2025\/04\/K13DL.jpg\",\"width\":1000,\"height\":1000},{\"@type\":\"BreadcrumbList\",\"@id\":\"https:\/\/mog.com.vn\/product\/style-k13dl\/#breadcrumb\",\"itemListElement\":[{\"@type\":\"ListItem\",\"position\":1,\"name\":\"Home\",\"item\":\"https:\/\/mog.com.vn\/\"},{\"@type\":\"ListItem\",\"position\":2,\"name\":\"Shop\",\"item\":\"https:\/\/mog.com.vn\/shop\/\"},{\"@type\":\"ListItem\",\"position\":3,\"name\":\"Style K13DL\"}]},{\"@type\":\"WebSite\",\"@id\":\"https:\/\/mog.com.vn\/#website\",\"url\":\"https:\/\/mog.com.vn\/\",\"name\":\"Mog.com.vn\",\"description\":\"FLOW Control Solutions\",\"publisher\":{\"@id\":\"https:\/\/mog.com.vn\/#organization\"},\"potentialAction\":[{\"@type\":\"SearchAction\",\"target\":{\"@type\":\"EntryPoint\",\"urlTemplate\":\"https:\/\/mog.com.vn\/?s={search_term_string}\"},\"query-input\":{\"@type\":\"PropertyValueSpecification\",\"valueRequired\":true,\"valueName\":\"search_term_string\"}}],\"inLanguage\":\"vi\"},{\"@type\":\"Organization\",\"@id\":\"https:\/\/mog.com.vn\/#organization\",\"name\":\"Mog.com.vn\",\"url\":\"https:\/\/mog.com.vn\/\",\"logo\":{\"@type\":\"ImageObject\",\"inLanguage\":\"vi\",\"@id\":\"https:\/\/mog.com.vn\/#\/schema\/logo\/image\/\",\"url\":\"https:\/\/mog.com.vn\/wp-content\/uploads\/2025\/10\/Logo-MOG.jpg\",\"contentUrl\":\"https:\/\/mog.com.vn\/wp-content\/uploads\/2025\/10\/Logo-MOG.jpg\",\"width\":755,\"height\":230,\"caption\":\"Mog.com.vn\"},\"image\":{\"@id\":\"https:\/\/mog.com.vn\/#\/schema\/logo\/image\/\"},\"description\":\"Gi\u1ea3i ph\u00e1p C\u01a1 kh\u00ed ch\u00ednh x\u00e1c & Van c\u00f4ng nghi\u1ec7p to\u00e0n di\u1ec7n cho doanh nghi\u1ec7p c\u1ee7a b\u1ea1n.\",\"email\":\"giacongcokhimog@gmail.com\",\"telephone\":\"090 311 4883\"}]}<\/script>\n<!-- \/ Yoast SEO Premium plugin. -->","yoast_head_json":{"title":"[:vi]Style K13DL[:en]Style K13DL[:ja]\u30bf\u30a4\u30d7 K13DL[:kr]\uc2a4\ud0c0\uc77c K13DL[:] - Mog.com.vn","robots":{"index":"index","follow":"follow","max-snippet":"max-snippet:-1","max-image-preview":"max-image-preview:large","max-video-preview":"max-video-preview:-1"},"canonical":"https:\/\/mog.com.vn\/product\/style-k13dl\/","og_locale":"vi_VN","og_type":"article","og_title":"[:vi]Style K13DL[:en]Style K13DL[:ja]\u30bf\u30a4\u30d7 K13DL[:kr]\uc2a4\ud0c0\uc77c K13DL[:]","og_description":"[:vi]V\u1eadt li\u1ec7u S\u1ee3i lanh v\u00e0 ch\u1ea5t b\u00f4i tr\u01a1n Doulon \u1ee8ng d\u1ee5ng N\u01b0\u1edbc, axit nh\u1eb9 v\u00e0 ki\u1ec1m, ch\u1ea5t nh\u1eddn v\u00e0 b\u00f9n nh\u00e3o, \u1ed1ng \u0111u\u00f4i t\u00e0u. Ch\u1ed1ng th\u1ed1i r\u1eefa do n\u01b0\u1edbc, \u0111\u1eb7c bi\u1ec7t l\u00e0 n\u01b0\u1edbc mu\u1ed1i.[:en]Material Flax yarn and Doulon Lubricant Application Water, mild acids and alkalis, slimes and slurries, stern tubes. Resistant to water rot especially salt water.[:ja]\u6750\u6599 \u30ea\u30cd\u30f3\u7e4a\u7dad\u3068\u30c9\u30a6\u30ed\u30f3\u6f64\u6ed1\u5264 &nbsp; \u7528\u9014 \u6c34\u3001\u8efd\u5ea6\u306e\u9178\u304a\u3088\u3073\u30a2\u30eb\u30ab\u30ea\u3001\u6f64\u6ed1\u5264\u3068\u30b9\u30e9\u30ea\u30fc\u3001\u8239\u5c3e\u7ba1\u3002\u6c34\u306b\u3088\u308b\u8150\u6557\u3001\u7279\u306b\u6d77\u6c34\u306b\u5bfe\u3059\u308b\u8010\u6027\u3002[:kr]\uc7ac\ub8cc \uc544\ub9c8\uc0ac\uc640 Doulon \uc724\ud65c\uc81c \uc791\uc6a9 \ubd84\uc57c \ubb3c, \uc57d\uc0b0 \ubc0f \uc54c\uce7c\ub9ac, \uc2ac\ub77c\uc784 \ubc0f \uc2ac\ub7ec\ub9ac, \uc120\ubbf8 \ud29c\ube0c. \ubb3c \ubd80\ud328, \ud2b9\ud788 \uc5fc\uc218\uc5d0 \uac15\ud569\ub2c8\ub2e4.[:]","og_url":"https:\/\/mog.com.vn\/product\/style-k13dl\/","og_site_name":"Mog.com.vn","article_modified_time":"2025-04-12T18:27:19+00:00","og_image":[{"width":1000,"height":1000,"url":"https:\/\/mog.com.vn\/wp-content\/uploads\/2025\/04\/K13DL.jpg","type":"image\/jpeg"}],"twitter_card":"summary_large_image","twitter_misc":{"\u01af\u1edbc t\u00ednh th\u1eddi gian \u0111\u1ecdc":"1 ph\u00fat"},"schema":{"@context":"https:\/\/schema.org","@graph":[{"@type":"WebPage","@id":"https:\/\/mog.com.vn\/product\/style-k13dl\/","url":"https:\/\/mog.com.vn\/product\/style-k13dl\/","name":"[:vi]Style K13DL[:en]Style K13DL[:ja]\u30bf\u30a4\u30d7 K13DL[:kr]\uc2a4\ud0c0\uc77c K13DL[:] - Mog.com.vn","isPartOf":{"@id":"https:\/\/mog.com.vn\/#website"},"primaryImageOfPage":{"@id":"https:\/\/mog.com.vn\/product\/style-k13dl\/#primaryimage"},"image":{"@id":"https:\/\/mog.com.vn\/product\/style-k13dl\/#primaryimage"},"thumbnailUrl":"https:\/\/mog.com.vn\/wp-content\/uploads\/2025\/04\/K13DL.jpg","datePublished":"2025-04-12T17:12:15+00:00","dateModified":"2025-04-12T18:27:19+00:00","breadcrumb":{"@id":"https:\/\/mog.com.vn\/product\/style-k13dl\/#breadcrumb"},"inLanguage":"vi","potentialAction":[{"@type":"ReadAction","target":["https:\/\/mog.com.vn\/product\/style-k13dl\/"]}]},{"@type":"ImageObject","inLanguage":"vi","@id":"https:\/\/mog.com.vn\/product\/style-k13dl\/#primaryimage","url":"https:\/\/mog.com.vn\/wp-content\/uploads\/2025\/04\/K13DL.jpg","contentUrl":"https:\/\/mog.com.vn\/wp-content\/uploads\/2025\/04\/K13DL.jpg","width":1000,"height":1000},{"@type":"BreadcrumbList","@id":"https:\/\/mog.com.vn\/product\/style-k13dl\/#breadcrumb","itemListElement":[{"@type":"ListItem","position":1,"name":"Home","item":"https:\/\/mog.com.vn\/"},{"@type":"ListItem","position":2,"name":"Shop","item":"https:\/\/mog.com.vn\/shop\/"},{"@type":"ListItem","position":3,"name":"Style K13DL"}]},{"@type":"WebSite","@id":"https:\/\/mog.com.vn\/#website","url":"https:\/\/mog.com.vn\/","name":"Mog.com.vn","description":"FLOW Control Solutions","publisher":{"@id":"https:\/\/mog.com.vn\/#organization"},"potentialAction":[{"@type":"SearchAction","target":{"@type":"EntryPoint","urlTemplate":"https:\/\/mog.com.vn\/?s={search_term_string}"},"query-input":{"@type":"PropertyValueSpecification","valueRequired":true,"valueName":"search_term_string"}}],"inLanguage":"vi"},{"@type":"Organization","@id":"https:\/\/mog.com.vn\/#organization","name":"Mog.com.vn","url":"https:\/\/mog.com.vn\/","logo":{"@type":"ImageObject","inLanguage":"vi","@id":"https:\/\/mog.com.vn\/#\/schema\/logo\/image\/","url":"https:\/\/mog.com.vn\/wp-content\/uploads\/2025\/10\/Logo-MOG.jpg","contentUrl":"https:\/\/mog.com.vn\/wp-content\/uploads\/2025\/10\/Logo-MOG.jpg","width":755,"height":230,"caption":"Mog.com.vn"},"image":{"@id":"https:\/\/mog.com.vn\/#\/schema\/logo\/image\/"},"description":"Gi\u1ea3i ph\u00e1p C\u01a1 kh\u00ed ch\u00ednh x\u00e1c & Van c\u00f4ng nghi\u1ec7p to\u00e0n di\u1ec7n cho doanh nghi\u1ec7p c\u1ee7a b\u1ea1n.","email":"giacongcokhimog@gmail.com","telephone":"090 311 4883"}]}},"_links":{"self":[{"href":"https:\/\/mog.com.vn\/vi\/wp-json\/wp\/v2\/product\/712","targetHints":{"allow":["GET"]}}],"collection":[{"href":"https:\/\/mog.com.vn\/vi\/wp-json\/wp\/v2\/product"}],"about":[{"href":"https:\/\/mog.com.vn\/vi\/wp-json\/wp\/v2\/types\/product"}],"replies":[{"embeddable":true,"href":"https:\/\/mog.com.vn\/vi\/wp-json\/wp\/v2\/comments?post=712"}],"wp:featuredmedia":[{"embeddable":true,"href":"https:\/\/mog.com.vn\/vi\/wp-json\/wp\/v2\/media\/713"}],"wp:attachment":[{"href":"https:\/\/mog.com.vn\/vi\/wp-json\/wp\/v2\/media?parent=712"}],"wp:term":[{"taxonomy":"product_brand","embeddable":true,"href":"https:\/\/mog.com.vn\/vi\/wp-json\/wp\/v2\/product_brand?post=712"},{"taxonomy":"product_cat","embeddable":true,"href":"https:\/\/mog.com.vn\/vi\/wp-json\/wp\/v2\/product_cat?post=712"},{"taxonomy":"product_tag","embeddable":true,"href":"https:\/\/mog.com.vn\/vi\/wp-json\/wp\/v2\/product_tag?post=712"}],"curies":[{"name":"wp","href":"https:\/\/api.w.org\/{rel}","templated":true}]}}