{"id":714,"date":"2025-04-12T17:12:15","date_gmt":"2025-04-12T17:12:15","guid":{"rendered":"https:\/\/mog.com.vn\/renew\/product\/style-k35-tape\/"},"modified":"2025-04-12T18:27:19","modified_gmt":"2025-04-12T18:27:19","slug":"style-k35-tape","status":"publish","type":"product","link":"https:\/\/mog.com.vn\/vi\/product\/style-k35-tape\/","title":{"rendered":"Style K35 Tape"},"content":{"rendered":"<strong>Kh\u1ea3 n\u0103ng ph\u1ee5c v\u1ee5<\/strong><\/p>\n<p>Nhi\u1ec7t \u0111\u1ed9 C: -200 \u0111\u1ebfn 450<\/p>\n<p>Kh\u1ea3 n\u0103ng ch\u1ecbu pH: 0 -14<\/p>\n<p>M\u1eadt \u0111\u1ed9: 1,0 g\/cm3<\/p>\n<p>\u0110\u1ed9 tinh khi\u1ebft: &gt;98%<\/p>\n<p><strong>K\u00edch th\u01b0\u1edbc c\u00f3 s\u1eb5n<\/strong><\/p>\n<p>6mm x 0,5mm x 12 m\u00e9t<\/p>\n<p>10mm x 0,5mm x 12 m\u00e9t<\/p>\n<p>12mm x 0,5mm x 12 m\u00e9t<\/p>\n<p>15mm x 0,5mm x 12 m\u00e9t<\/p>\n<p>20mm x 0,5mm x 12 m\u00e9t<\/p>\n<p>25mm x 0,5mm x 12 m\u00e9t","protected":false},"excerpt":{"rendered":"<p><strong>B\u0103ng keo graphite t\u00e1ch l\u1edbp<\/strong><\/p>\n<p><strong>\u1ee8ng d\u1ee5ng<\/strong><\/p>\n<p>H\u1ea7u nh\u01b0 ch\u1ed1ng l\u1ea1i m\u1ecdi lo\u1ea1i m\u00f4i tr\u01b0\u1eddng ngo\u1ea1i tr\u1eeb ch\u1ea5t oxy h\u00f3a m\u1ea1nh. C\u00f3 th\u1ec3 l\u1eafp tr\u1ef1c ti\u1ebfp v\u00e0o h\u1ed9p nh\u1ed3i van v\u00e0 n\u00e9n l\u1ea1i \u0111\u1ec3 t\u1ea1o th\u00e0nh v\u1eadt li\u1ec7u \u0111\u00f3ng g\u00f3i ph\u00f9 h\u1ee3p cho c\u00e1c \u1ee9ng d\u1ee5ng nhi\u1ec7t \u0111\u1ed9 v\u00e0 \u00e1p su\u1ea5t cao. C\u00f3 th\u1ec3 cung c\u1ea5p d\u1ea1ng tr\u01a1n ho\u1eb7c c\u00f3 l\u1edbp l\u00f3t d\u00ednh.<\/p>\n","protected":false},"featured_media":715,"comment_status":"closed","ping_status":"open","template":"","meta":[],"product_brand":[],"product_cat":[23,114,35],"product_tag":[],"class_list":{"0":"post-714","1":"product","2":"type-product","3":"status-publish","4":"has-post-thumbnail","6":"product_cat-gaskets-flexible-joints-flanges","7":"product_cat-klingercompression-packing","8":"product_cat-supply","10":"first","11":"instock","12":"product-type-simple"},"yoast_head":"<!-- This site is optimized with the Yoast SEO Premium plugin v25.9 (Yoast SEO v25.9) - https:\/\/yoast.com\/wordpress\/plugins\/seo\/ -->\n<title>Style K35 Tape - Mog.com.vn<\/title>\n<meta name=\"robots\" content=\"index, follow, max-snippet:-1, max-image-preview:large, max-video-preview:-1\" \/>\n<link rel=\"canonical\" href=\"https:\/\/mog.com.vn\/product\/style-k35-tape\/\" \/>\n<meta property=\"og:locale\" content=\"vi_VN\" \/>\n<meta property=\"og:type\" content=\"article\" \/>\n<meta property=\"og:title\" content=\"[:vi]Style K35 Tape[:en]Style K35 Tape[:ja]\u30bf\u30a4\u30d7 K35 \u30c6\u30fc\u30d7[:kr]\uc2a4\ud0c0\uc77c K35 \ud14c\uc774\ud504[:]\" \/>\n<meta property=\"og:description\" content=\"[:vi]B\u0103ng keo graphite t\u00e1ch l\u1edbp \u1ee8ng d\u1ee5ng H\u1ea7u nh\u01b0 ch\u1ed1ng l\u1ea1i m\u1ecdi lo\u1ea1i m\u00f4i tr\u01b0\u1eddng ngo\u1ea1i tr\u1eeb ch\u1ea5t oxy h\u00f3a m\u1ea1nh. C\u00f3 th\u1ec3 l\u1eafp tr\u1ef1c ti\u1ebfp v\u00e0o h\u1ed9p nh\u1ed3i van v\u00e0 n\u00e9n l\u1ea1i \u0111\u1ec3 t\u1ea1o th\u00e0nh v\u1eadt li\u1ec7u \u0111\u00f3ng g\u00f3i ph\u00f9 h\u1ee3p cho c\u00e1c \u1ee9ng d\u1ee5ng nhi\u1ec7t \u0111\u1ed9 v\u00e0 \u00e1p su\u1ea5t cao. C\u00f3 th\u1ec3 cung c\u1ea5p d\u1ea1ng tr\u01a1n ho\u1eb7c c\u00f3 l\u1edbp l\u00f3t d\u00ednh.[:en]Material Exfoliated graphite riffled tape Application Virtually resistant to all media with the exception of strong oxidisers. Can be fitted directly into the valve stuffing box and compressed to create a packing suitable for high temperature and pressure applications. Can be supplied plain or with adhesive backing.[:ja]\u6750\u6599 \u5c64\u72b6\u30b0\u30e9\u30d5\u30a1\u30a4\u30c8\u30c6\u30fc\u30d7 \u7528\u9014 \u5f37\u529b\u306a\u9178\u5316\u5264\u3092\u9664\u304f\u307b\u3068\u3093\u3069\u306e\u74b0\u5883\u306b\u8010\u6027\u304c\u3042\u308a\u307e\u3059\u3002\u30d0\u30eb\u30d6\u306e\u30b0\u30e9\u30f3\u30c9\u30d1\u30c3\u30ad\u30f3\u306b\u76f4\u63a5\u53d6\u308a\u4ed8\u3051\u3066\u5727\u7e2e\u3059\u308b\u3053\u3068\u3067\u3001\u9ad8\u6e29\u30fb\u9ad8\u5727\u306e\u7528\u9014\u306b\u9069\u3057\u305f\u30d1\u30c3\u30ad\u30f3\u30b0\u6750\u3092\u5f62\u6210\u3067\u304d\u307e\u3059\u3002\u30b9\u30e0\u30fc\u30ba\u307e\u305f\u306f\u7c98\u7740\u30e9\u30a4\u30ca\u30fc\u4ed8\u304d\u3067\u63d0\u4f9b\u53ef\u80fd\u3002[:kr]\uc7ac\ub8cc \ubc15\ub9ac\ub41c \ud751\uc5f0 \uc8fc\ub984 \ud14c\uc774\ud504 \uc791\uc6a9 \ubd84\uc57c \uac15\ud55c \uc0b0\ud654\uc81c\ub97c \uc81c\uc678\ud55c \ubaa8\ub4e0 \ub9e4\uccb4\uc5d0 \ub300\ud574 \uc0ac\uc2e4\uc0c1 \uc800\ud56d\ub825\uc774 \uc788\uc2b5\ub2c8\ub2e4. \ubc38\ube0c \uc2a4\ud130\ud551 \ubc15\uc2a4\uc5d0 \uc9c1\uc811 \uc7a5\ucc29\ud558\uace0 \uc555\ucd95\ud558\uc5ec \uace0\uc628 \ubc0f \uace0\uc555 \uc751\uc6a9 \ubd84\uc57c\uc5d0 \uc801\ud569\ud55c \ud328\ud0b9\uc744 \ub9cc\ub4e4 \uc218 \uc788\uc2b5\ub2c8\ub2e4. \uc77c\ubc18 \ub610\ub294 \uc811\ucc29\uc2dd \ub4b7\uba74\uc73c\ub85c \uc81c\uacf5\ub420 \uc218 \uc788\uc2b5\ub2c8\ub2e4.[:]\" \/>\n<meta property=\"og:url\" content=\"https:\/\/mog.com.vn\/product\/style-k35-tape\/\" \/>\n<meta property=\"og:site_name\" content=\"Mog.com.vn\" \/>\n<meta property=\"article:modified_time\" content=\"2025-04-12T18:27:19+00:00\" \/>\n<meta property=\"og:image\" content=\"https:\/\/mog.com.vn\/wp-content\/uploads\/2025\/04\/style-k35-tape.jpg\" \/>\n\t<meta property=\"og:image:width\" content=\"1000\" \/>\n\t<meta property=\"og:image:height\" content=\"1000\" \/>\n\t<meta property=\"og:image:type\" content=\"image\/jpeg\" \/>\n<meta name=\"twitter:card\" content=\"summary_large_image\" \/>\n<meta name=\"twitter:label1\" content=\"\u01af\u1edbc t\u00ednh th\u1eddi gian \u0111\u1ecdc\" \/>\n\t<meta name=\"twitter:data1\" content=\"1 ph\u00fat\" \/>\n<script type=\"application\/ld+json\" class=\"yoast-schema-graph\">{\"@context\":\"https:\/\/schema.org\",\"@graph\":[{\"@type\":\"WebPage\",\"@id\":\"https:\/\/mog.com.vn\/product\/style-k35-tape\/\",\"url\":\"https:\/\/mog.com.vn\/product\/style-k35-tape\/\",\"name\":\"[:vi]Style K35 Tape[:en]Style K35 Tape[:ja]\u30bf\u30a4\u30d7 K35 \u30c6\u30fc\u30d7[:kr]\uc2a4\ud0c0\uc77c K35 \ud14c\uc774\ud504[:] - Mog.com.vn\",\"isPartOf\":{\"@id\":\"https:\/\/mog.com.vn\/#website\"},\"primaryImageOfPage\":{\"@id\":\"https:\/\/mog.com.vn\/product\/style-k35-tape\/#primaryimage\"},\"image\":{\"@id\":\"https:\/\/mog.com.vn\/product\/style-k35-tape\/#primaryimage\"},\"thumbnailUrl\":\"https:\/\/mog.com.vn\/wp-content\/uploads\/2025\/04\/style-k35-tape.jpg\",\"datePublished\":\"2025-04-12T17:12:15+00:00\",\"dateModified\":\"2025-04-12T18:27:19+00:00\",\"breadcrumb\":{\"@id\":\"https:\/\/mog.com.vn\/product\/style-k35-tape\/#breadcrumb\"},\"inLanguage\":\"vi\",\"potentialAction\":[{\"@type\":\"ReadAction\",\"target\":[\"https:\/\/mog.com.vn\/product\/style-k35-tape\/\"]}]},{\"@type\":\"ImageObject\",\"inLanguage\":\"vi\",\"@id\":\"https:\/\/mog.com.vn\/product\/style-k35-tape\/#primaryimage\",\"url\":\"https:\/\/mog.com.vn\/wp-content\/uploads\/2025\/04\/style-k35-tape.jpg\",\"contentUrl\":\"https:\/\/mog.com.vn\/wp-content\/uploads\/2025\/04\/style-k35-tape.jpg\",\"width\":1000,\"height\":1000},{\"@type\":\"BreadcrumbList\",\"@id\":\"https:\/\/mog.com.vn\/product\/style-k35-tape\/#breadcrumb\",\"itemListElement\":[{\"@type\":\"ListItem\",\"position\":1,\"name\":\"Home\",\"item\":\"https:\/\/mog.com.vn\/\"},{\"@type\":\"ListItem\",\"position\":2,\"name\":\"Shop\",\"item\":\"https:\/\/mog.com.vn\/shop\/\"},{\"@type\":\"ListItem\",\"position\":3,\"name\":\"Style K35 Tape\"}]},{\"@type\":\"WebSite\",\"@id\":\"https:\/\/mog.com.vn\/#website\",\"url\":\"https:\/\/mog.com.vn\/\",\"name\":\"Mog.com.vn\",\"description\":\"FLOW Control Solutions\",\"publisher\":{\"@id\":\"https:\/\/mog.com.vn\/#organization\"},\"potentialAction\":[{\"@type\":\"SearchAction\",\"target\":{\"@type\":\"EntryPoint\",\"urlTemplate\":\"https:\/\/mog.com.vn\/?s={search_term_string}\"},\"query-input\":{\"@type\":\"PropertyValueSpecification\",\"valueRequired\":true,\"valueName\":\"search_term_string\"}}],\"inLanguage\":\"vi\"},{\"@type\":\"Organization\",\"@id\":\"https:\/\/mog.com.vn\/#organization\",\"name\":\"Mog.com.vn\",\"url\":\"https:\/\/mog.com.vn\/\",\"logo\":{\"@type\":\"ImageObject\",\"inLanguage\":\"vi\",\"@id\":\"https:\/\/mog.com.vn\/#\/schema\/logo\/image\/\",\"url\":\"https:\/\/mog.com.vn\/wp-content\/uploads\/2025\/10\/Logo-MOG.jpg\",\"contentUrl\":\"https:\/\/mog.com.vn\/wp-content\/uploads\/2025\/10\/Logo-MOG.jpg\",\"width\":755,\"height\":230,\"caption\":\"Mog.com.vn\"},\"image\":{\"@id\":\"https:\/\/mog.com.vn\/#\/schema\/logo\/image\/\"},\"description\":\"Gi\u1ea3i ph\u00e1p C\u01a1 kh\u00ed ch\u00ednh x\u00e1c & Van c\u00f4ng nghi\u1ec7p to\u00e0n di\u1ec7n cho doanh nghi\u1ec7p c\u1ee7a b\u1ea1n.\",\"email\":\"giacongcokhimog@gmail.com\",\"telephone\":\"090 311 4883\"}]}<\/script>\n<!-- \/ Yoast SEO Premium plugin. -->","yoast_head_json":{"title":"[:vi]Style K35 Tape[:en]Style K35 Tape[:ja]\u30bf\u30a4\u30d7 K35 \u30c6\u30fc\u30d7[:kr]\uc2a4\ud0c0\uc77c K35 \ud14c\uc774\ud504[:] - Mog.com.vn","robots":{"index":"index","follow":"follow","max-snippet":"max-snippet:-1","max-image-preview":"max-image-preview:large","max-video-preview":"max-video-preview:-1"},"canonical":"https:\/\/mog.com.vn\/product\/style-k35-tape\/","og_locale":"vi_VN","og_type":"article","og_title":"[:vi]Style K35 Tape[:en]Style K35 Tape[:ja]\u30bf\u30a4\u30d7 K35 \u30c6\u30fc\u30d7[:kr]\uc2a4\ud0c0\uc77c K35 \ud14c\uc774\ud504[:]","og_description":"[:vi]B\u0103ng keo graphite t\u00e1ch l\u1edbp \u1ee8ng d\u1ee5ng H\u1ea7u nh\u01b0 ch\u1ed1ng l\u1ea1i m\u1ecdi lo\u1ea1i m\u00f4i tr\u01b0\u1eddng ngo\u1ea1i tr\u1eeb ch\u1ea5t oxy h\u00f3a m\u1ea1nh. C\u00f3 th\u1ec3 l\u1eafp tr\u1ef1c ti\u1ebfp v\u00e0o h\u1ed9p nh\u1ed3i van v\u00e0 n\u00e9n l\u1ea1i \u0111\u1ec3 t\u1ea1o th\u00e0nh v\u1eadt li\u1ec7u \u0111\u00f3ng g\u00f3i ph\u00f9 h\u1ee3p cho c\u00e1c \u1ee9ng d\u1ee5ng nhi\u1ec7t \u0111\u1ed9 v\u00e0 \u00e1p su\u1ea5t cao. C\u00f3 th\u1ec3 cung c\u1ea5p d\u1ea1ng tr\u01a1n ho\u1eb7c c\u00f3 l\u1edbp l\u00f3t d\u00ednh.[:en]Material Exfoliated graphite riffled tape Application Virtually resistant to all media with the exception of strong oxidisers. Can be fitted directly into the valve stuffing box and compressed to create a packing suitable for high temperature and pressure applications. Can be supplied plain or with adhesive backing.[:ja]\u6750\u6599 \u5c64\u72b6\u30b0\u30e9\u30d5\u30a1\u30a4\u30c8\u30c6\u30fc\u30d7 \u7528\u9014 \u5f37\u529b\u306a\u9178\u5316\u5264\u3092\u9664\u304f\u307b\u3068\u3093\u3069\u306e\u74b0\u5883\u306b\u8010\u6027\u304c\u3042\u308a\u307e\u3059\u3002\u30d0\u30eb\u30d6\u306e\u30b0\u30e9\u30f3\u30c9\u30d1\u30c3\u30ad\u30f3\u306b\u76f4\u63a5\u53d6\u308a\u4ed8\u3051\u3066\u5727\u7e2e\u3059\u308b\u3053\u3068\u3067\u3001\u9ad8\u6e29\u30fb\u9ad8\u5727\u306e\u7528\u9014\u306b\u9069\u3057\u305f\u30d1\u30c3\u30ad\u30f3\u30b0\u6750\u3092\u5f62\u6210\u3067\u304d\u307e\u3059\u3002\u30b9\u30e0\u30fc\u30ba\u307e\u305f\u306f\u7c98\u7740\u30e9\u30a4\u30ca\u30fc\u4ed8\u304d\u3067\u63d0\u4f9b\u53ef\u80fd\u3002[:kr]\uc7ac\ub8cc \ubc15\ub9ac\ub41c \ud751\uc5f0 \uc8fc\ub984 \ud14c\uc774\ud504 \uc791\uc6a9 \ubd84\uc57c \uac15\ud55c \uc0b0\ud654\uc81c\ub97c \uc81c\uc678\ud55c \ubaa8\ub4e0 \ub9e4\uccb4\uc5d0 \ub300\ud574 \uc0ac\uc2e4\uc0c1 \uc800\ud56d\ub825\uc774 \uc788\uc2b5\ub2c8\ub2e4. \ubc38\ube0c \uc2a4\ud130\ud551 \ubc15\uc2a4\uc5d0 \uc9c1\uc811 \uc7a5\ucc29\ud558\uace0 \uc555\ucd95\ud558\uc5ec \uace0\uc628 \ubc0f \uace0\uc555 \uc751\uc6a9 \ubd84\uc57c\uc5d0 \uc801\ud569\ud55c \ud328\ud0b9\uc744 \ub9cc\ub4e4 \uc218 \uc788\uc2b5\ub2c8\ub2e4. \uc77c\ubc18 \ub610\ub294 \uc811\ucc29\uc2dd \ub4b7\uba74\uc73c\ub85c \uc81c\uacf5\ub420 \uc218 \uc788\uc2b5\ub2c8\ub2e4.[:]","og_url":"https:\/\/mog.com.vn\/product\/style-k35-tape\/","og_site_name":"Mog.com.vn","article_modified_time":"2025-04-12T18:27:19+00:00","og_image":[{"width":1000,"height":1000,"url":"https:\/\/mog.com.vn\/wp-content\/uploads\/2025\/04\/style-k35-tape.jpg","type":"image\/jpeg"}],"twitter_card":"summary_large_image","twitter_misc":{"\u01af\u1edbc t\u00ednh th\u1eddi gian \u0111\u1ecdc":"1 ph\u00fat"},"schema":{"@context":"https:\/\/schema.org","@graph":[{"@type":"WebPage","@id":"https:\/\/mog.com.vn\/product\/style-k35-tape\/","url":"https:\/\/mog.com.vn\/product\/style-k35-tape\/","name":"[:vi]Style K35 Tape[:en]Style K35 Tape[:ja]\u30bf\u30a4\u30d7 K35 \u30c6\u30fc\u30d7[:kr]\uc2a4\ud0c0\uc77c K35 \ud14c\uc774\ud504[:] - Mog.com.vn","isPartOf":{"@id":"https:\/\/mog.com.vn\/#website"},"primaryImageOfPage":{"@id":"https:\/\/mog.com.vn\/product\/style-k35-tape\/#primaryimage"},"image":{"@id":"https:\/\/mog.com.vn\/product\/style-k35-tape\/#primaryimage"},"thumbnailUrl":"https:\/\/mog.com.vn\/wp-content\/uploads\/2025\/04\/style-k35-tape.jpg","datePublished":"2025-04-12T17:12:15+00:00","dateModified":"2025-04-12T18:27:19+00:00","breadcrumb":{"@id":"https:\/\/mog.com.vn\/product\/style-k35-tape\/#breadcrumb"},"inLanguage":"vi","potentialAction":[{"@type":"ReadAction","target":["https:\/\/mog.com.vn\/product\/style-k35-tape\/"]}]},{"@type":"ImageObject","inLanguage":"vi","@id":"https:\/\/mog.com.vn\/product\/style-k35-tape\/#primaryimage","url":"https:\/\/mog.com.vn\/wp-content\/uploads\/2025\/04\/style-k35-tape.jpg","contentUrl":"https:\/\/mog.com.vn\/wp-content\/uploads\/2025\/04\/style-k35-tape.jpg","width":1000,"height":1000},{"@type":"BreadcrumbList","@id":"https:\/\/mog.com.vn\/product\/style-k35-tape\/#breadcrumb","itemListElement":[{"@type":"ListItem","position":1,"name":"Home","item":"https:\/\/mog.com.vn\/"},{"@type":"ListItem","position":2,"name":"Shop","item":"https:\/\/mog.com.vn\/shop\/"},{"@type":"ListItem","position":3,"name":"Style K35 Tape"}]},{"@type":"WebSite","@id":"https:\/\/mog.com.vn\/#website","url":"https:\/\/mog.com.vn\/","name":"Mog.com.vn","description":"FLOW Control Solutions","publisher":{"@id":"https:\/\/mog.com.vn\/#organization"},"potentialAction":[{"@type":"SearchAction","target":{"@type":"EntryPoint","urlTemplate":"https:\/\/mog.com.vn\/?s={search_term_string}"},"query-input":{"@type":"PropertyValueSpecification","valueRequired":true,"valueName":"search_term_string"}}],"inLanguage":"vi"},{"@type":"Organization","@id":"https:\/\/mog.com.vn\/#organization","name":"Mog.com.vn","url":"https:\/\/mog.com.vn\/","logo":{"@type":"ImageObject","inLanguage":"vi","@id":"https:\/\/mog.com.vn\/#\/schema\/logo\/image\/","url":"https:\/\/mog.com.vn\/wp-content\/uploads\/2025\/10\/Logo-MOG.jpg","contentUrl":"https:\/\/mog.com.vn\/wp-content\/uploads\/2025\/10\/Logo-MOG.jpg","width":755,"height":230,"caption":"Mog.com.vn"},"image":{"@id":"https:\/\/mog.com.vn\/#\/schema\/logo\/image\/"},"description":"Gi\u1ea3i ph\u00e1p C\u01a1 kh\u00ed ch\u00ednh x\u00e1c & Van c\u00f4ng nghi\u1ec7p to\u00e0n di\u1ec7n cho doanh nghi\u1ec7p c\u1ee7a b\u1ea1n.","email":"giacongcokhimog@gmail.com","telephone":"090 311 4883"}]}},"_links":{"self":[{"href":"https:\/\/mog.com.vn\/vi\/wp-json\/wp\/v2\/product\/714","targetHints":{"allow":["GET"]}}],"collection":[{"href":"https:\/\/mog.com.vn\/vi\/wp-json\/wp\/v2\/product"}],"about":[{"href":"https:\/\/mog.com.vn\/vi\/wp-json\/wp\/v2\/types\/product"}],"replies":[{"embeddable":true,"href":"https:\/\/mog.com.vn\/vi\/wp-json\/wp\/v2\/comments?post=714"}],"wp:featuredmedia":[{"embeddable":true,"href":"https:\/\/mog.com.vn\/vi\/wp-json\/wp\/v2\/media\/715"}],"wp:attachment":[{"href":"https:\/\/mog.com.vn\/vi\/wp-json\/wp\/v2\/media?parent=714"}],"wp:term":[{"taxonomy":"product_brand","embeddable":true,"href":"https:\/\/mog.com.vn\/vi\/wp-json\/wp\/v2\/product_brand?post=714"},{"taxonomy":"product_cat","embeddable":true,"href":"https:\/\/mog.com.vn\/vi\/wp-json\/wp\/v2\/product_cat?post=714"},{"taxonomy":"product_tag","embeddable":true,"href":"https:\/\/mog.com.vn\/vi\/wp-json\/wp\/v2\/product_tag?post=714"}],"curies":[{"name":"wp","href":"https:\/\/api.w.org\/{rel}","templated":true}]}}