{"id":816,"date":"2025-04-13T15:37:29","date_gmt":"2025-04-13T15:37:29","guid":{"rendered":"https:\/\/mog.com.vn\/renew\/?post_type=product&#038;p=816"},"modified":"2025-05-22T03:59:56","modified_gmt":"2025-05-22T03:59:56","slug":"816","status":"publish","type":"product","link":"https:\/\/mog.com.vn\/vi\/product\/816\/","title":{"rendered":"Van bi"},"content":{"rendered":"<h3>T\u00cdNH N\u0102NG<\/h3>\n<ul>\n<li>Thi\u1ebft k\u1ebf kh\u00f3a tuy\u1ec7t v\u1eddi v\u00e0 \u0111\u01b0\u1eddng d\u1eabn d\u00f2ng ch\u1ea3y kh\u00f4ng b\u1ecb c\u1ea3n tr\u1edf<\/li>\n<li>Van bi \u0111\u01b0\u1ee3c thi\u1ebft k\u1ebf v\u00e0 trang b\u1ecb th\u00e2n van ch\u1ed1ng n\u1ed5, m\u00f4-men xo\u1eafn th\u1ea5p v\u00e0 \u1ed5n \u0111\u1ecbnh, v\u00e0 b\u1ec1 m\u1eb7t l\u1eafp \u0111\u1eb7t theo ti\u00eau chu\u1ea9n ISO 5211<\/li>\n<li>M\u1ed7i van bi \u0111\u1ec1u c\u00f3 s\u1ed1 th\u1ebb \u0111\u1ed9c l\u1eadp \u0111\u1ec3 theo d\u00f5i c\u00e1c t\u00e0i li\u1ec7u v\u1ec1 v\u1eadt li\u1ec7u, m\u00f4-men xo\u1eafn v\u00e0 b\u00e1o c\u00e1o ki\u1ec3m tra<\/li>\n<li>\u0110\u1ea3m b\u1ea3o ki\u1ec3m tra r\u00f2 r\u1ec9 th\u1ee7y l\u1ef1c 100% tr\u01b0\u1edbc khi ph\u00e1t h\u00e0nh<\/li>\n<li>Thi\u1ebft k\u1ebf ch\u1ed1ng t\u0129nh \u0111i\u1ec7n t\u1eeb bi \u0111\u1ebfn th\u00e2n van v\u00e0 th\u00e2n van<\/li>\n<li>Thi\u1ebft k\u1ebf an to\u00e0n ch\u00e1y n\u1ed5, hai chi\u1ec1u, th\u00e2n van chia hai m\u1ea3nh, lo\u1ea1i n\u1ed5i<\/li>\n<\/ul>\n<h3>TH\u00d4NG S\u1ed0 K\u1ef8 THU\u1eacT<\/h3>\n<ul>\n<li>K\u1ebft n\u1ed1i th\u00e2n: Ki\u1ec3u b\u00edch<\/li>\n<li>\u0110\u1ed9 d\u00e0y v\u1ecf th\u00e2n: ASME B16.34<\/li>\n<li>L\u1eafp \u0111\u1eb7t: ISO 5211<\/li>\n<li>Thi\u1ebft k\u1ebf &amp; \u00c1p su\u1ea5t: API 6D, API 608, ASME B16.34<\/li>\n<li>\u0110\u1ed1i di\u1ec7n: ANSI B16.10<\/li>\n<li>Ki\u1ec3m tra v\u00e0 th\u1eed nghi\u1ec7m: API 6D, API 598<\/li>\n<li>L\u1edbp r\u00f2 r\u1ec9: ISO 5208 t\u1ef7 l\u1ec7 A<\/li>\n<li>Khoan b\u00edch: ASME B16.5 150LB\/300LB, JIS 10K\/16K<\/li>\n<\/ul>\n<h3>\u1ee8NG D\u1ee4NG<\/h3>\n<div>Ph\u00f9 h\u1ee3p cho D\u1ea7u kh\u00ed v\u00e0 L\u1ecdc d\u1ea7u, H\u00f3a ch\u1ea5t, \u0110i\u1ec7n v\u00e0 N\u0103ng l\u01b0\u1ee3ng, Nh\u00e0 m\u00e1y th\u00e9p, Ng\u00e0nh khai kho\u00e1ng<\/div>","protected":false},"excerpt":{"rendered":"<p>Th\u00f4ng s\u1ed1 k\u1ef9 thu\u1eadt:<br \/>\nK\u00edch th\u01b0\u1edbc: 1\/2\u201d~12\u201d(15 mm ~300mm)<br \/>\nPh\u1ea1m vi nhi\u1ec7t \u0111\u1ed9: -29\u2103~210 \u2103 (20\u2109~410\u2109)<br \/>\nX\u1ebfp h\u1ea1ng \u00e1p su\u1ea5t: VF-BF1: ANSI 150LB, PN10\/16\/25\uff1b VF-BF3: ANSI 300LB, PN40<\/p>\n","protected":false},"featured_media":817,"comment_status":"open","ping_status":"closed","template":"","meta":[],"product_brand":[],"product_cat":[120,35,61],"product_tag":[],"class_list":{"0":"post-816","1":"product","2":"type-product","3":"status-publish","4":"has-post-thumbnail","6":"product_cat-ball-valves","7":"product_cat-supply","8":"product_cat-valves-actuators","10":"first","11":"instock","12":"shipping-taxable","13":"product-type-simple"},"yoast_head":"<!-- This site is optimized with the Yoast SEO Premium plugin v25.9 (Yoast SEO v25.9) - https:\/\/yoast.com\/wordpress\/plugins\/seo\/ -->\n<title>Van bi - Mog.com.vn<\/title>\n<meta name=\"robots\" content=\"index, follow, max-snippet:-1, max-image-preview:large, max-video-preview:-1\" \/>\n<link rel=\"canonical\" href=\"https:\/\/mog.com.vn\/vi\/product\/816\/\" \/>\n<meta property=\"og:locale\" content=\"vi_VN\" \/>\n<meta property=\"og:type\" content=\"article\" \/>\n<meta property=\"og:title\" content=\"[:en]Ball Valves[:vi]Van bi[:]\" \/>\n<meta property=\"og:description\" content=\"[:en]Th\u00f4ng s\u1ed1 k\u1ef9 thu\u1eadt: K\u00edch th\u01b0\u1edbc: 1\/2\u201d~12\u201d(15 mm ~300mm) Ph\u1ea1m vi nhi\u1ec7t \u0111\u1ed9: -29\u2103~210 \u2103 (20\u2109~410\u2109) X\u1ebfp h\u1ea1ng \u00e1p su\u1ea5t: VF-BF1: ANSI 150LB, PN10\/16\/25\uff1b VF-BF3: ANSI 300LB, PN40  &nbsp;  &nbsp;[:vi]Th\u00f4ng s\u1ed1 k\u1ef9 thu\u1eadt: K\u00edch th\u01b0\u1edbc: 1\/2\u201d~12\u201d(15 mm ~300mm) Ph\u1ea1m vi nhi\u1ec7t \u0111\u1ed9: -29\u2103~210 \u2103 (20\u2109~410\u2109) X\u1ebfp h\u1ea1ng \u00e1p su\u1ea5t: VF-BF1: ANSI 150LB, PN10\/16\/25\uff1b VF-BF3: ANSI 300LB, PN40[:]\" \/>\n<meta property=\"og:url\" content=\"https:\/\/mog.com.vn\/vi\/product\/816\/\" \/>\n<meta property=\"og:site_name\" content=\"Mog.com.vn\" \/>\n<meta property=\"article:modified_time\" content=\"2025-05-22T03:59:56+00:00\" \/>\n<meta property=\"og:image\" content=\"https:\/\/mog.com.vn\/wp-content\/uploads\/2025\/04\/20190813152417.jpg\" \/>\n\t<meta property=\"og:image:width\" content=\"576\" \/>\n\t<meta property=\"og:image:height\" content=\"882\" \/>\n\t<meta property=\"og:image:type\" content=\"image\/jpeg\" \/>\n<meta name=\"twitter:card\" content=\"summary_large_image\" \/>\n<meta name=\"twitter:label1\" content=\"\u01af\u1edbc t\u00ednh th\u1eddi gian \u0111\u1ecdc\" \/>\n\t<meta name=\"twitter:data1\" content=\"3 ph\u00fat\" \/>\n<script type=\"application\/ld+json\" class=\"yoast-schema-graph\">{\"@context\":\"https:\/\/schema.org\",\"@graph\":[{\"@type\":\"WebPage\",\"@id\":\"https:\/\/mog.com.vn\/vi\/product\/816\/\",\"url\":\"https:\/\/mog.com.vn\/vi\/product\/816\/\",\"name\":\"[:en]Ball Valves[:vi]Van bi[:] - Mog.com.vn\",\"isPartOf\":{\"@id\":\"https:\/\/mog.com.vn\/#website\"},\"primaryImageOfPage\":{\"@id\":\"https:\/\/mog.com.vn\/vi\/product\/816\/#primaryimage\"},\"image\":{\"@id\":\"https:\/\/mog.com.vn\/vi\/product\/816\/#primaryimage\"},\"thumbnailUrl\":\"https:\/\/mog.com.vn\/wp-content\/uploads\/2025\/04\/20190813152417.jpg\",\"datePublished\":\"2025-04-13T15:37:29+00:00\",\"dateModified\":\"2025-05-22T03:59:56+00:00\",\"breadcrumb\":{\"@id\":\"https:\/\/mog.com.vn\/vi\/product\/816\/#breadcrumb\"},\"inLanguage\":\"vi\",\"potentialAction\":[{\"@type\":\"ReadAction\",\"target\":[\"https:\/\/mog.com.vn\/vi\/product\/816\/\"]}]},{\"@type\":\"ImageObject\",\"inLanguage\":\"vi\",\"@id\":\"https:\/\/mog.com.vn\/vi\/product\/816\/#primaryimage\",\"url\":\"https:\/\/mog.com.vn\/wp-content\/uploads\/2025\/04\/20190813152417.jpg\",\"contentUrl\":\"https:\/\/mog.com.vn\/wp-content\/uploads\/2025\/04\/20190813152417.jpg\",\"width\":576,\"height\":882},{\"@type\":\"BreadcrumbList\",\"@id\":\"https:\/\/mog.com.vn\/vi\/product\/816\/#breadcrumb\",\"itemListElement\":[{\"@type\":\"ListItem\",\"position\":1,\"name\":\"Home\",\"item\":\"https:\/\/mog.com.vn\/\"},{\"@type\":\"ListItem\",\"position\":2,\"name\":\"Shop\",\"item\":\"https:\/\/mog.com.vn\/shop\/\"},{\"@type\":\"ListItem\",\"position\":3,\"name\":\"Van bi\"}]},{\"@type\":\"WebSite\",\"@id\":\"https:\/\/mog.com.vn\/#website\",\"url\":\"https:\/\/mog.com.vn\/\",\"name\":\"Mog.com.vn\",\"description\":\"FLOW Control Solutions\",\"publisher\":{\"@id\":\"https:\/\/mog.com.vn\/#organization\"},\"potentialAction\":[{\"@type\":\"SearchAction\",\"target\":{\"@type\":\"EntryPoint\",\"urlTemplate\":\"https:\/\/mog.com.vn\/?s={search_term_string}\"},\"query-input\":{\"@type\":\"PropertyValueSpecification\",\"valueRequired\":true,\"valueName\":\"search_term_string\"}}],\"inLanguage\":\"vi\"},{\"@type\":\"Organization\",\"@id\":\"https:\/\/mog.com.vn\/#organization\",\"name\":\"Mog.com.vn\",\"url\":\"https:\/\/mog.com.vn\/\",\"logo\":{\"@type\":\"ImageObject\",\"inLanguage\":\"vi\",\"@id\":\"https:\/\/mog.com.vn\/#\/schema\/logo\/image\/\",\"url\":\"https:\/\/mog.com.vn\/wp-content\/uploads\/2025\/10\/Logo-MOG.jpg\",\"contentUrl\":\"https:\/\/mog.com.vn\/wp-content\/uploads\/2025\/10\/Logo-MOG.jpg\",\"width\":755,\"height\":230,\"caption\":\"Mog.com.vn\"},\"image\":{\"@id\":\"https:\/\/mog.com.vn\/#\/schema\/logo\/image\/\"},\"description\":\"Gi\u1ea3i ph\u00e1p C\u01a1 kh\u00ed ch\u00ednh x\u00e1c & Van c\u00f4ng nghi\u1ec7p to\u00e0n di\u1ec7n cho doanh nghi\u1ec7p c\u1ee7a b\u1ea1n.\",\"email\":\"giacongcokhimog@gmail.com\",\"telephone\":\"090 311 4883\"}]}<\/script>\n<!-- \/ Yoast SEO Premium plugin. -->","yoast_head_json":{"title":"[:en]Ball Valves[:vi]Van bi[:] - Mog.com.vn","robots":{"index":"index","follow":"follow","max-snippet":"max-snippet:-1","max-image-preview":"max-image-preview:large","max-video-preview":"max-video-preview:-1"},"canonical":"https:\/\/mog.com.vn\/vi\/product\/816\/","og_locale":"vi_VN","og_type":"article","og_title":"[:en]Ball Valves[:vi]Van bi[:]","og_description":"[:en]Th\u00f4ng s\u1ed1 k\u1ef9 thu\u1eadt: K\u00edch th\u01b0\u1edbc: 1\/2\u201d~12\u201d(15 mm ~300mm) Ph\u1ea1m vi nhi\u1ec7t \u0111\u1ed9: -29\u2103~210 \u2103 (20\u2109~410\u2109) X\u1ebfp h\u1ea1ng \u00e1p su\u1ea5t: VF-BF1: ANSI 150LB, PN10\/16\/25\uff1b VF-BF3: ANSI 300LB, PN40  &nbsp;  &nbsp;[:vi]Th\u00f4ng s\u1ed1 k\u1ef9 thu\u1eadt: K\u00edch th\u01b0\u1edbc: 1\/2\u201d~12\u201d(15 mm ~300mm) Ph\u1ea1m vi nhi\u1ec7t \u0111\u1ed9: -29\u2103~210 \u2103 (20\u2109~410\u2109) X\u1ebfp h\u1ea1ng \u00e1p su\u1ea5t: VF-BF1: ANSI 150LB, PN10\/16\/25\uff1b VF-BF3: ANSI 300LB, PN40[:]","og_url":"https:\/\/mog.com.vn\/vi\/product\/816\/","og_site_name":"Mog.com.vn","article_modified_time":"2025-05-22T03:59:56+00:00","og_image":[{"width":576,"height":882,"url":"https:\/\/mog.com.vn\/wp-content\/uploads\/2025\/04\/20190813152417.jpg","type":"image\/jpeg"}],"twitter_card":"summary_large_image","twitter_misc":{"\u01af\u1edbc t\u00ednh th\u1eddi gian \u0111\u1ecdc":"3 ph\u00fat"},"schema":{"@context":"https:\/\/schema.org","@graph":[{"@type":"WebPage","@id":"https:\/\/mog.com.vn\/vi\/product\/816\/","url":"https:\/\/mog.com.vn\/vi\/product\/816\/","name":"[:en]Ball Valves[:vi]Van bi[:] - Mog.com.vn","isPartOf":{"@id":"https:\/\/mog.com.vn\/#website"},"primaryImageOfPage":{"@id":"https:\/\/mog.com.vn\/vi\/product\/816\/#primaryimage"},"image":{"@id":"https:\/\/mog.com.vn\/vi\/product\/816\/#primaryimage"},"thumbnailUrl":"https:\/\/mog.com.vn\/wp-content\/uploads\/2025\/04\/20190813152417.jpg","datePublished":"2025-04-13T15:37:29+00:00","dateModified":"2025-05-22T03:59:56+00:00","breadcrumb":{"@id":"https:\/\/mog.com.vn\/vi\/product\/816\/#breadcrumb"},"inLanguage":"vi","potentialAction":[{"@type":"ReadAction","target":["https:\/\/mog.com.vn\/vi\/product\/816\/"]}]},{"@type":"ImageObject","inLanguage":"vi","@id":"https:\/\/mog.com.vn\/vi\/product\/816\/#primaryimage","url":"https:\/\/mog.com.vn\/wp-content\/uploads\/2025\/04\/20190813152417.jpg","contentUrl":"https:\/\/mog.com.vn\/wp-content\/uploads\/2025\/04\/20190813152417.jpg","width":576,"height":882},{"@type":"BreadcrumbList","@id":"https:\/\/mog.com.vn\/vi\/product\/816\/#breadcrumb","itemListElement":[{"@type":"ListItem","position":1,"name":"Home","item":"https:\/\/mog.com.vn\/"},{"@type":"ListItem","position":2,"name":"Shop","item":"https:\/\/mog.com.vn\/shop\/"},{"@type":"ListItem","position":3,"name":"Van bi"}]},{"@type":"WebSite","@id":"https:\/\/mog.com.vn\/#website","url":"https:\/\/mog.com.vn\/","name":"Mog.com.vn","description":"FLOW Control Solutions","publisher":{"@id":"https:\/\/mog.com.vn\/#organization"},"potentialAction":[{"@type":"SearchAction","target":{"@type":"EntryPoint","urlTemplate":"https:\/\/mog.com.vn\/?s={search_term_string}"},"query-input":{"@type":"PropertyValueSpecification","valueRequired":true,"valueName":"search_term_string"}}],"inLanguage":"vi"},{"@type":"Organization","@id":"https:\/\/mog.com.vn\/#organization","name":"Mog.com.vn","url":"https:\/\/mog.com.vn\/","logo":{"@type":"ImageObject","inLanguage":"vi","@id":"https:\/\/mog.com.vn\/#\/schema\/logo\/image\/","url":"https:\/\/mog.com.vn\/wp-content\/uploads\/2025\/10\/Logo-MOG.jpg","contentUrl":"https:\/\/mog.com.vn\/wp-content\/uploads\/2025\/10\/Logo-MOG.jpg","width":755,"height":230,"caption":"Mog.com.vn"},"image":{"@id":"https:\/\/mog.com.vn\/#\/schema\/logo\/image\/"},"description":"Gi\u1ea3i ph\u00e1p C\u01a1 kh\u00ed ch\u00ednh x\u00e1c & Van c\u00f4ng nghi\u1ec7p to\u00e0n di\u1ec7n cho doanh nghi\u1ec7p c\u1ee7a b\u1ea1n.","email":"giacongcokhimog@gmail.com","telephone":"090 311 4883"}]}},"_links":{"self":[{"href":"https:\/\/mog.com.vn\/vi\/wp-json\/wp\/v2\/product\/816","targetHints":{"allow":["GET"]}}],"collection":[{"href":"https:\/\/mog.com.vn\/vi\/wp-json\/wp\/v2\/product"}],"about":[{"href":"https:\/\/mog.com.vn\/vi\/wp-json\/wp\/v2\/types\/product"}],"replies":[{"embeddable":true,"href":"https:\/\/mog.com.vn\/vi\/wp-json\/wp\/v2\/comments?post=816"}],"wp:featuredmedia":[{"embeddable":true,"href":"https:\/\/mog.com.vn\/vi\/wp-json\/wp\/v2\/media\/817"}],"wp:attachment":[{"href":"https:\/\/mog.com.vn\/vi\/wp-json\/wp\/v2\/media?parent=816"}],"wp:term":[{"taxonomy":"product_brand","embeddable":true,"href":"https:\/\/mog.com.vn\/vi\/wp-json\/wp\/v2\/product_brand?post=816"},{"taxonomy":"product_cat","embeddable":true,"href":"https:\/\/mog.com.vn\/vi\/wp-json\/wp\/v2\/product_cat?post=816"},{"taxonomy":"product_tag","embeddable":true,"href":"https:\/\/mog.com.vn\/vi\/wp-json\/wp\/v2\/product_tag?post=816"}],"curies":[{"name":"wp","href":"https:\/\/api.w.org\/{rel}","templated":true}]}}