{"id":834,"date":"2025-04-14T09:35:03","date_gmt":"2025-04-14T09:35:03","guid":{"rendered":"https:\/\/mog.com.vn\/?post_type=product&#038;p=834"},"modified":"2025-05-24T07:41:51","modified_gmt":"2025-05-24T07:41:51","slug":"hand-held-humidity-precision-measuring-unit-hnd-f","status":"publish","type":"product","link":"https:\/\/mog.com.vn\/vi\/product\/hand-held-humidity-precision-measuring-unit-hnd-f\/","title":{"rendered":"HND-T \u2013 Nhi\u1ec7t k\u1ebf c\u1ea7m tay k\u1ef9 thu\u1eadt s\u1ed1"},"content":{"rendered":"<h3><strong>Th\u00f4ng s\u1ed1 k\u1ef9 thu\u1eadt ch\u00ednh<\/strong><\/h3>\n<ul>\n<li><strong>\u0110o \u0111\u1ed9 \u1ea9m theo kh\u1ed1i l\u01b0\u1ee3ng ho\u1eb7c \u0111\u1ed9 \u1ea9m t\u01b0\u01a1ng \u0111\u1ed1i<\/strong><\/li>\n<li><strong>D\u1ea3i \u0111o:<\/strong> 0 \u2013 100 % rH<\/li>\n<li><strong>\u0110\u1ed9 ch\u00ednh x\u00e1c:<\/strong> \u00b10.1 \/ 0.2 % rH<\/li>\n<li><strong>Ngu\u1ed3n c\u1ea5p:<\/strong> Pin 9V<\/li>\n<li><strong>Ch\u1ee9c n\u0103ng h\u1ed7 tr\u1ee3:<\/strong> Gi\u1eef gi\u00e1 tr\u1ecb \u0111o (Hold), b\u1ed9 nh\u1edb gi\u00e1 tr\u1ecb Min\/Max, c\u1ea3nh b\u00e1o, ghi d\u1eef li\u1ec7u (data logger), ng\u00f5 ra 0 \u2013 1 V, c\u1ed5ng RS 232<\/li>\n<li><strong>T\u00f9y ch\u1ecdn m\u1edf r\u1ed9ng:<\/strong> \u0110o nhi\u1ec7t \u0111\u1ed9, \u0111o l\u01b0u l\u01b0\u1ee3ng<\/li>\n<\/ul>\n<p>S\u1eed d\u1ee5ng nhi\u1ec7t k\u1ebf c\u1ea7m tay k\u1ef9 thu\u1eadt s\u1ed1 d\u00f2ng KOBOLD HND-T \u0111\u1ec3 th\u1ef1c hi\u1ec7n g\u1ea7n nh\u01b0 t\u1ea5t c\u1ea3 c\u00e1c nhi\u1ec7m v\u1ee5 \u0111o nh\u1eb1m x\u00e1c \u0111\u1ecbnh nhi\u1ec7t \u0111\u1ed9. Nh\u1eefng nhi\u1ec7t k\u1ebf n\u00e0y c\u00f3 s\u1eb5n nhi\u1ec1u lo\u1ea1i v\u1ecf c\u00f3 \u0111\u1ea7u d\u00f2 c\u1ea3m bi\u1ebfn ph\u00f9 h\u1ee3p v\u1edbi h\u1ea7u h\u1ebft m\u1ecdi \u1ee9ng d\u1ee5ng, t\u1eeb nhi\u1ec7t k\u1ebf c\u1ea7m tay ch\u00ednh x\u00e1c v\u1edbi \u0111\u1ed9 ch\u00ednh x\u00e1c cao v\u00e0 c\u00e1c ch\u1ee9c n\u0103ng b\u1ed5 sung m\u1edf r\u1ed9ng cho \u0111\u1ebfn nhi\u1ec7t k\u1ebf ti\u00eau chu\u1ea9n \u0111\u1ec3 \u0111o nhanh v\u00e0 \u0111\u01a1n gi\u1ea3n. Nhi\u1ec1u l\u1ef1a ch\u1ecdn \u0111\u1ea7u d\u00f2 nhi\u1ec7t \u0111\u1ed9 c\u00f3 th\u1ec3 \u0111\u01b0\u1ee3c cung c\u1ea5p d\u01b0\u1edbi d\u1ea1ng c\u1ea3m bi\u1ebfn Pt100 ho\u1eb7c d\u01b0\u1edbi d\u1ea1ng ph\u1ea7n t\u1eed c\u1eb7p nhi\u1ec7t \u0111i\u1ec7n<\/p>\n<h3><b>T\u00ednh n\u0103ng s\u1ea3n ph\u1ea9m<\/b><\/h3>\n<ul>\n<li>Nhi\u1ec1u l\u1ef1a ch\u1ecdn \u0111\u1ea7u d\u00f2 c\u00f3 s\u1eb5n d\u01b0\u1edbi d\u1ea1ng ph\u1ea7n t\u1eed c\u1eb7p nhi\u1ec7t \u0111i\u1ec7n ho\u1eb7c Pt100<\/li>\n<li>Nh\u1ecf nh\u1ea5t l\u1edbn nh\u1ea5t. \u0110o nhi\u1ec7t \u0111\u1ed9<\/li>\n<li>\u0110o nhi\u1ec7t \u0111\u1ed9 ch\u00eanh l\u1ec7ch<\/li>\n<li>V\u1ecf ch\u1eafc ch\u1eafn, m\u1eb7t tr\u01b0\u1edbc \u0111\u01b0\u1ee3c x\u1ebfp h\u1ea1ng IP65<\/li>\n<li>\u1ee8ng d\u1ee5ng m\u1eabu: H\u00f3a ch\u1ea5t, D\u01b0\u1ee3c ph\u1ea9m, Th\u1ef1c ph\u1ea9m, X\u00e2y d\u1ef1ng m\u00e1y m\u00f3c, X\u00e2y d\u1ef1ng \u0111\u01b0\u1eddng \u1ed1ng v\u00e0 container<\/li>\n<\/ul>\n<section class=\"productDownloads GPM\">\n<h2>Datasheet<\/h2>\n<div class=\"defaultList pad\">\n<div class=\"justflex flexwrap entry odd last\">\n<div class=\"icon pc alignTop\"><img decoding=\"async\" title=\"application\/pdf; charset=binary\" src=\"https:\/\/kobold.com\/images\/mime\/48\/ext.png\/pdf.png\" alt=\"application\/pdf; charset=binary\" \/><\/div>\n<div class=\"description flexigrow1 pc alignTop\">\n<h3>hnd-f-gb-analysis<\/h3>\n<\/div>\n<div class=\"size pc\">401 KB<\/div>\n<div class=\"controlArea pc alignRight nowrap\"><a class=\"cssbutton\" href=\"https:\/\/kobold.com\/dynamic\/dlFile\/d080d1c1b10476cad9cb3f67b9df081d\/hnd-f-gb-analysis.pdf\" target=\"_blank\" rel=\"noopener\">open<\/a>\u00a0<a class=\"cssbutton\" href=\"https:\/\/kobold.com\/dynamic\/dlFile\/d080d1c1b10476cad9cb3f67b9df081d.dl\/hnd-f-gb-analysis.pdf\">download<\/a><\/div>\n<\/div>\n<\/div>\n<\/section>\n<section class=\"productDownloads GPM\">\n<h2>Operating Instructions<\/h2>\n<div class=\"defaultList pad\">\n<div class=\"justflex flexwrap entry even first\">\n<div class=\"icon pc alignTop\"><img decoding=\"async\" title=\"application\/pdf; charset=binary\" src=\"https:\/\/kobold.com\/images\/mime\/48\/ext.png\/pdf.png\" alt=\"application\/pdf; charset=binary\" \/><\/div>\n<div class=\"description flexigrow1 pc alignTop\">\n<h3>HND-F105 \u2013 Operating Instructions<\/h3>\n<\/div>\n<div class=\"size pc\">416 KB<\/div>\n<div class=\"controlArea pc alignRight nowrap\"><a class=\"cssbutton\" href=\"https:\/\/kobold.com\/dynamic\/dlFile\/ead0b99517850fc4a9378725d9016865\/a2gbm_hnd-f105.pdf\" target=\"_blank\" rel=\"noopener\">open<\/a>\u00a0<a class=\"cssbutton\" href=\"https:\/\/kobold.com\/dynamic\/dlFile\/ead0b99517850fc4a9378725d9016865.dl\/a2gbm_hnd-f105.pdf\">download<\/a><\/div>\n<\/div>\n<div class=\"justflex flexwrap entry odd \">\n<div class=\"icon pc alignTop\"><img decoding=\"async\" title=\"application\/pdf; charset=binary\" src=\"https:\/\/kobold.com\/images\/mime\/48\/ext.png\/pdf.png\" alt=\"application\/pdf; charset=binary\" \/><\/div>\n<div class=\"description flexigrow1 pc alignTop\">\n<h3>HND-F110 \u2013 Operating Instructions<\/h3>\n<\/div>\n<div class=\"size pc\">315 KB<\/div>\n<div class=\"controlArea pc alignRight nowrap\"><a class=\"cssbutton\" href=\"https:\/\/kobold.com\/dynamic\/dlFile\/64ad9ce9a6a7f5df943908c7525f09c5\/a2gbm_hnd-f110.pdf\" target=\"_blank\" rel=\"noopener\">open<\/a>\u00a0<a class=\"cssbutton\" href=\"https:\/\/kobold.com\/dynamic\/dlFile\/64ad9ce9a6a7f5df943908c7525f09c5.dl\/a2gbm_hnd-f110.pdf\">download<\/a><\/div>\n<\/div>\n<div class=\"justflex flexwrap entry even \">\n<div class=\"icon pc alignTop\"><img decoding=\"async\" title=\"application\/pdf; charset=binary\" src=\"https:\/\/kobold.com\/images\/mime\/48\/ext.png\/pdf.png\" alt=\"application\/pdf; charset=binary\" \/><\/div>\n<div class=\"description flexigrow1 pc alignTop\">\n<h3>HND-F205 \u2013 Operating Instructions<\/h3>\n<\/div>\n<div class=\"size pc\">455 KB<\/div>\n<div class=\"controlArea pc alignRight nowrap\"><a class=\"cssbutton\" href=\"https:\/\/kobold.com\/dynamic\/dlFile\/a5fffd21e994f25bfa579934d6315ade\/a2gbm_hnd-f205.pdf\" target=\"_blank\" rel=\"noopener\">open<\/a>\u00a0<a class=\"cssbutton\" href=\"https:\/\/kobold.com\/dynamic\/dlFile\/a5fffd21e994f25bfa579934d6315ade.dl\/a2gbm_hnd-f205.pdf\">download<\/a><\/div>\n<\/div>\n<div class=\"justflex flexwrap entry odd last\">\n<div class=\"icon pc alignTop\"><img decoding=\"async\" title=\"application\/pdf; charset=binary\" src=\"https:\/\/kobold.com\/images\/mime\/48\/ext.png\/pdf.png\" alt=\"application\/pdf; charset=binary\" \/><\/div>\n<div class=\"description flexigrow1 pc alignTop\">\n<h3>HND-F215 \u2013 Operating Instructions<\/h3>\n<\/div>\n<div class=\"size pc\">586 KB<\/div>\n<div class=\"controlArea pc alignRight nowrap\"><a class=\"cssbutton\" href=\"https:\/\/kobold.com\/dynamic\/dlFile\/461d981b5ad4cd28b56456e868315d3b\/a2gbm_hnd-f215.pdf\" target=\"_blank\" rel=\"noopener\">open<\/a>\u00a0<a class=\"cssbutton\" href=\"https:\/\/kobold.com\/dynamic\/dlFile\/461d981b5ad4cd28b56456e868315d3b.dl\/a2gbm_hnd-f215.pdf\">download<\/a><\/div>\n<\/div>\n<\/div>\n<\/section>","protected":false},"excerpt":{"rendered":"<p><strong>HND-F<\/strong> l\u00e0 thi\u1ebft b\u1ecb \u0111o \u0111\u1ed9 \u1ea9m c\u1ea7m tay ch\u00ednh x\u00e1c cao, d\u1ec5 s\u1eed d\u1ee5ng, ph\u00f9 h\u1ee3p cho c\u00e1c \u1ee9ng d\u1ee5ng ki\u1ec3m tra nhanh t\u1ea1i hi\u1ec7n tr\u01b0\u1eddng. Thi\u1ebft k\u1ebf nh\u1ecf g\u1ecdn, hi\u1ec3n th\u1ecb s\u1ed1 r\u00f5 r\u00e0ng v\u00e0 cho k\u1ebft qu\u1ea3 \u0111o \u0111\u00e1ng tin c\u1eady trong nhi\u1ec1u m\u00f4i tr\u01b0\u1eddng kh\u00e1c nhau.<\/p>\n","protected":false},"featured_media":953,"comment_status":"open","ping_status":"closed","template":"","meta":[],"product_brand":[],"product_cat":[60,35],"product_tag":[],"class_list":{"0":"post-834","1":"product","2":"type-product","3":"status-publish","4":"has-post-thumbnail","6":"product_cat-instruments","7":"product_cat-supply","9":"first","10":"instock","11":"shipping-taxable","12":"product-type-simple"},"yoast_head":"<!-- This site is optimized with the Yoast SEO Premium plugin v25.9 (Yoast SEO v25.9) - https:\/\/yoast.com\/wordpress\/plugins\/seo\/ -->\n<title>HND-T \u2013 Nhi\u1ec7t k\u1ebf c\u1ea7m tay k\u1ef9 thu\u1eadt s\u1ed1 - Mog.com.vn<\/title>\n<meta name=\"robots\" content=\"index, follow, max-snippet:-1, max-image-preview:large, max-video-preview:-1\" \/>\n<link rel=\"canonical\" href=\"https:\/\/mog.com.vn\/product\/hand-held-humidity-precision-measuring-unit-hnd-f\/\" \/>\n<meta property=\"og:locale\" content=\"vi_VN\" \/>\n<meta property=\"og:type\" content=\"article\" \/>\n<meta property=\"og:title\" content=\"[:en]Hand-Held Humidity Precision Measuring Unit HND-F[:vi]HND-T \u2013 Nhi\u1ec7t k\u1ebf c\u1ea7m tay k\u1ef9 thu\u1eadt s\u1ed1[:]\" \/>\n<meta property=\"og:description\" content=\"[:en]HND-F is a high-precision handheld humidity measuring device, designed for quick and reliable on-site measurements. Its compact design, clear digital display, and dependable performance make it ideal for various field applications.[:vi]HND-F l\u00e0 thi\u1ebft b\u1ecb \u0111o \u0111\u1ed9 \u1ea9m c\u1ea7m tay ch\u00ednh x\u00e1c cao, d\u1ec5 s\u1eed d\u1ee5ng, ph\u00f9 h\u1ee3p cho c\u00e1c \u1ee9ng d\u1ee5ng ki\u1ec3m tra nhanh t\u1ea1i hi\u1ec7n tr\u01b0\u1eddng. Thi\u1ebft k\u1ebf nh\u1ecf g\u1ecdn, hi\u1ec3n th\u1ecb s\u1ed1 r\u00f5 r\u00e0ng v\u00e0 cho k\u1ebft qu\u1ea3 \u0111o \u0111\u00e1ng tin c\u1eady trong nhi\u1ec1u m\u00f4i tr\u01b0\u1eddng kh\u00e1c nhau.[:]\" \/>\n<meta property=\"og:url\" content=\"https:\/\/mog.com.vn\/product\/hand-held-humidity-precision-measuring-unit-hnd-f\/\" \/>\n<meta property=\"og:site_name\" content=\"Mog.com.vn\" \/>\n<meta property=\"article:modified_time\" content=\"2025-05-24T07:41:51+00:00\" \/>\n<meta property=\"og:image\" content=\"https:\/\/mog.com.vn\/wp-content\/uploads\/2025\/04\/HDNT.jpg\" \/>\n\t<meta property=\"og:image:width\" content=\"400\" \/>\n\t<meta property=\"og:image:height\" content=\"400\" \/>\n\t<meta property=\"og:image:type\" content=\"image\/jpeg\" \/>\n<meta name=\"twitter:card\" content=\"summary_large_image\" \/>\n<meta name=\"twitter:label1\" content=\"\u01af\u1edbc t\u00ednh th\u1eddi gian \u0111\u1ecdc\" \/>\n\t<meta name=\"twitter:data1\" content=\"3 ph\u00fat\" \/>\n<script type=\"application\/ld+json\" class=\"yoast-schema-graph\">{\"@context\":\"https:\/\/schema.org\",\"@graph\":[{\"@type\":\"WebPage\",\"@id\":\"https:\/\/mog.com.vn\/product\/hand-held-humidity-precision-measuring-unit-hnd-f\/\",\"url\":\"https:\/\/mog.com.vn\/product\/hand-held-humidity-precision-measuring-unit-hnd-f\/\",\"name\":\"[:en]Hand-Held Humidity Precision Measuring Unit HND-F[:vi]HND-T \u2013 Nhi\u1ec7t k\u1ebf c\u1ea7m tay k\u1ef9 thu\u1eadt s\u1ed1[:] - Mog.com.vn\",\"isPartOf\":{\"@id\":\"https:\/\/mog.com.vn\/#website\"},\"primaryImageOfPage\":{\"@id\":\"https:\/\/mog.com.vn\/product\/hand-held-humidity-precision-measuring-unit-hnd-f\/#primaryimage\"},\"image\":{\"@id\":\"https:\/\/mog.com.vn\/product\/hand-held-humidity-precision-measuring-unit-hnd-f\/#primaryimage\"},\"thumbnailUrl\":\"https:\/\/mog.com.vn\/wp-content\/uploads\/2025\/04\/HDNT.jpg\",\"datePublished\":\"2025-04-14T09:35:03+00:00\",\"dateModified\":\"2025-05-24T07:41:51+00:00\",\"breadcrumb\":{\"@id\":\"https:\/\/mog.com.vn\/product\/hand-held-humidity-precision-measuring-unit-hnd-f\/#breadcrumb\"},\"inLanguage\":\"vi\",\"potentialAction\":[{\"@type\":\"ReadAction\",\"target\":[\"https:\/\/mog.com.vn\/product\/hand-held-humidity-precision-measuring-unit-hnd-f\/\"]}]},{\"@type\":\"ImageObject\",\"inLanguage\":\"vi\",\"@id\":\"https:\/\/mog.com.vn\/product\/hand-held-humidity-precision-measuring-unit-hnd-f\/#primaryimage\",\"url\":\"https:\/\/mog.com.vn\/wp-content\/uploads\/2025\/04\/HDNT.jpg\",\"contentUrl\":\"https:\/\/mog.com.vn\/wp-content\/uploads\/2025\/04\/HDNT.jpg\",\"width\":400,\"height\":400},{\"@type\":\"BreadcrumbList\",\"@id\":\"https:\/\/mog.com.vn\/product\/hand-held-humidity-precision-measuring-unit-hnd-f\/#breadcrumb\",\"itemListElement\":[{\"@type\":\"ListItem\",\"position\":1,\"name\":\"Home\",\"item\":\"https:\/\/mog.com.vn\/\"},{\"@type\":\"ListItem\",\"position\":2,\"name\":\"Shop\",\"item\":\"https:\/\/mog.com.vn\/shop\/\"},{\"@type\":\"ListItem\",\"position\":3,\"name\":\"Hand-Held Humidity Precision Measuring Unit HND-F\"}]},{\"@type\":\"WebSite\",\"@id\":\"https:\/\/mog.com.vn\/#website\",\"url\":\"https:\/\/mog.com.vn\/\",\"name\":\"Mog.com.vn\",\"description\":\"FLOW Control Solutions\",\"publisher\":{\"@id\":\"https:\/\/mog.com.vn\/#organization\"},\"potentialAction\":[{\"@type\":\"SearchAction\",\"target\":{\"@type\":\"EntryPoint\",\"urlTemplate\":\"https:\/\/mog.com.vn\/?s={search_term_string}\"},\"query-input\":{\"@type\":\"PropertyValueSpecification\",\"valueRequired\":true,\"valueName\":\"search_term_string\"}}],\"inLanguage\":\"vi\"},{\"@type\":\"Organization\",\"@id\":\"https:\/\/mog.com.vn\/#organization\",\"name\":\"Mog.com.vn\",\"url\":\"https:\/\/mog.com.vn\/\",\"logo\":{\"@type\":\"ImageObject\",\"inLanguage\":\"vi\",\"@id\":\"https:\/\/mog.com.vn\/#\/schema\/logo\/image\/\",\"url\":\"https:\/\/mog.com.vn\/wp-content\/uploads\/2025\/10\/Logo-MOG.jpg\",\"contentUrl\":\"https:\/\/mog.com.vn\/wp-content\/uploads\/2025\/10\/Logo-MOG.jpg\",\"width\":755,\"height\":230,\"caption\":\"Mog.com.vn\"},\"image\":{\"@id\":\"https:\/\/mog.com.vn\/#\/schema\/logo\/image\/\"},\"description\":\"Gi\u1ea3i ph\u00e1p C\u01a1 kh\u00ed ch\u00ednh x\u00e1c & Van c\u00f4ng nghi\u1ec7p to\u00e0n di\u1ec7n cho doanh nghi\u1ec7p c\u1ee7a b\u1ea1n.\",\"email\":\"giacongcokhimog@gmail.com\",\"telephone\":\"090 311 4883\"}]}<\/script>\n<!-- \/ Yoast SEO Premium plugin. -->","yoast_head_json":{"title":"[:en]Hand-Held Humidity Precision Measuring Unit HND-F[:vi]HND-T \u2013 Nhi\u1ec7t k\u1ebf c\u1ea7m tay k\u1ef9 thu\u1eadt s\u1ed1[:] - Mog.com.vn","robots":{"index":"index","follow":"follow","max-snippet":"max-snippet:-1","max-image-preview":"max-image-preview:large","max-video-preview":"max-video-preview:-1"},"canonical":"https:\/\/mog.com.vn\/product\/hand-held-humidity-precision-measuring-unit-hnd-f\/","og_locale":"vi_VN","og_type":"article","og_title":"[:en]Hand-Held Humidity Precision Measuring Unit HND-F[:vi]HND-T \u2013 Nhi\u1ec7t k\u1ebf c\u1ea7m tay k\u1ef9 thu\u1eadt s\u1ed1[:]","og_description":"[:en]HND-F is a high-precision handheld humidity measuring device, designed for quick and reliable on-site measurements. Its compact design, clear digital display, and dependable performance make it ideal for various field applications.[:vi]HND-F l\u00e0 thi\u1ebft b\u1ecb \u0111o \u0111\u1ed9 \u1ea9m c\u1ea7m tay ch\u00ednh x\u00e1c cao, d\u1ec5 s\u1eed d\u1ee5ng, ph\u00f9 h\u1ee3p cho c\u00e1c \u1ee9ng d\u1ee5ng ki\u1ec3m tra nhanh t\u1ea1i hi\u1ec7n tr\u01b0\u1eddng. Thi\u1ebft k\u1ebf nh\u1ecf g\u1ecdn, hi\u1ec3n th\u1ecb s\u1ed1 r\u00f5 r\u00e0ng v\u00e0 cho k\u1ebft qu\u1ea3 \u0111o \u0111\u00e1ng tin c\u1eady trong nhi\u1ec1u m\u00f4i tr\u01b0\u1eddng kh\u00e1c nhau.[:]","og_url":"https:\/\/mog.com.vn\/product\/hand-held-humidity-precision-measuring-unit-hnd-f\/","og_site_name":"Mog.com.vn","article_modified_time":"2025-05-24T07:41:51+00:00","og_image":[{"width":400,"height":400,"url":"https:\/\/mog.com.vn\/wp-content\/uploads\/2025\/04\/HDNT.jpg","type":"image\/jpeg"}],"twitter_card":"summary_large_image","twitter_misc":{"\u01af\u1edbc t\u00ednh th\u1eddi gian \u0111\u1ecdc":"3 ph\u00fat"},"schema":{"@context":"https:\/\/schema.org","@graph":[{"@type":"WebPage","@id":"https:\/\/mog.com.vn\/product\/hand-held-humidity-precision-measuring-unit-hnd-f\/","url":"https:\/\/mog.com.vn\/product\/hand-held-humidity-precision-measuring-unit-hnd-f\/","name":"[:en]Hand-Held Humidity Precision Measuring Unit HND-F[:vi]HND-T \u2013 Nhi\u1ec7t k\u1ebf c\u1ea7m tay k\u1ef9 thu\u1eadt s\u1ed1[:] - Mog.com.vn","isPartOf":{"@id":"https:\/\/mog.com.vn\/#website"},"primaryImageOfPage":{"@id":"https:\/\/mog.com.vn\/product\/hand-held-humidity-precision-measuring-unit-hnd-f\/#primaryimage"},"image":{"@id":"https:\/\/mog.com.vn\/product\/hand-held-humidity-precision-measuring-unit-hnd-f\/#primaryimage"},"thumbnailUrl":"https:\/\/mog.com.vn\/wp-content\/uploads\/2025\/04\/HDNT.jpg","datePublished":"2025-04-14T09:35:03+00:00","dateModified":"2025-05-24T07:41:51+00:00","breadcrumb":{"@id":"https:\/\/mog.com.vn\/product\/hand-held-humidity-precision-measuring-unit-hnd-f\/#breadcrumb"},"inLanguage":"vi","potentialAction":[{"@type":"ReadAction","target":["https:\/\/mog.com.vn\/product\/hand-held-humidity-precision-measuring-unit-hnd-f\/"]}]},{"@type":"ImageObject","inLanguage":"vi","@id":"https:\/\/mog.com.vn\/product\/hand-held-humidity-precision-measuring-unit-hnd-f\/#primaryimage","url":"https:\/\/mog.com.vn\/wp-content\/uploads\/2025\/04\/HDNT.jpg","contentUrl":"https:\/\/mog.com.vn\/wp-content\/uploads\/2025\/04\/HDNT.jpg","width":400,"height":400},{"@type":"BreadcrumbList","@id":"https:\/\/mog.com.vn\/product\/hand-held-humidity-precision-measuring-unit-hnd-f\/#breadcrumb","itemListElement":[{"@type":"ListItem","position":1,"name":"Home","item":"https:\/\/mog.com.vn\/"},{"@type":"ListItem","position":2,"name":"Shop","item":"https:\/\/mog.com.vn\/shop\/"},{"@type":"ListItem","position":3,"name":"Hand-Held Humidity Precision Measuring Unit HND-F"}]},{"@type":"WebSite","@id":"https:\/\/mog.com.vn\/#website","url":"https:\/\/mog.com.vn\/","name":"Mog.com.vn","description":"FLOW Control Solutions","publisher":{"@id":"https:\/\/mog.com.vn\/#organization"},"potentialAction":[{"@type":"SearchAction","target":{"@type":"EntryPoint","urlTemplate":"https:\/\/mog.com.vn\/?s={search_term_string}"},"query-input":{"@type":"PropertyValueSpecification","valueRequired":true,"valueName":"search_term_string"}}],"inLanguage":"vi"},{"@type":"Organization","@id":"https:\/\/mog.com.vn\/#organization","name":"Mog.com.vn","url":"https:\/\/mog.com.vn\/","logo":{"@type":"ImageObject","inLanguage":"vi","@id":"https:\/\/mog.com.vn\/#\/schema\/logo\/image\/","url":"https:\/\/mog.com.vn\/wp-content\/uploads\/2025\/10\/Logo-MOG.jpg","contentUrl":"https:\/\/mog.com.vn\/wp-content\/uploads\/2025\/10\/Logo-MOG.jpg","width":755,"height":230,"caption":"Mog.com.vn"},"image":{"@id":"https:\/\/mog.com.vn\/#\/schema\/logo\/image\/"},"description":"Gi\u1ea3i ph\u00e1p C\u01a1 kh\u00ed ch\u00ednh x\u00e1c & Van c\u00f4ng nghi\u1ec7p to\u00e0n di\u1ec7n cho doanh nghi\u1ec7p c\u1ee7a b\u1ea1n.","email":"giacongcokhimog@gmail.com","telephone":"090 311 4883"}]}},"_links":{"self":[{"href":"https:\/\/mog.com.vn\/vi\/wp-json\/wp\/v2\/product\/834","targetHints":{"allow":["GET"]}}],"collection":[{"href":"https:\/\/mog.com.vn\/vi\/wp-json\/wp\/v2\/product"}],"about":[{"href":"https:\/\/mog.com.vn\/vi\/wp-json\/wp\/v2\/types\/product"}],"replies":[{"embeddable":true,"href":"https:\/\/mog.com.vn\/vi\/wp-json\/wp\/v2\/comments?post=834"}],"wp:featuredmedia":[{"embeddable":true,"href":"https:\/\/mog.com.vn\/vi\/wp-json\/wp\/v2\/media\/953"}],"wp:attachment":[{"href":"https:\/\/mog.com.vn\/vi\/wp-json\/wp\/v2\/media?parent=834"}],"wp:term":[{"taxonomy":"product_brand","embeddable":true,"href":"https:\/\/mog.com.vn\/vi\/wp-json\/wp\/v2\/product_brand?post=834"},{"taxonomy":"product_cat","embeddable":true,"href":"https:\/\/mog.com.vn\/vi\/wp-json\/wp\/v2\/product_cat?post=834"},{"taxonomy":"product_tag","embeddable":true,"href":"https:\/\/mog.com.vn\/vi\/wp-json\/wp\/v2\/product_tag?post=834"}],"curies":[{"name":"wp","href":"https:\/\/api.w.org\/{rel}","templated":true}]}}