{"id":842,"date":"2025-04-14T14:23:10","date_gmt":"2025-04-14T14:23:10","guid":{"rendered":"https:\/\/mog.com.vn\/?post_type=product&#038;p=842"},"modified":"2025-05-24T07:33:00","modified_gmt":"2025-05-24T07:33:00","slug":"94270-vapor-guard-tank-blanketing-valve","status":"publish","type":"product","link":"https:\/\/mog.com.vn\/vi\/product\/94270-vapor-guard-tank-blanketing-valve\/","title":{"rendered":"Van \u0110i\u1ec1u \u00c1p Blanketing 94270 cho B\u1ed3n \u00c1p Su\u1ea5t"},"content":{"rendered":"<div class=\"elementor-element elementor-element-1b4e9ff elementor-widget elementor-widget-text-editor\" data-id=\"1b4e9ff\" data-element_type=\"widget\" data-widget_type=\"text-editor.default\">\n<div class=\"elementor-widget-container\">\n<h3 data-start=\"164\" data-end=\"218\"><strong data-start=\"164\" data-end=\"201\">TANK BLANKETING L\u00c0 G\u00cc?<\/strong><\/h3>\n<p data-start=\"164\" data-end=\"218\"><strong data-start=\"164\" data-end=\"201\">H\u1ec7 th\u1ed1ng gas blanketing (bao kh\u00ed)<\/strong> \u0111\u01b0\u1ee3c s\u1eed d\u1ee5ng \u0111\u1ec3:<\/p>\n<ul data-start=\"220\" data-end=\"345\">\n<li data-start=\"220\" data-end=\"270\">\n<p data-start=\"222\" data-end=\"270\"><strong data-start=\"222\" data-end=\"270\">Ng\u0103n ch\u1eb7n h\u01a1i l\u1ecfng tho\u00e1t ra ngo\u00e0i m\u00f4i tr\u01b0\u1eddng<\/strong><\/p>\n<\/li>\n<li data-start=\"271\" data-end=\"345\">\n<p data-start=\"273\" data-end=\"345\"><strong data-start=\"273\" data-end=\"306\">Ng\u0103n \u1ea9m x\u00e2m nh\u1eadp v\u00e0o b\u1ed3n ch\u1ee9a<\/strong>, g\u00e2y \u1ea3nh h\u01b0\u1edfng \u0111\u1ebfn ch\u1ea5t l\u01b0\u1ee3ng s\u1ea3n ph\u1ea9m<\/p>\n<\/li>\n<\/ul>\n<p data-start=\"347\" data-end=\"659\"><strong data-start=\"347\" data-end=\"365\">Van blanketing<\/strong> duy tr\u00ec l\u1edbp kh\u00ed tr\u01a1 (th\u01b0\u1eddng l\u00e0 Nit\u01a1 ho\u1eb7c CO\u2082) trong khoang h\u01a1i ph\u00eda tr\u00ean ch\u1ea5t l\u1ecfng b\u00ean trong b\u1ed3n ch\u1ee9a k\u00edn \u00e1p su\u1ea5t.<br data-start=\"480\" data-end=\"483\" \/>H\u1ec7 th\u1ed1ng s\u1eed d\u1ee5ng ngu\u1ed3n kh\u00ed \u00e1p cao \u1ed5n \u0111\u1ecbnh c\u00f9ng v\u1edbi <strong data-start=\"534\" data-end=\"570\">Shand &amp; Jurs 94270 \u201cVAPOR GUARD\u201d<\/strong> \u0111\u1ec3 \u0111\u1ea3m b\u1ea3o d\u00f2ng kh\u00ed ch\u1ec9 \u0111\u01b0\u1ee3c c\u1ea5p khi \u00e1p su\u1ea5t trong b\u1ed3n <strong data-start=\"626\" data-end=\"658\">gi\u1ea3m xu\u1ed1ng d\u01b0\u1edbi \u0111i\u1ec3m c\u00e0i \u0111\u1eb7t<\/strong>.<\/p>\n<ul data-start=\"661\" data-end=\"867\">\n<li data-start=\"661\" data-end=\"738\">\n<p data-start=\"663\" data-end=\"738\">Khi \u00e1p su\u1ea5t trong b\u1ed3n <strong data-start=\"685\" data-end=\"710\">v\u01b0\u1ee3t qu\u00e1 \u0111i\u1ec3m c\u00e0i \u0111\u1eb7t<\/strong>, van ch\u00ednh s\u1ebd <strong data-start=\"725\" data-end=\"737\">\u0111\u00f3ng l\u1ea1i<\/strong>.<\/p>\n<\/li>\n<li data-start=\"739\" data-end=\"867\">\n<p data-start=\"741\" data-end=\"867\">Tr\u01b0\u1eddng h\u1ee3p <strong data-start=\"752\" data-end=\"768\">\u00e1p su\u1ea5t t\u0103ng<\/strong> (do t\u0103ng nhi\u1ec7t \u0111\u1ed9 ngo\u00e0i tr\u1eddi ho\u1eb7c b\u01a1m ch\u1ea5t l\u1ecfng v\u00e0o), <strong data-start=\"823\" data-end=\"851\">van th\u1edf (breather valve)<\/strong> s\u1ebd m\u1edf \u0111\u1ec3 x\u1ea3 \u00e1p.<\/p>\n<\/li>\n<\/ul>\n<p data-start=\"869\" data-end=\"1097\">\ud83d\udca1 <strong data-start=\"872\" data-end=\"892\">\u01afu \u0111i\u1ec3m n\u1ed5i b\u1eadt:<\/strong><br data-start=\"892\" data-end=\"895\" \/>Kh\u00f4ng gi\u1ed1ng nh\u01b0 c\u00e1c h\u1ec7 th\u1ed1ng th\u00f4ng th\u01b0\u1eddng ph\u1ea3i s\u1eed d\u1ee5ng nhi\u1ec1u van \u0111i\u1ec1u \u00e1p, <strong data-start=\"969\" data-end=\"1005\">Shand &amp; Jurs 94270 \u201cVAPOR GUARD\u201d<\/strong> ch\u1ec9 c\u1ea7n m\u1ed9t van duy nh\u1ea5t \u0111\u1ec3 duy tr\u00ec \u0111\u1ed9 ch\u00ednh x\u00e1c v\u00e0 \u1ed5n \u0111\u1ecbnh cao trong qu\u00e1 tr\u00ecnh blanketing.<\/p>\n<hr data-start=\"1099\" data-end=\"1102\" \/>\n<h3 data-start=\"1104\" data-end=\"1131\"><strong data-start=\"1108\" data-end=\"1131\">NGUY\u00caN L\u00dd HO\u1ea0T \u0110\u1ed8NG<\/strong><\/h3>\n<ul data-start=\"1133\" data-end=\"1775\">\n<li data-start=\"1133\" data-end=\"1233\">\n<p data-start=\"1135\" data-end=\"1233\">Thi\u1ebft k\u1ebf <strong data-start=\"1144\" data-end=\"1155\">nh\u1ecf g\u1ecdn<\/strong>, cho ph\u00e9p l\u1eafp tr\u1ef1c ti\u1ebfp tr\u00ean b\u1ed3n ch\u1ee9a \u2192 <strong data-start=\"1196\" data-end=\"1232\">gi\u1ea3m k\u1ebft n\u1ed1i, h\u1ea1n ch\u1ebf \u0111i\u1ec3m r\u00f2 r\u1ec9<\/strong>.<\/p>\n<\/li>\n<li data-start=\"1234\" data-end=\"1306\">\n<p data-start=\"1236\" data-end=\"1306\">C\u00f3 s\u1eb5n c\u00e1c t\u00f9y ch\u1ecdn k\u1ebft n\u1ed1i: <strong data-start=\"1265\" data-end=\"1278\">ren trong<\/strong>, <strong data-start=\"1280\" data-end=\"1305\">m\u1eb7t b\u00edch h\u00e0n ho\u1eb7c v\u1eb7n<\/strong>.<\/p>\n<\/li>\n<li data-start=\"1307\" data-end=\"1439\">\n<p data-start=\"1309\" data-end=\"1439\">Van ch\u00ednh d\u1ea1ng <strong data-start=\"1324\" data-end=\"1345\">p\u00edt-t\u00f4ng c\u00e2n b\u1eb1ng<\/strong> gi\u00fap <strong data-start=\"1351\" data-end=\"1382\">gi\u1eef \u1ed5n \u0111\u1ecbnh \u00e1p su\u1ea5t c\u00e0i \u0111\u1eb7t<\/strong> b\u1ea5t k\u1ec3 \u00e1p su\u1ea5t \u0111\u1ea7u v\u00e0o thay \u0111\u1ed5i trong ph\u1ea1m vi ho\u1ea1t \u0111\u1ed9ng.<\/p>\n<\/li>\n<li data-start=\"1440\" data-end=\"1597\">\n<p data-start=\"1442\" data-end=\"1597\">C\u01a1 c\u1ea5u van d\u1ea1ng <strong data-start=\"1458\" data-end=\"1496\">modulating (\u0111i\u1ec1u ch\u1ec9nh tuy\u1ebfn t\u00ednh)<\/strong> cho ph\u00e9p m\u1edf\/\u0111\u00f3ng <strong data-start=\"1514\" data-end=\"1525\">t\u1ef1 \u0111\u1ed9ng<\/strong>, gi\u1eef \u00e1p su\u1ea5t kh\u00ed bao lu\u00f4n \u1ed5n \u0111\u1ecbnh v\u00e0 ki\u1ec3m so\u00e1t ch\u00ednh x\u00e1c l\u01b0u l\u01b0\u1ee3ng kh\u00ed.<\/p>\n<\/li>\n<li data-start=\"1598\" data-end=\"1674\">\n<p data-start=\"1600\" data-end=\"1674\">Van ho\u1ea1t \u0111\u1ed9ng \u1edf tr\u1ea1ng th\u00e1i <strong data-start=\"1627\" data-end=\"1635\">\u0111\u00f3ng<\/strong> khi \u00e1p su\u1ea5t trong b\u1ed3n \u0111\u00e1p \u1ee9ng y\u00eau c\u1ea7u.<\/p>\n<\/li>\n<li data-start=\"1675\" data-end=\"1775\">\n<p data-start=\"1677\" data-end=\"1775\">Khi \u00e1p su\u1ea5t gi\u1ea3m, <strong data-start=\"1695\" data-end=\"1728\">l\u00f2 xo v\u00e0 m\u00e0ng c\u1ea3m \u1ee9ng \u00e1p su\u1ea5t<\/strong> s\u1ebd t\u1ea1o l\u1ef1c \u0111\u1ec3 m\u1edf van ch\u00ednh theo t\u1ef7 l\u1ec7 ph\u00f9 h\u1ee3p.<\/p>\n<\/li>\n<\/ul>\n<hr data-start=\"1777\" data-end=\"1780\" \/>\n<h3 data-start=\"1782\" data-end=\"1807\"><strong data-start=\"1786\" data-end=\"1807\">L\u1ee2I \u00cdCH V\u01af\u1ee2T TR\u1ed8I<\/strong><\/h3>\n<ul data-start=\"1809\" data-end=\"2346\">\n<li data-start=\"1809\" data-end=\"1861\">\n<p data-start=\"1811\" data-end=\"1861\"><strong data-start=\"1811\" data-end=\"1835\">Chi ph\u00ed b\u1ea3o tr\u00ec th\u1ea5p<\/strong> \u2013 \u00edt b\u1ed9 ph\u1eadn, \u00edt h\u1ecfng h\u00f3c<\/p>\n<\/li>\n<li data-start=\"1862\" data-end=\"1936\">\n<p data-start=\"1864\" data-end=\"1936\"><strong data-start=\"1864\" data-end=\"1889\">Thi\u1ebft k\u1ebf nh\u1ecf g\u1ecdn, nh\u1eb9<\/strong> \u2013 ti\u1ebft ki\u1ec7m kh\u00f4ng gian, gi\u1ea3m t\u1ea3i tr\u1ecdng l\u00ean b\u1ed3n<\/p>\n<\/li>\n<li data-start=\"1937\" data-end=\"2005\">\n<p data-start=\"1939\" data-end=\"2005\"><strong data-start=\"1939\" data-end=\"1976\">Lo\u1ea1i b\u1ecf t\u1ed5n th\u1ea5t kh\u00ed tr\u01a1 do r\u00f2 r\u1ec9<\/strong> \u2013 ti\u1ebft ki\u1ec7m chi ph\u00ed v\u1eadn h\u00e0nh<\/p>\n<\/li>\n<li data-start=\"2006\" data-end=\"2060\">\n<p data-start=\"2008\" data-end=\"2060\"><strong data-start=\"2008\" data-end=\"2036\">Ch\u1ec9 c\u1ea7n m\u1ed9t van duy nh\u1ea5t<\/strong> \u2013 \u0111\u01a1n gi\u1ea3n h\u00f3a h\u1ec7 th\u1ed1ng<\/p>\n<\/li>\n<li data-start=\"2061\" data-end=\"2112\">\n<p data-start=\"2063\" data-end=\"2112\"><strong data-start=\"2063\" data-end=\"2084\">L\u1eafp \u0111\u1eb7t linh ho\u1ea1t<\/strong> \u2013 n\u1eb1m ngang ho\u1eb7c th\u1eb3ng \u0111\u1ee9ng<\/p>\n<\/li>\n<li data-start=\"2113\" data-end=\"2153\">\n<p data-start=\"2115\" data-end=\"2153\"><strong data-start=\"2115\" data-end=\"2153\">Ch\u1ec9 c\u1ea7n \u0111i\u1ec1u ch\u1ec9nh \u00e1p su\u1ea5t c\u00e0i \u0111\u1eb7t<\/strong><\/p>\n<\/li>\n<li data-start=\"2154\" data-end=\"2269\">\n<p data-start=\"2156\" data-end=\"2171\">Trang b\u1ecb chu\u1ea9n:<\/p>\n<ul data-start=\"2174\" data-end=\"2269\">\n<li data-start=\"2174\" data-end=\"2221\">\n<p data-start=\"2176\" data-end=\"2221\"><strong data-start=\"2176\" data-end=\"2221\">Trim v\u00e0 gh\u1ebf van b\u1eb1ng th\u00e9p kh\u00f4ng g\u1ec9 316 SS<\/strong><\/p>\n<\/li>\n<li data-start=\"2224\" data-end=\"2269\">\n<p data-start=\"2226\" data-end=\"2269\"><strong data-start=\"2226\" data-end=\"2250\">L\u1ecdc pilot ti\u00eau chu\u1ea9n<\/strong> cho model 1\u201d v\u00e0 2\u201d<\/p>\n<\/li>\n<\/ul>\n<\/li>\n<li data-start=\"2270\" data-end=\"2346\">\n<p data-start=\"2272\" data-end=\"2293\"><strong data-start=\"2272\" data-end=\"2293\">T\u00f9y ch\u1ecdn b\u1ed5 sung:<\/strong><\/p>\n<ul data-start=\"2296\" data-end=\"2346\">\n<li data-start=\"2296\" data-end=\"2308\">\n<p data-start=\"2298\" data-end=\"2308\">B\u1ed9 l\u1ecdc kh\u00ed<\/p>\n<\/li>\n<li data-start=\"2311\" data-end=\"2326\">\n<p data-start=\"2313\" data-end=\"2326\">Van m\u1ed9t chi\u1ec1u<\/p>\n<\/li>\n<li data-start=\"2329\" data-end=\"2346\">\n<p data-start=\"2331\" data-end=\"2346\">\u0110\u1ed3ng h\u1ed3 \u00e1p su\u1ea5t<\/p>\n<\/li>\n<\/ul>\n<\/li>\n<\/ul>\n<\/div>\n<\/div>\n<p>&nbsp;","protected":false},"excerpt":{"rendered":"<p>Van \u0110i\u1ec1u \u00c1p Blanketing 94270 l\u00e0 gi\u1ea3i ph\u00e1p t\u1ed1i \u01b0u \u0111\u1ec3<strong> duy tr\u00ec l\u1edbp kh\u00ed tr\u01a1 (nit\u01a1 ho\u1eb7c CO\u2082) trong b\u1ed3n \u00e1p su\u1ea5t,<\/strong> gi\u00fap ng\u0103n h\u01a1i bay h\u01a1i ra ngo\u00e0i v\u00e0 ng\u0103n \u1ea9m x\u00e2m nh\u1eadp, b\u1ea3o v\u1ec7 ch\u1ea5t l\u01b0\u1ee3ng s\u1ea3n ph\u1ea9m v\u00e0 an to\u00e0n h\u1ec7 th\u1ed1ng. Thi\u1ebft k\u1ebf nh\u1ecf g\u1ecdn, ch\u00ednh x\u00e1c, d\u1ec5 l\u1eafp \u0111\u1eb7t v\u00e0 ti\u1ebft ki\u1ec7m kh\u00ed.<\/p>\n","protected":false},"featured_media":843,"comment_status":"open","ping_status":"closed","template":"","meta":[],"product_brand":[],"product_cat":[60],"product_tag":[],"class_list":{"0":"post-842","1":"product","2":"type-product","3":"status-publish","4":"has-post-thumbnail","6":"product_cat-instruments","8":"first","9":"instock","10":"shipping-taxable","11":"product-type-simple"},"yoast_head":"<!-- This site is optimized with the Yoast SEO Premium plugin v25.9 (Yoast SEO v25.9) - https:\/\/yoast.com\/wordpress\/plugins\/seo\/ -->\n<title>Van \u0110i\u1ec1u \u00c1p Blanketing 94270 cho B\u1ed3n \u00c1p Su\u1ea5t - Mog.com.vn<\/title>\n<meta name=\"robots\" content=\"index, follow, max-snippet:-1, max-image-preview:large, max-video-preview:-1\" \/>\n<link rel=\"canonical\" href=\"https:\/\/mog.com.vn\/product\/94270-vapor-guard-tank-blanketing-valve\/\" \/>\n<meta property=\"og:locale\" content=\"vi_VN\" \/>\n<meta property=\"og:type\" content=\"article\" \/>\n<meta property=\"og:title\" content=\"[:en]94270 Vapor Guard Tank Blanketing Valve[:vi]Van \u0110i\u1ec1u \u00c1p Blanketing 94270 cho B\u1ed3n \u00c1p Su\u1ea5t[:]\" \/>\n<meta property=\"og:description\" content=\"[:vi]Van \u0110i\u1ec1u \u00c1p Blanketing 94270 l\u00e0 gi\u1ea3i ph\u00e1p t\u1ed1i \u01b0u \u0111\u1ec3 duy tr\u00ec l\u1edbp kh\u00ed tr\u01a1 (nit\u01a1 ho\u1eb7c CO\u2082) trong b\u1ed3n \u00e1p su\u1ea5t, gi\u00fap ng\u0103n h\u01a1i bay h\u01a1i ra ngo\u00e0i v\u00e0 ng\u0103n \u1ea9m x\u00e2m nh\u1eadp, b\u1ea3o v\u1ec7 ch\u1ea5t l\u01b0\u1ee3ng s\u1ea3n ph\u1ea9m v\u00e0 an to\u00e0n h\u1ec7 th\u1ed1ng. Thi\u1ebft k\u1ebf nh\u1ecf g\u1ecdn, ch\u00ednh x\u00e1c, d\u1ec5 l\u1eafp \u0111\u1eb7t v\u00e0 ti\u1ebft ki\u1ec7m kh\u00ed.[:]\" \/>\n<meta property=\"og:url\" content=\"https:\/\/mog.com.vn\/product\/94270-vapor-guard-tank-blanketing-valve\/\" \/>\n<meta property=\"og:site_name\" content=\"Mog.com.vn\" \/>\n<meta property=\"article:modified_time\" content=\"2025-05-24T07:33:00+00:00\" \/>\n<meta property=\"og:image\" content=\"https:\/\/mog.com.vn\/wp-content\/uploads\/2025\/04\/landing_page_inset_94270.jpg\" \/>\n\t<meta property=\"og:image:width\" content=\"1024\" \/>\n\t<meta property=\"og:image:height\" content=\"680\" \/>\n\t<meta property=\"og:image:type\" content=\"image\/jpeg\" \/>\n<meta name=\"twitter:card\" content=\"summary_large_image\" \/>\n<meta name=\"twitter:label1\" content=\"\u01af\u1edbc t\u00ednh th\u1eddi gian \u0111\u1ecdc\" \/>\n\t<meta name=\"twitter:data1\" content=\"5 ph\u00fat\" \/>\n<script type=\"application\/ld+json\" class=\"yoast-schema-graph\">{\"@context\":\"https:\/\/schema.org\",\"@graph\":[{\"@type\":\"WebPage\",\"@id\":\"https:\/\/mog.com.vn\/product\/94270-vapor-guard-tank-blanketing-valve\/\",\"url\":\"https:\/\/mog.com.vn\/product\/94270-vapor-guard-tank-blanketing-valve\/\",\"name\":\"[:en]94270 Vapor Guard Tank Blanketing Valve[:vi]Van \u0110i\u1ec1u \u00c1p Blanketing 94270 cho B\u1ed3n \u00c1p Su\u1ea5t[:] - Mog.com.vn\",\"isPartOf\":{\"@id\":\"https:\/\/mog.com.vn\/#website\"},\"primaryImageOfPage\":{\"@id\":\"https:\/\/mog.com.vn\/product\/94270-vapor-guard-tank-blanketing-valve\/#primaryimage\"},\"image\":{\"@id\":\"https:\/\/mog.com.vn\/product\/94270-vapor-guard-tank-blanketing-valve\/#primaryimage\"},\"thumbnailUrl\":\"https:\/\/mog.com.vn\/wp-content\/uploads\/2025\/04\/landing_page_inset_94270.jpg\",\"datePublished\":\"2025-04-14T14:23:10+00:00\",\"dateModified\":\"2025-05-24T07:33:00+00:00\",\"breadcrumb\":{\"@id\":\"https:\/\/mog.com.vn\/product\/94270-vapor-guard-tank-blanketing-valve\/#breadcrumb\"},\"inLanguage\":\"vi\",\"potentialAction\":[{\"@type\":\"ReadAction\",\"target\":[\"https:\/\/mog.com.vn\/product\/94270-vapor-guard-tank-blanketing-valve\/\"]}]},{\"@type\":\"ImageObject\",\"inLanguage\":\"vi\",\"@id\":\"https:\/\/mog.com.vn\/product\/94270-vapor-guard-tank-blanketing-valve\/#primaryimage\",\"url\":\"https:\/\/mog.com.vn\/wp-content\/uploads\/2025\/04\/landing_page_inset_94270.jpg\",\"contentUrl\":\"https:\/\/mog.com.vn\/wp-content\/uploads\/2025\/04\/landing_page_inset_94270.jpg\",\"width\":1024,\"height\":680},{\"@type\":\"BreadcrumbList\",\"@id\":\"https:\/\/mog.com.vn\/product\/94270-vapor-guard-tank-blanketing-valve\/#breadcrumb\",\"itemListElement\":[{\"@type\":\"ListItem\",\"position\":1,\"name\":\"Home\",\"item\":\"https:\/\/mog.com.vn\/\"},{\"@type\":\"ListItem\",\"position\":2,\"name\":\"Shop\",\"item\":\"https:\/\/mog.com.vn\/shop\/\"},{\"@type\":\"ListItem\",\"position\":3,\"name\":\"94270 Vapor Guard Tank Blanketing Valve\"}]},{\"@type\":\"WebSite\",\"@id\":\"https:\/\/mog.com.vn\/#website\",\"url\":\"https:\/\/mog.com.vn\/\",\"name\":\"Mog.com.vn\",\"description\":\"FLOW Control Solutions\",\"publisher\":{\"@id\":\"https:\/\/mog.com.vn\/#organization\"},\"potentialAction\":[{\"@type\":\"SearchAction\",\"target\":{\"@type\":\"EntryPoint\",\"urlTemplate\":\"https:\/\/mog.com.vn\/?s={search_term_string}\"},\"query-input\":{\"@type\":\"PropertyValueSpecification\",\"valueRequired\":true,\"valueName\":\"search_term_string\"}}],\"inLanguage\":\"vi\"},{\"@type\":\"Organization\",\"@id\":\"https:\/\/mog.com.vn\/#organization\",\"name\":\"Mog.com.vn\",\"url\":\"https:\/\/mog.com.vn\/\",\"logo\":{\"@type\":\"ImageObject\",\"inLanguage\":\"vi\",\"@id\":\"https:\/\/mog.com.vn\/#\/schema\/logo\/image\/\",\"url\":\"https:\/\/mog.com.vn\/wp-content\/uploads\/2025\/10\/Logo-MOG.jpg\",\"contentUrl\":\"https:\/\/mog.com.vn\/wp-content\/uploads\/2025\/10\/Logo-MOG.jpg\",\"width\":755,\"height\":230,\"caption\":\"Mog.com.vn\"},\"image\":{\"@id\":\"https:\/\/mog.com.vn\/#\/schema\/logo\/image\/\"},\"description\":\"Gi\u1ea3i ph\u00e1p C\u01a1 kh\u00ed ch\u00ednh x\u00e1c & Van c\u00f4ng nghi\u1ec7p to\u00e0n di\u1ec7n cho doanh nghi\u1ec7p c\u1ee7a b\u1ea1n.\",\"email\":\"giacongcokhimog@gmail.com\",\"telephone\":\"090 311 4883\"}]}<\/script>\n<!-- \/ Yoast SEO Premium plugin. -->","yoast_head_json":{"title":"[:en]94270 Vapor Guard Tank Blanketing Valve[:vi]Van \u0110i\u1ec1u \u00c1p Blanketing 94270 cho B\u1ed3n \u00c1p Su\u1ea5t[:] - Mog.com.vn","robots":{"index":"index","follow":"follow","max-snippet":"max-snippet:-1","max-image-preview":"max-image-preview:large","max-video-preview":"max-video-preview:-1"},"canonical":"https:\/\/mog.com.vn\/product\/94270-vapor-guard-tank-blanketing-valve\/","og_locale":"vi_VN","og_type":"article","og_title":"[:en]94270 Vapor Guard Tank Blanketing Valve[:vi]Van \u0110i\u1ec1u \u00c1p Blanketing 94270 cho B\u1ed3n \u00c1p Su\u1ea5t[:]","og_description":"[:vi]Van \u0110i\u1ec1u \u00c1p Blanketing 94270 l\u00e0 gi\u1ea3i ph\u00e1p t\u1ed1i \u01b0u \u0111\u1ec3 duy tr\u00ec l\u1edbp kh\u00ed tr\u01a1 (nit\u01a1 ho\u1eb7c CO\u2082) trong b\u1ed3n \u00e1p su\u1ea5t, gi\u00fap ng\u0103n h\u01a1i bay h\u01a1i ra ngo\u00e0i v\u00e0 ng\u0103n \u1ea9m x\u00e2m nh\u1eadp, b\u1ea3o v\u1ec7 ch\u1ea5t l\u01b0\u1ee3ng s\u1ea3n ph\u1ea9m v\u00e0 an to\u00e0n h\u1ec7 th\u1ed1ng. Thi\u1ebft k\u1ebf nh\u1ecf g\u1ecdn, ch\u00ednh x\u00e1c, d\u1ec5 l\u1eafp \u0111\u1eb7t v\u00e0 ti\u1ebft ki\u1ec7m kh\u00ed.[:]","og_url":"https:\/\/mog.com.vn\/product\/94270-vapor-guard-tank-blanketing-valve\/","og_site_name":"Mog.com.vn","article_modified_time":"2025-05-24T07:33:00+00:00","og_image":[{"width":1024,"height":680,"url":"https:\/\/mog.com.vn\/wp-content\/uploads\/2025\/04\/landing_page_inset_94270.jpg","type":"image\/jpeg"}],"twitter_card":"summary_large_image","twitter_misc":{"\u01af\u1edbc t\u00ednh th\u1eddi gian \u0111\u1ecdc":"5 ph\u00fat"},"schema":{"@context":"https:\/\/schema.org","@graph":[{"@type":"WebPage","@id":"https:\/\/mog.com.vn\/product\/94270-vapor-guard-tank-blanketing-valve\/","url":"https:\/\/mog.com.vn\/product\/94270-vapor-guard-tank-blanketing-valve\/","name":"[:en]94270 Vapor Guard Tank Blanketing Valve[:vi]Van \u0110i\u1ec1u \u00c1p Blanketing 94270 cho B\u1ed3n \u00c1p Su\u1ea5t[:] - Mog.com.vn","isPartOf":{"@id":"https:\/\/mog.com.vn\/#website"},"primaryImageOfPage":{"@id":"https:\/\/mog.com.vn\/product\/94270-vapor-guard-tank-blanketing-valve\/#primaryimage"},"image":{"@id":"https:\/\/mog.com.vn\/product\/94270-vapor-guard-tank-blanketing-valve\/#primaryimage"},"thumbnailUrl":"https:\/\/mog.com.vn\/wp-content\/uploads\/2025\/04\/landing_page_inset_94270.jpg","datePublished":"2025-04-14T14:23:10+00:00","dateModified":"2025-05-24T07:33:00+00:00","breadcrumb":{"@id":"https:\/\/mog.com.vn\/product\/94270-vapor-guard-tank-blanketing-valve\/#breadcrumb"},"inLanguage":"vi","potentialAction":[{"@type":"ReadAction","target":["https:\/\/mog.com.vn\/product\/94270-vapor-guard-tank-blanketing-valve\/"]}]},{"@type":"ImageObject","inLanguage":"vi","@id":"https:\/\/mog.com.vn\/product\/94270-vapor-guard-tank-blanketing-valve\/#primaryimage","url":"https:\/\/mog.com.vn\/wp-content\/uploads\/2025\/04\/landing_page_inset_94270.jpg","contentUrl":"https:\/\/mog.com.vn\/wp-content\/uploads\/2025\/04\/landing_page_inset_94270.jpg","width":1024,"height":680},{"@type":"BreadcrumbList","@id":"https:\/\/mog.com.vn\/product\/94270-vapor-guard-tank-blanketing-valve\/#breadcrumb","itemListElement":[{"@type":"ListItem","position":1,"name":"Home","item":"https:\/\/mog.com.vn\/"},{"@type":"ListItem","position":2,"name":"Shop","item":"https:\/\/mog.com.vn\/shop\/"},{"@type":"ListItem","position":3,"name":"94270 Vapor Guard Tank Blanketing Valve"}]},{"@type":"WebSite","@id":"https:\/\/mog.com.vn\/#website","url":"https:\/\/mog.com.vn\/","name":"Mog.com.vn","description":"FLOW Control Solutions","publisher":{"@id":"https:\/\/mog.com.vn\/#organization"},"potentialAction":[{"@type":"SearchAction","target":{"@type":"EntryPoint","urlTemplate":"https:\/\/mog.com.vn\/?s={search_term_string}"},"query-input":{"@type":"PropertyValueSpecification","valueRequired":true,"valueName":"search_term_string"}}],"inLanguage":"vi"},{"@type":"Organization","@id":"https:\/\/mog.com.vn\/#organization","name":"Mog.com.vn","url":"https:\/\/mog.com.vn\/","logo":{"@type":"ImageObject","inLanguage":"vi","@id":"https:\/\/mog.com.vn\/#\/schema\/logo\/image\/","url":"https:\/\/mog.com.vn\/wp-content\/uploads\/2025\/10\/Logo-MOG.jpg","contentUrl":"https:\/\/mog.com.vn\/wp-content\/uploads\/2025\/10\/Logo-MOG.jpg","width":755,"height":230,"caption":"Mog.com.vn"},"image":{"@id":"https:\/\/mog.com.vn\/#\/schema\/logo\/image\/"},"description":"Gi\u1ea3i ph\u00e1p C\u01a1 kh\u00ed ch\u00ednh x\u00e1c & Van c\u00f4ng nghi\u1ec7p to\u00e0n di\u1ec7n cho doanh nghi\u1ec7p c\u1ee7a b\u1ea1n.","email":"giacongcokhimog@gmail.com","telephone":"090 311 4883"}]}},"_links":{"self":[{"href":"https:\/\/mog.com.vn\/vi\/wp-json\/wp\/v2\/product\/842","targetHints":{"allow":["GET"]}}],"collection":[{"href":"https:\/\/mog.com.vn\/vi\/wp-json\/wp\/v2\/product"}],"about":[{"href":"https:\/\/mog.com.vn\/vi\/wp-json\/wp\/v2\/types\/product"}],"replies":[{"embeddable":true,"href":"https:\/\/mog.com.vn\/vi\/wp-json\/wp\/v2\/comments?post=842"}],"wp:featuredmedia":[{"embeddable":true,"href":"https:\/\/mog.com.vn\/vi\/wp-json\/wp\/v2\/media\/843"}],"wp:attachment":[{"href":"https:\/\/mog.com.vn\/vi\/wp-json\/wp\/v2\/media?parent=842"}],"wp:term":[{"taxonomy":"product_brand","embeddable":true,"href":"https:\/\/mog.com.vn\/vi\/wp-json\/wp\/v2\/product_brand?post=842"},{"taxonomy":"product_cat","embeddable":true,"href":"https:\/\/mog.com.vn\/vi\/wp-json\/wp\/v2\/product_cat?post=842"},{"taxonomy":"product_tag","embeddable":true,"href":"https:\/\/mog.com.vn\/vi\/wp-json\/wp\/v2\/product_tag?post=842"}],"curies":[{"name":"wp","href":"https:\/\/api.w.org\/{rel}","templated":true}]}}