{"id":844,"date":"2025-04-14T14:36:33","date_gmt":"2025-04-14T14:36:33","guid":{"rendered":"https:\/\/mog.com.vn\/?post_type=product&#038;p=844"},"modified":"2025-05-24T06:58:24","modified_gmt":"2025-05-24T06:58:24","slug":"610-710-top-mounted-level-control-switches-graphite-displacers","status":"publish","type":"product","link":"https:\/\/mog.com.vn\/vi\/product\/610-710-top-mounted-level-control-switches-graphite-displacers\/","title":{"rendered":"C\u00f4ng t\u1eafc \u0111i\u1ec1u khi\u1ec3n m\u1ee9c d\u1ea1ng \u0111\u1ec9nh 610\/710 \u2013 Phao graphite"},"content":{"rendered":"<h3 data-start=\"202\" data-end=\"228\"><strong data-start=\"206\" data-end=\"228\">T\u00ednh n\u0103ng n\u1ed5i b\u1eadt<\/strong><\/h3>\n<ul data-start=\"230\" data-end=\"1287\">\n<li data-start=\"230\" data-end=\"459\">\n<p data-start=\"232\" data-end=\"289\"><strong data-start=\"232\" data-end=\"287\">Phao graphite r\u1eafn ch\u1eafc (Solid Graphite Displacers):<\/strong><\/p>\n<ul data-start=\"292\" data-end=\"459\">\n<li data-start=\"292\" data-end=\"386\">\n<p data-start=\"294\" data-end=\"386\">\u0110\u01b0\u1ee3c ch\u1ebf t\u1ea1o t\u1eeb v\u1eadt li\u1ec7u graphite \u00e9p \u0111\u00f9n, kh\u00f4ng ch\u1ea5t k\u1ebft d\u00ednh \u2013 g\u1ea7n nh\u01b0 kh\u00f4ng th\u1ec3 ph\u00e1 h\u1ee7y.<\/p>\n<\/li>\n<li data-start=\"389\" data-end=\"459\">\n<p data-start=\"391\" data-end=\"459\">Ch\u1ed1ng \u0103n m\u00f2n v\u01b0\u1ee3t tr\u1ed9i, l\u00fd t\u01b0\u1edfng cho m\u00f4i tr\u01b0\u1eddng h\u00f3a ch\u1ea5t v\u00e0 d\u1ea7u kh\u00ed.<\/p>\n<\/li>\n<\/ul>\n<\/li>\n<li data-start=\"461\" data-end=\"634\">\n<p data-start=\"463\" data-end=\"499\"><strong data-start=\"463\" data-end=\"497\">Ch\u1ed1ng \u1ea3nh h\u01b0\u1edfng t\u1eeb m\u00f4i tr\u01b0\u1eddng:<\/strong><\/p>\n<ul data-start=\"502\" data-end=\"634\">\n<li data-start=\"502\" data-end=\"575\">\n<p data-start=\"504\" data-end=\"575\">Kh\u00f4ng b\u1ecb \u1ea3nh h\u01b0\u1edfng b\u1edfi \u00e1p su\u1ea5t, r\u00f2 r\u1ec9, bi\u1ebfn d\u1ea1ng hay dao \u0111\u1ed9ng b\u1ec1 m\u1eb7t.<\/p>\n<\/li>\n<li data-start=\"578\" data-end=\"634\">\n<p data-start=\"580\" data-end=\"634\">Ph\u00f9 h\u1ee3p cho ch\u1ea5t l\u1ecfng c\u00f3 s\u00f3ng, dao \u0111\u1ed9ng ho\u1eb7c s\u1ee5c m\u1ea1nh.<\/p>\n<\/li>\n<\/ul>\n<\/li>\n<li data-start=\"636\" data-end=\"981\">\n<p data-start=\"638\" data-end=\"665\"><strong data-start=\"638\" data-end=\"663\">\u0110i\u1ec1u ch\u1ec9nh linh ho\u1ea1t:<\/strong><\/p>\n<ul data-start=\"668\" data-end=\"981\">\n<li data-start=\"668\" data-end=\"750\">\n<p data-start=\"670\" data-end=\"750\">C\u00f3 th\u1ec3 t\u00f9y ch\u1ec9nh \u0111\u1ed9 cao \u0111\u00f3ng\/ng\u1eaft c\u1ee7a c\u00f4ng t\u1eafc b\u1eb1ng c\u00e1ch thay \u0111\u1ed5i v\u1ecb tr\u00ed phao.<\/p>\n<\/li>\n<li data-start=\"753\" data-end=\"863\">\n<p data-start=\"755\" data-end=\"863\">Kho\u1ea3ng ch\u00eanh l\u1ec7ch \u0111\u00f3ng\/ng\u1eaft (ON\/OFF) \u0111i\u1ec1u ch\u1ec9nh t\u1eeb <strong data-start=\"806\" data-end=\"816\">2-1\/2\u201d<\/strong> (v\u1edbi t\u1ef7 tr\u1ecdng 1.0) \u0111\u1ebfn chi\u1ec1u d\u00e0i c\u00e1p t\u1ed1i \u0111a.<\/p>\n<\/li>\n<li data-start=\"866\" data-end=\"981\">\n<p data-start=\"868\" data-end=\"915\">D\u00e2y c\u00e1p ti\u00eau chu\u1ea9n d\u00e0i <strong data-start=\"891\" data-end=\"902\">10 feet<\/strong>, t\u00f9y ch\u1ecdn:<\/p>\n<ul data-start=\"920\" data-end=\"981\">\n<li data-start=\"920\" data-end=\"949\">\n<p data-start=\"922\" data-end=\"949\">D\u00f2ng 600: \u0111\u1ebfn <strong data-start=\"936\" data-end=\"947\">75 feet<\/strong><\/p>\n<\/li>\n<li data-start=\"954\" data-end=\"981\">\n<p data-start=\"956\" data-end=\"981\">D\u00f2ng 700: \u0111\u1ebfn <strong data-start=\"970\" data-end=\"981\">40 feet<\/strong><\/p>\n<\/li>\n<\/ul>\n<\/li>\n<\/ul>\n<\/li>\n<li data-start=\"983\" data-end=\"1151\">\n<p data-start=\"985\" data-end=\"1009\"><strong data-start=\"985\" data-end=\"1007\">D\u1ea3i l\u00e0m vi\u1ec7c r\u1ed9ng:<\/strong><\/p>\n<ul data-start=\"1012\" data-end=\"1151\">\n<li data-start=\"1012\" data-end=\"1080\">\n<p data-start=\"1014\" data-end=\"1080\">\u00c1p su\u1ea5t ho\u1ea1t \u0111\u1ed9ng l\u00ean \u0111\u1ebfn <strong data-start=\"1040\" data-end=\"1053\">1500 PSIG<\/strong> v\u1edbi c\u1ea5u tr\u00fac ti\u00eau chu\u1ea9n.<\/p>\n<\/li>\n<li data-start=\"1083\" data-end=\"1151\">\n<p data-start=\"1085\" data-end=\"1151\">D\u00f2ng 600 c\u00f3 th\u1ec3 d\u00f9ng cho ch\u1ea5t l\u1ecfng v\u1edbi t\u1ef7 tr\u1ecdng th\u1ea5p \u0111\u1ebfn <strong data-start=\"1142\" data-end=\"1150\">0.35<\/strong>.<\/p>\n<\/li>\n<\/ul>\n<\/li>\n<li data-start=\"1153\" data-end=\"1287\">\n<p data-start=\"1155\" data-end=\"1180\"><strong data-start=\"1155\" data-end=\"1178\">Ch\u1ee9ng nh\u1eadn qu\u1ed1c t\u1ebf:<\/strong><\/p>\n<ul data-start=\"1183\" data-end=\"1287\">\n<li data-start=\"1183\" data-end=\"1208\">\n<p data-start=\"1185\" data-end=\"1208\">\u0110\u1ea1t <strong data-start=\"1189\" data-end=\"1196\">CSA<\/strong> v\u00e0 <strong data-start=\"1200\" data-end=\"1206\">UL<\/strong><\/p>\n<\/li>\n<li data-start=\"1211\" data-end=\"1287\">\n<p data-start=\"1213\" data-end=\"1287\">\u0110\u1ea3m b\u1ea3o an to\u00e0n v\u00e0 \u0111\u00e1ng tin c\u1eady cho c\u00e1c h\u1ec7 th\u1ed1ng \u0111i\u1ec1u khi\u1ec3n m\u1ee9c ch\u1ea5t l\u1ecfng.<\/p>\n<\/li>\n<\/ul>\n<\/li>\n<\/ul>\n<hr data-start=\"1289\" data-end=\"1292\" \/>\n<h3 data-start=\"1294\" data-end=\"1321\"><strong data-start=\"1298\" data-end=\"1321\">\u1ee8ng d\u1ee5ng ti\u00eau bi\u1ec3u<\/strong><\/h3>\n<ul data-start=\"1323\" data-end=\"1497\">\n<li data-start=\"1323\" data-end=\"1343\">\n<p data-start=\"1325\" data-end=\"1343\">Nh\u00e0 m\u00e1y h\u00f3a ch\u1ea5t<\/p>\n<\/li>\n<li data-start=\"1344\" data-end=\"1363\">\n<p data-start=\"1346\" data-end=\"1363\">Nh\u00e0 m\u00e1y l\u1ecdc d\u1ea7u<\/p>\n<\/li>\n<li data-start=\"1364\" data-end=\"1406\">\n<p data-start=\"1366\" data-end=\"1406\">H\u1ec7 th\u1ed1ng l\u01b0u tr\u1eef ho\u1eb7c x\u1eed l\u00fd nhi\u00ean li\u1ec7u<\/p>\n<\/li>\n<li data-start=\"1407\" data-end=\"1446\">\n<p data-start=\"1409\" data-end=\"1446\">\u1ee8ng d\u1ee5ng c\u00f3 \u00e1p su\u1ea5t v\u00e0 nhi\u1ec7t \u0111\u1ed9 cao<\/p>\n<\/li>\n<li data-start=\"1447\" data-end=\"1497\">\n<p data-start=\"1449\" data-end=\"1497\">H\u1ec7 th\u1ed1ng c\u00f3 ch\u1ea5t l\u1ecfng dao \u0111\u1ed9ng m\u1ea1nh ho\u1eb7c s\u1ee5c kh\u00ed<\/p>\n<\/li>\n<\/ul>","protected":false},"excerpt":{"rendered":"<p><strong>Model Omnitrol 610 (\u0111i\u1ec1u khi\u1ec3n m\u1ed9t c\u1ea5p) v\u00e0 710 (\u0111i\u1ec1u khi\u1ec3n hai c\u1ea5p)<\/strong> l\u00e0 c\u00f4ng t\u1eafc m\u1ee9c l\u1eafp \u0111\u1ec9nh b\u1ed3n, s\u1eed d\u1ee5ng phao than ch\u00ec b\u1ec1n ch\u1eafc, kh\u00f4ng ch\u1ea5t k\u1ebft d\u00ednh. V\u1edbi \u0111\u1ed9 b\u1ec1n v\u01b0\u1ee3t tr\u1ed9i v\u00e0 kh\u1ea3 n\u0103ng ch\u1ed1ng \u0103n m\u00f2n cao, ch\u00fang l\u00fd t\u01b0\u1edfng cho c\u00e1c \u1ee9ng d\u1ee5ng kh\u1eafc nghi\u1ec7t c\u1ea7n \u0111\u1ed9 \u1ed5n \u0111\u1ecbnh l\u00e2u d\u00e0i.<strong><br \/>\n<\/strong><\/p>\n","protected":false},"featured_media":845,"comment_status":"open","ping_status":"closed","template":"","meta":[],"product_brand":[],"product_cat":[60],"product_tag":[],"class_list":{"0":"post-844","1":"product","2":"type-product","3":"status-publish","4":"has-post-thumbnail","6":"product_cat-instruments","8":"first","9":"instock","10":"shipping-taxable","11":"product-type-simple"},"yoast_head":"<!-- This site is optimized with the Yoast SEO Premium plugin v25.9 (Yoast SEO v25.9) - https:\/\/yoast.com\/wordpress\/plugins\/seo\/ -->\n<title>C\u00f4ng t\u1eafc \u0111i\u1ec1u khi\u1ec3n m\u1ee9c d\u1ea1ng \u0111\u1ec9nh 610\/710 \u2013 Phao graphite - Mog.com.vn<\/title>\n<meta name=\"robots\" content=\"index, follow, max-snippet:-1, max-image-preview:large, max-video-preview:-1\" \/>\n<link rel=\"canonical\" href=\"https:\/\/mog.com.vn\/product\/610-710-top-mounted-level-control-switches-graphite-displacers\/\" \/>\n<meta property=\"og:locale\" content=\"vi_VN\" \/>\n<meta property=\"og:type\" content=\"article\" \/>\n<meta property=\"og:title\" content=\"[:en]610\/710 Top Mounted Level Control Switches Graphite Displacers[:vi]C\u00f4ng t\u1eafc \u0111i\u1ec1u khi\u1ec3n m\u1ee9c d\u1ea1ng \u0111\u1ec9nh 610\/710 \u2013 Phao graphite[:]\" \/>\n<meta property=\"og:description\" content=\"[:en]The Omnitrol Model 610 single stage control and the 710 two stage control are top mounted level switches of the adjustable differential type and utilize graphite as standard displacer material.\u00a0 Graphite, which is an extruded material having no binders to fail, is virtually indestructible making it ideal  &nbsp;[:vi]Model Omnitrol 610 (\u0111i\u1ec1u khi\u1ec3n m\u1ed9t c\u1ea5p) v\u00e0 710 (\u0111i\u1ec1u khi\u1ec3n hai c\u1ea5p) l\u00e0 c\u00f4ng t\u1eafc m\u1ee9c l\u1eafp \u0111\u1ec9nh b\u1ed3n, s\u1eed d\u1ee5ng phao than ch\u00ec b\u1ec1n ch\u1eafc, kh\u00f4ng ch\u1ea5t k\u1ebft d\u00ednh. V\u1edbi \u0111\u1ed9 b\u1ec1n v\u01b0\u1ee3t tr\u1ed9i v\u00e0 kh\u1ea3 n\u0103ng ch\u1ed1ng \u0103n m\u00f2n cao, ch\u00fang l\u00fd t\u01b0\u1edfng cho c\u00e1c \u1ee9ng d\u1ee5ng kh\u1eafc nghi\u1ec7t c\u1ea7n \u0111\u1ed9 \u1ed5n \u0111\u1ecbnh l\u00e2u d\u00e0i. [:]\" \/>\n<meta property=\"og:url\" content=\"https:\/\/mog.com.vn\/product\/610-710-top-mounted-level-control-switches-graphite-displacers\/\" \/>\n<meta property=\"og:site_name\" content=\"Mog.com.vn\" \/>\n<meta property=\"article:modified_time\" content=\"2025-05-24T06:58:24+00:00\" \/>\n<meta property=\"og:image\" content=\"https:\/\/mog.com.vn\/wp-content\/uploads\/2025\/04\/magnetic-level-switch1.jpg\" \/>\n\t<meta property=\"og:image:width\" content=\"300\" \/>\n\t<meta property=\"og:image:height\" content=\"321\" \/>\n\t<meta property=\"og:image:type\" content=\"image\/jpeg\" \/>\n<meta name=\"twitter:card\" content=\"summary_large_image\" \/>\n<meta name=\"twitter:label1\" content=\"\u01af\u1edbc t\u00ednh th\u1eddi gian \u0111\u1ecdc\" \/>\n\t<meta name=\"twitter:data1\" content=\"3 ph\u00fat\" \/>\n<script type=\"application\/ld+json\" class=\"yoast-schema-graph\">{\"@context\":\"https:\/\/schema.org\",\"@graph\":[{\"@type\":\"WebPage\",\"@id\":\"https:\/\/mog.com.vn\/product\/610-710-top-mounted-level-control-switches-graphite-displacers\/\",\"url\":\"https:\/\/mog.com.vn\/product\/610-710-top-mounted-level-control-switches-graphite-displacers\/\",\"name\":\"[:en]610\/710 Top Mounted Level Control Switches Graphite Displacers[:vi]C\u00f4ng t\u1eafc \u0111i\u1ec1u khi\u1ec3n m\u1ee9c d\u1ea1ng \u0111\u1ec9nh 610\/710 \u2013 Phao graphite[:] - Mog.com.vn\",\"isPartOf\":{\"@id\":\"https:\/\/mog.com.vn\/#website\"},\"primaryImageOfPage\":{\"@id\":\"https:\/\/mog.com.vn\/product\/610-710-top-mounted-level-control-switches-graphite-displacers\/#primaryimage\"},\"image\":{\"@id\":\"https:\/\/mog.com.vn\/product\/610-710-top-mounted-level-control-switches-graphite-displacers\/#primaryimage\"},\"thumbnailUrl\":\"https:\/\/mog.com.vn\/wp-content\/uploads\/2025\/04\/magnetic-level-switch1.jpg\",\"datePublished\":\"2025-04-14T14:36:33+00:00\",\"dateModified\":\"2025-05-24T06:58:24+00:00\",\"breadcrumb\":{\"@id\":\"https:\/\/mog.com.vn\/product\/610-710-top-mounted-level-control-switches-graphite-displacers\/#breadcrumb\"},\"inLanguage\":\"vi\",\"potentialAction\":[{\"@type\":\"ReadAction\",\"target\":[\"https:\/\/mog.com.vn\/product\/610-710-top-mounted-level-control-switches-graphite-displacers\/\"]}]},{\"@type\":\"ImageObject\",\"inLanguage\":\"vi\",\"@id\":\"https:\/\/mog.com.vn\/product\/610-710-top-mounted-level-control-switches-graphite-displacers\/#primaryimage\",\"url\":\"https:\/\/mog.com.vn\/wp-content\/uploads\/2025\/04\/magnetic-level-switch1.jpg\",\"contentUrl\":\"https:\/\/mog.com.vn\/wp-content\/uploads\/2025\/04\/magnetic-level-switch1.jpg\",\"width\":300,\"height\":321},{\"@type\":\"BreadcrumbList\",\"@id\":\"https:\/\/mog.com.vn\/product\/610-710-top-mounted-level-control-switches-graphite-displacers\/#breadcrumb\",\"itemListElement\":[{\"@type\":\"ListItem\",\"position\":1,\"name\":\"Home\",\"item\":\"https:\/\/mog.com.vn\/\"},{\"@type\":\"ListItem\",\"position\":2,\"name\":\"Shop\",\"item\":\"https:\/\/mog.com.vn\/shop\/\"},{\"@type\":\"ListItem\",\"position\":3,\"name\":\"610\/710 Top Mounted Level Control Switches Graphite Displacers\"}]},{\"@type\":\"WebSite\",\"@id\":\"https:\/\/mog.com.vn\/#website\",\"url\":\"https:\/\/mog.com.vn\/\",\"name\":\"Mog.com.vn\",\"description\":\"FLOW Control Solutions\",\"publisher\":{\"@id\":\"https:\/\/mog.com.vn\/#organization\"},\"potentialAction\":[{\"@type\":\"SearchAction\",\"target\":{\"@type\":\"EntryPoint\",\"urlTemplate\":\"https:\/\/mog.com.vn\/?s={search_term_string}\"},\"query-input\":{\"@type\":\"PropertyValueSpecification\",\"valueRequired\":true,\"valueName\":\"search_term_string\"}}],\"inLanguage\":\"vi\"},{\"@type\":\"Organization\",\"@id\":\"https:\/\/mog.com.vn\/#organization\",\"name\":\"Mog.com.vn\",\"url\":\"https:\/\/mog.com.vn\/\",\"logo\":{\"@type\":\"ImageObject\",\"inLanguage\":\"vi\",\"@id\":\"https:\/\/mog.com.vn\/#\/schema\/logo\/image\/\",\"url\":\"https:\/\/mog.com.vn\/wp-content\/uploads\/2025\/10\/Logo-MOG.jpg\",\"contentUrl\":\"https:\/\/mog.com.vn\/wp-content\/uploads\/2025\/10\/Logo-MOG.jpg\",\"width\":755,\"height\":230,\"caption\":\"Mog.com.vn\"},\"image\":{\"@id\":\"https:\/\/mog.com.vn\/#\/schema\/logo\/image\/\"},\"description\":\"Gi\u1ea3i ph\u00e1p C\u01a1 kh\u00ed ch\u00ednh x\u00e1c & Van c\u00f4ng nghi\u1ec7p to\u00e0n di\u1ec7n cho doanh nghi\u1ec7p c\u1ee7a b\u1ea1n.\",\"email\":\"giacongcokhimog@gmail.com\",\"telephone\":\"090 311 4883\"}]}<\/script>\n<!-- \/ Yoast SEO Premium plugin. -->","yoast_head_json":{"title":"[:en]610\/710 Top Mounted Level Control Switches Graphite Displacers[:vi]C\u00f4ng t\u1eafc \u0111i\u1ec1u khi\u1ec3n m\u1ee9c d\u1ea1ng \u0111\u1ec9nh 610\/710 \u2013 Phao graphite[:] - Mog.com.vn","robots":{"index":"index","follow":"follow","max-snippet":"max-snippet:-1","max-image-preview":"max-image-preview:large","max-video-preview":"max-video-preview:-1"},"canonical":"https:\/\/mog.com.vn\/product\/610-710-top-mounted-level-control-switches-graphite-displacers\/","og_locale":"vi_VN","og_type":"article","og_title":"[:en]610\/710 Top Mounted Level Control Switches Graphite Displacers[:vi]C\u00f4ng t\u1eafc \u0111i\u1ec1u khi\u1ec3n m\u1ee9c d\u1ea1ng \u0111\u1ec9nh 610\/710 \u2013 Phao graphite[:]","og_description":"[:en]The Omnitrol Model 610 single stage control and the 710 two stage control are top mounted level switches of the adjustable differential type and utilize graphite as standard displacer material.\u00a0 Graphite, which is an extruded material having no binders to fail, is virtually indestructible making it ideal  &nbsp;[:vi]Model Omnitrol 610 (\u0111i\u1ec1u khi\u1ec3n m\u1ed9t c\u1ea5p) v\u00e0 710 (\u0111i\u1ec1u khi\u1ec3n hai c\u1ea5p) l\u00e0 c\u00f4ng t\u1eafc m\u1ee9c l\u1eafp \u0111\u1ec9nh b\u1ed3n, s\u1eed d\u1ee5ng phao than ch\u00ec b\u1ec1n ch\u1eafc, kh\u00f4ng ch\u1ea5t k\u1ebft d\u00ednh. V\u1edbi \u0111\u1ed9 b\u1ec1n v\u01b0\u1ee3t tr\u1ed9i v\u00e0 kh\u1ea3 n\u0103ng ch\u1ed1ng \u0103n m\u00f2n cao, ch\u00fang l\u00fd t\u01b0\u1edfng cho c\u00e1c \u1ee9ng d\u1ee5ng kh\u1eafc nghi\u1ec7t c\u1ea7n \u0111\u1ed9 \u1ed5n \u0111\u1ecbnh l\u00e2u d\u00e0i. [:]","og_url":"https:\/\/mog.com.vn\/product\/610-710-top-mounted-level-control-switches-graphite-displacers\/","og_site_name":"Mog.com.vn","article_modified_time":"2025-05-24T06:58:24+00:00","og_image":[{"width":300,"height":321,"url":"https:\/\/mog.com.vn\/wp-content\/uploads\/2025\/04\/magnetic-level-switch1.jpg","type":"image\/jpeg"}],"twitter_card":"summary_large_image","twitter_misc":{"\u01af\u1edbc t\u00ednh th\u1eddi gian \u0111\u1ecdc":"3 ph\u00fat"},"schema":{"@context":"https:\/\/schema.org","@graph":[{"@type":"WebPage","@id":"https:\/\/mog.com.vn\/product\/610-710-top-mounted-level-control-switches-graphite-displacers\/","url":"https:\/\/mog.com.vn\/product\/610-710-top-mounted-level-control-switches-graphite-displacers\/","name":"[:en]610\/710 Top Mounted Level Control Switches Graphite Displacers[:vi]C\u00f4ng t\u1eafc \u0111i\u1ec1u khi\u1ec3n m\u1ee9c d\u1ea1ng \u0111\u1ec9nh 610\/710 \u2013 Phao graphite[:] - Mog.com.vn","isPartOf":{"@id":"https:\/\/mog.com.vn\/#website"},"primaryImageOfPage":{"@id":"https:\/\/mog.com.vn\/product\/610-710-top-mounted-level-control-switches-graphite-displacers\/#primaryimage"},"image":{"@id":"https:\/\/mog.com.vn\/product\/610-710-top-mounted-level-control-switches-graphite-displacers\/#primaryimage"},"thumbnailUrl":"https:\/\/mog.com.vn\/wp-content\/uploads\/2025\/04\/magnetic-level-switch1.jpg","datePublished":"2025-04-14T14:36:33+00:00","dateModified":"2025-05-24T06:58:24+00:00","breadcrumb":{"@id":"https:\/\/mog.com.vn\/product\/610-710-top-mounted-level-control-switches-graphite-displacers\/#breadcrumb"},"inLanguage":"vi","potentialAction":[{"@type":"ReadAction","target":["https:\/\/mog.com.vn\/product\/610-710-top-mounted-level-control-switches-graphite-displacers\/"]}]},{"@type":"ImageObject","inLanguage":"vi","@id":"https:\/\/mog.com.vn\/product\/610-710-top-mounted-level-control-switches-graphite-displacers\/#primaryimage","url":"https:\/\/mog.com.vn\/wp-content\/uploads\/2025\/04\/magnetic-level-switch1.jpg","contentUrl":"https:\/\/mog.com.vn\/wp-content\/uploads\/2025\/04\/magnetic-level-switch1.jpg","width":300,"height":321},{"@type":"BreadcrumbList","@id":"https:\/\/mog.com.vn\/product\/610-710-top-mounted-level-control-switches-graphite-displacers\/#breadcrumb","itemListElement":[{"@type":"ListItem","position":1,"name":"Home","item":"https:\/\/mog.com.vn\/"},{"@type":"ListItem","position":2,"name":"Shop","item":"https:\/\/mog.com.vn\/shop\/"},{"@type":"ListItem","position":3,"name":"610\/710 Top Mounted Level Control Switches Graphite Displacers"}]},{"@type":"WebSite","@id":"https:\/\/mog.com.vn\/#website","url":"https:\/\/mog.com.vn\/","name":"Mog.com.vn","description":"FLOW Control Solutions","publisher":{"@id":"https:\/\/mog.com.vn\/#organization"},"potentialAction":[{"@type":"SearchAction","target":{"@type":"EntryPoint","urlTemplate":"https:\/\/mog.com.vn\/?s={search_term_string}"},"query-input":{"@type":"PropertyValueSpecification","valueRequired":true,"valueName":"search_term_string"}}],"inLanguage":"vi"},{"@type":"Organization","@id":"https:\/\/mog.com.vn\/#organization","name":"Mog.com.vn","url":"https:\/\/mog.com.vn\/","logo":{"@type":"ImageObject","inLanguage":"vi","@id":"https:\/\/mog.com.vn\/#\/schema\/logo\/image\/","url":"https:\/\/mog.com.vn\/wp-content\/uploads\/2025\/10\/Logo-MOG.jpg","contentUrl":"https:\/\/mog.com.vn\/wp-content\/uploads\/2025\/10\/Logo-MOG.jpg","width":755,"height":230,"caption":"Mog.com.vn"},"image":{"@id":"https:\/\/mog.com.vn\/#\/schema\/logo\/image\/"},"description":"Gi\u1ea3i ph\u00e1p C\u01a1 kh\u00ed ch\u00ednh x\u00e1c & Van c\u00f4ng nghi\u1ec7p to\u00e0n di\u1ec7n cho doanh nghi\u1ec7p c\u1ee7a b\u1ea1n.","email":"giacongcokhimog@gmail.com","telephone":"090 311 4883"}]}},"_links":{"self":[{"href":"https:\/\/mog.com.vn\/vi\/wp-json\/wp\/v2\/product\/844","targetHints":{"allow":["GET"]}}],"collection":[{"href":"https:\/\/mog.com.vn\/vi\/wp-json\/wp\/v2\/product"}],"about":[{"href":"https:\/\/mog.com.vn\/vi\/wp-json\/wp\/v2\/types\/product"}],"replies":[{"embeddable":true,"href":"https:\/\/mog.com.vn\/vi\/wp-json\/wp\/v2\/comments?post=844"}],"wp:featuredmedia":[{"embeddable":true,"href":"https:\/\/mog.com.vn\/vi\/wp-json\/wp\/v2\/media\/845"}],"wp:attachment":[{"href":"https:\/\/mog.com.vn\/vi\/wp-json\/wp\/v2\/media?parent=844"}],"wp:term":[{"taxonomy":"product_brand","embeddable":true,"href":"https:\/\/mog.com.vn\/vi\/wp-json\/wp\/v2\/product_brand?post=844"},{"taxonomy":"product_cat","embeddable":true,"href":"https:\/\/mog.com.vn\/vi\/wp-json\/wp\/v2\/product_cat?post=844"},{"taxonomy":"product_tag","embeddable":true,"href":"https:\/\/mog.com.vn\/vi\/wp-json\/wp\/v2\/product_tag?post=844"}],"curies":[{"name":"wp","href":"https:\/\/api.w.org\/{rel}","templated":true}]}}