{"id":917,"date":"2025-05-21T06:12:06","date_gmt":"2025-05-21T06:12:06","guid":{"rendered":"https:\/\/mog.com.vn\/?post_type=product&#038;p=917"},"modified":"2025-05-21T06:15:26","modified_gmt":"2025-05-21T06:15:26","slug":"tieng-viet-khuon-xo-nap-17-lit","status":"publish","type":"product","link":"https:\/\/mog.com.vn\/vi\/product\/tieng-viet-khuon-xo-nap-17-lit\/","title":{"rendered":"Khu\u00f4n X\u00f4 &#038; N\u1eafp 17 L\u00edt"},"content":{"rendered":"","protected":false},"excerpt":{"rendered":"<p>Lo\u1ea1i C\u00f4ng nghi\u1ec7p<br \/>\nQu\u1ed1c gia Argentina<br \/>\nV\u1eadt li\u1ec7u khu\u00f4n 718 gi\u1edd<br \/>\nCh\u1ea5t li\u1ec7u s\u1ea3n ph\u1ea9m Polypropylen (PP)<\/p>\n","protected":false},"featured_media":915,"comment_status":"open","ping_status":"closed","template":"","meta":[],"product_brand":[],"product_cat":[141],"product_tag":[],"class_list":{"0":"post-917","1":"product","2":"type-product","3":"status-publish","4":"has-post-thumbnail","6":"product_cat-mechanical-processing","8":"first","9":"instock","10":"shipping-taxable","11":"product-type-simple"},"yoast_head":"<!-- This site is optimized with the Yoast SEO Premium plugin v25.9 (Yoast SEO v25.9) - https:\/\/yoast.com\/wordpress\/plugins\/seo\/ -->\n<title>Khu\u00f4n X\u00f4 &amp; N\u1eafp 17 L\u00edt - Mog.com.vn<\/title>\n<meta name=\"robots\" content=\"index, follow, max-snippet:-1, max-image-preview:large, max-video-preview:-1\" \/>\n<link rel=\"canonical\" href=\"https:\/\/mog.com.vn\/product\/tieng-viet-khuon-xo-nap-17-lit\/\" \/>\n<meta property=\"og:locale\" content=\"vi_VN\" \/>\n<meta property=\"og:type\" content=\"article\" \/>\n<meta property=\"og:title\" content=\"[:vi]Khu\u00f4n X\u00f4 &amp; N\u1eafp 17 L\u00edt[:]\" \/>\n<meta property=\"og:description\" content=\"[:vi]Lo\u1ea1i C\u00f4ng nghi\u1ec7p Qu\u1ed1c gia Argentina V\u1eadt li\u1ec7u khu\u00f4n 718 gi\u1edd Ch\u1ea5t li\u1ec7u s\u1ea3n ph\u1ea9m Polypropylen (PP)[:]\" \/>\n<meta property=\"og:url\" content=\"https:\/\/mog.com.vn\/product\/tieng-viet-khuon-xo-nap-17-lit\/\" \/>\n<meta property=\"og:site_name\" content=\"Mog.com.vn\" \/>\n<meta property=\"article:modified_time\" content=\"2025-05-21T06:15:26+00:00\" \/>\n<meta property=\"og:image\" content=\"https:\/\/mog.com.vn\/wp-content\/uploads\/2025\/05\/Khuon-xo-nap-17-lit.jpg\" \/>\n\t<meta property=\"og:image:width\" content=\"1000\" \/>\n\t<meta property=\"og:image:height\" content=\"1000\" \/>\n\t<meta property=\"og:image:type\" content=\"image\/jpeg\" \/>\n<meta name=\"twitter:card\" content=\"summary_large_image\" \/>\n<script type=\"application\/ld+json\" class=\"yoast-schema-graph\">{\"@context\":\"https:\/\/schema.org\",\"@graph\":[{\"@type\":\"WebPage\",\"@id\":\"https:\/\/mog.com.vn\/product\/tieng-viet-khuon-xo-nap-17-lit\/\",\"url\":\"https:\/\/mog.com.vn\/product\/tieng-viet-khuon-xo-nap-17-lit\/\",\"name\":\"[:vi]Khu\u00f4n X\u00f4 & N\u1eafp 17 L\u00edt[:] - Mog.com.vn\",\"isPartOf\":{\"@id\":\"https:\/\/mog.com.vn\/#website\"},\"primaryImageOfPage\":{\"@id\":\"https:\/\/mog.com.vn\/product\/tieng-viet-khuon-xo-nap-17-lit\/#primaryimage\"},\"image\":{\"@id\":\"https:\/\/mog.com.vn\/product\/tieng-viet-khuon-xo-nap-17-lit\/#primaryimage\"},\"thumbnailUrl\":\"https:\/\/mog.com.vn\/wp-content\/uploads\/2025\/05\/Khuon-xo-nap-17-lit.jpg\",\"datePublished\":\"2025-05-21T06:12:06+00:00\",\"dateModified\":\"2025-05-21T06:15:26+00:00\",\"breadcrumb\":{\"@id\":\"https:\/\/mog.com.vn\/product\/tieng-viet-khuon-xo-nap-17-lit\/#breadcrumb\"},\"inLanguage\":\"vi\",\"potentialAction\":[{\"@type\":\"ReadAction\",\"target\":[\"https:\/\/mog.com.vn\/product\/tieng-viet-khuon-xo-nap-17-lit\/\"]}]},{\"@type\":\"ImageObject\",\"inLanguage\":\"vi\",\"@id\":\"https:\/\/mog.com.vn\/product\/tieng-viet-khuon-xo-nap-17-lit\/#primaryimage\",\"url\":\"https:\/\/mog.com.vn\/wp-content\/uploads\/2025\/05\/Khuon-xo-nap-17-lit.jpg\",\"contentUrl\":\"https:\/\/mog.com.vn\/wp-content\/uploads\/2025\/05\/Khuon-xo-nap-17-lit.jpg\",\"width\":1000,\"height\":1000},{\"@type\":\"BreadcrumbList\",\"@id\":\"https:\/\/mog.com.vn\/product\/tieng-viet-khuon-xo-nap-17-lit\/#breadcrumb\",\"itemListElement\":[{\"@type\":\"ListItem\",\"position\":1,\"name\":\"Home\",\"item\":\"https:\/\/mog.com.vn\/\"},{\"@type\":\"ListItem\",\"position\":2,\"name\":\"Shop\",\"item\":\"https:\/\/mog.com.vn\/shop\/\"},{\"@type\":\"ListItem\",\"position\":3,\"name\":\"(Ti\u1ebfng Vi\u1ec7t) Khu\u00f4n X\u00f4 &#038; N\u1eafp 17 L\u00edt\"}]},{\"@type\":\"WebSite\",\"@id\":\"https:\/\/mog.com.vn\/#website\",\"url\":\"https:\/\/mog.com.vn\/\",\"name\":\"Mog.com.vn\",\"description\":\"FLOW Control Solutions\",\"publisher\":{\"@id\":\"https:\/\/mog.com.vn\/#organization\"},\"potentialAction\":[{\"@type\":\"SearchAction\",\"target\":{\"@type\":\"EntryPoint\",\"urlTemplate\":\"https:\/\/mog.com.vn\/?s={search_term_string}\"},\"query-input\":{\"@type\":\"PropertyValueSpecification\",\"valueRequired\":true,\"valueName\":\"search_term_string\"}}],\"inLanguage\":\"vi\"},{\"@type\":\"Organization\",\"@id\":\"https:\/\/mog.com.vn\/#organization\",\"name\":\"Mog.com.vn\",\"url\":\"https:\/\/mog.com.vn\/\",\"logo\":{\"@type\":\"ImageObject\",\"inLanguage\":\"vi\",\"@id\":\"https:\/\/mog.com.vn\/#\/schema\/logo\/image\/\",\"url\":\"https:\/\/mog.com.vn\/wp-content\/uploads\/2025\/10\/Logo-MOG.jpg\",\"contentUrl\":\"https:\/\/mog.com.vn\/wp-content\/uploads\/2025\/10\/Logo-MOG.jpg\",\"width\":755,\"height\":230,\"caption\":\"Mog.com.vn\"},\"image\":{\"@id\":\"https:\/\/mog.com.vn\/#\/schema\/logo\/image\/\"},\"description\":\"Gi\u1ea3i ph\u00e1p C\u01a1 kh\u00ed ch\u00ednh x\u00e1c & Van c\u00f4ng nghi\u1ec7p to\u00e0n di\u1ec7n cho doanh nghi\u1ec7p c\u1ee7a b\u1ea1n.\",\"email\":\"giacongcokhimog@gmail.com\",\"telephone\":\"090 311 4883\"}]}<\/script>\n<!-- \/ Yoast SEO Premium plugin. -->","yoast_head_json":{"title":"[:vi]Khu\u00f4n X\u00f4 & N\u1eafp 17 L\u00edt[:] - Mog.com.vn","robots":{"index":"index","follow":"follow","max-snippet":"max-snippet:-1","max-image-preview":"max-image-preview:large","max-video-preview":"max-video-preview:-1"},"canonical":"https:\/\/mog.com.vn\/product\/tieng-viet-khuon-xo-nap-17-lit\/","og_locale":"vi_VN","og_type":"article","og_title":"[:vi]Khu\u00f4n X\u00f4 & N\u1eafp 17 L\u00edt[:]","og_description":"[:vi]Lo\u1ea1i C\u00f4ng nghi\u1ec7p Qu\u1ed1c gia Argentina V\u1eadt li\u1ec7u khu\u00f4n 718 gi\u1edd Ch\u1ea5t li\u1ec7u s\u1ea3n ph\u1ea9m Polypropylen (PP)[:]","og_url":"https:\/\/mog.com.vn\/product\/tieng-viet-khuon-xo-nap-17-lit\/","og_site_name":"Mog.com.vn","article_modified_time":"2025-05-21T06:15:26+00:00","og_image":[{"width":1000,"height":1000,"url":"https:\/\/mog.com.vn\/wp-content\/uploads\/2025\/05\/Khuon-xo-nap-17-lit.jpg","type":"image\/jpeg"}],"twitter_card":"summary_large_image","schema":{"@context":"https:\/\/schema.org","@graph":[{"@type":"WebPage","@id":"https:\/\/mog.com.vn\/product\/tieng-viet-khuon-xo-nap-17-lit\/","url":"https:\/\/mog.com.vn\/product\/tieng-viet-khuon-xo-nap-17-lit\/","name":"[:vi]Khu\u00f4n X\u00f4 & N\u1eafp 17 L\u00edt[:] - Mog.com.vn","isPartOf":{"@id":"https:\/\/mog.com.vn\/#website"},"primaryImageOfPage":{"@id":"https:\/\/mog.com.vn\/product\/tieng-viet-khuon-xo-nap-17-lit\/#primaryimage"},"image":{"@id":"https:\/\/mog.com.vn\/product\/tieng-viet-khuon-xo-nap-17-lit\/#primaryimage"},"thumbnailUrl":"https:\/\/mog.com.vn\/wp-content\/uploads\/2025\/05\/Khuon-xo-nap-17-lit.jpg","datePublished":"2025-05-21T06:12:06+00:00","dateModified":"2025-05-21T06:15:26+00:00","breadcrumb":{"@id":"https:\/\/mog.com.vn\/product\/tieng-viet-khuon-xo-nap-17-lit\/#breadcrumb"},"inLanguage":"vi","potentialAction":[{"@type":"ReadAction","target":["https:\/\/mog.com.vn\/product\/tieng-viet-khuon-xo-nap-17-lit\/"]}]},{"@type":"ImageObject","inLanguage":"vi","@id":"https:\/\/mog.com.vn\/product\/tieng-viet-khuon-xo-nap-17-lit\/#primaryimage","url":"https:\/\/mog.com.vn\/wp-content\/uploads\/2025\/05\/Khuon-xo-nap-17-lit.jpg","contentUrl":"https:\/\/mog.com.vn\/wp-content\/uploads\/2025\/05\/Khuon-xo-nap-17-lit.jpg","width":1000,"height":1000},{"@type":"BreadcrumbList","@id":"https:\/\/mog.com.vn\/product\/tieng-viet-khuon-xo-nap-17-lit\/#breadcrumb","itemListElement":[{"@type":"ListItem","position":1,"name":"Home","item":"https:\/\/mog.com.vn\/"},{"@type":"ListItem","position":2,"name":"Shop","item":"https:\/\/mog.com.vn\/shop\/"},{"@type":"ListItem","position":3,"name":"(Ti\u1ebfng Vi\u1ec7t) Khu\u00f4n X\u00f4 &#038; N\u1eafp 17 L\u00edt"}]},{"@type":"WebSite","@id":"https:\/\/mog.com.vn\/#website","url":"https:\/\/mog.com.vn\/","name":"Mog.com.vn","description":"FLOW Control Solutions","publisher":{"@id":"https:\/\/mog.com.vn\/#organization"},"potentialAction":[{"@type":"SearchAction","target":{"@type":"EntryPoint","urlTemplate":"https:\/\/mog.com.vn\/?s={search_term_string}"},"query-input":{"@type":"PropertyValueSpecification","valueRequired":true,"valueName":"search_term_string"}}],"inLanguage":"vi"},{"@type":"Organization","@id":"https:\/\/mog.com.vn\/#organization","name":"Mog.com.vn","url":"https:\/\/mog.com.vn\/","logo":{"@type":"ImageObject","inLanguage":"vi","@id":"https:\/\/mog.com.vn\/#\/schema\/logo\/image\/","url":"https:\/\/mog.com.vn\/wp-content\/uploads\/2025\/10\/Logo-MOG.jpg","contentUrl":"https:\/\/mog.com.vn\/wp-content\/uploads\/2025\/10\/Logo-MOG.jpg","width":755,"height":230,"caption":"Mog.com.vn"},"image":{"@id":"https:\/\/mog.com.vn\/#\/schema\/logo\/image\/"},"description":"Gi\u1ea3i ph\u00e1p C\u01a1 kh\u00ed ch\u00ednh x\u00e1c & Van c\u00f4ng nghi\u1ec7p to\u00e0n di\u1ec7n cho doanh nghi\u1ec7p c\u1ee7a b\u1ea1n.","email":"giacongcokhimog@gmail.com","telephone":"090 311 4883"}]}},"_links":{"self":[{"href":"https:\/\/mog.com.vn\/vi\/wp-json\/wp\/v2\/product\/917","targetHints":{"allow":["GET"]}}],"collection":[{"href":"https:\/\/mog.com.vn\/vi\/wp-json\/wp\/v2\/product"}],"about":[{"href":"https:\/\/mog.com.vn\/vi\/wp-json\/wp\/v2\/types\/product"}],"replies":[{"embeddable":true,"href":"https:\/\/mog.com.vn\/vi\/wp-json\/wp\/v2\/comments?post=917"}],"wp:featuredmedia":[{"embeddable":true,"href":"https:\/\/mog.com.vn\/vi\/wp-json\/wp\/v2\/media\/915"}],"wp:attachment":[{"href":"https:\/\/mog.com.vn\/vi\/wp-json\/wp\/v2\/media?parent=917"}],"wp:term":[{"taxonomy":"product_brand","embeddable":true,"href":"https:\/\/mog.com.vn\/vi\/wp-json\/wp\/v2\/product_brand?post=917"},{"taxonomy":"product_cat","embeddable":true,"href":"https:\/\/mog.com.vn\/vi\/wp-json\/wp\/v2\/product_cat?post=917"},{"taxonomy":"product_tag","embeddable":true,"href":"https:\/\/mog.com.vn\/vi\/wp-json\/wp\/v2\/product_tag?post=917"}],"curies":[{"name":"wp","href":"https:\/\/api.w.org\/{rel}","templated":true}]}}