{"id":971,"date":"2025-05-28T10:32:24","date_gmt":"2025-05-28T10:32:24","guid":{"rendered":"https:\/\/mog.com.vn\/?post_type=product&#038;p=971"},"modified":"2025-06-12T03:40:00","modified_gmt":"2025-06-12T03:40:00","slug":"971","status":"publish","type":"product","link":"https:\/\/mog.com.vn\/vi\/product\/971\/","title":{"rendered":"B\u1ed9 \u0110\u1ecbnh V\u1ecb (Positioner) OMC"},"content":{"rendered":"<strong>C\u00e1c Phi\u00ean B\u1ea3n M\u1eabu:<\/strong><\/p>\n<ul>\n<li><strong>RP01<\/strong> (\u0110\u01a1n T\u00e1c \u0110\u1ed9ng, 3\u201315 psi)<\/li>\n<li><strong>RE01<\/strong> (Hai T\u00e1c \u0110\u1ed9ng, 3\u201315 psi)<\/li>\n<li><strong>RP01E\/RE01E<\/strong> (\u0110i\u1ec7n\u2013Kh\u00ed, 4\u201320 mA)<\/li>\n<\/ul>\n<p><strong>\u0110\u1eb7c \u0110i\u1ec3m N\u1ed5i B\u1eadt:<\/strong><\/p>\n<ul>\n<li><strong>\u0110\u1ed9 ch\u00ednh x\u00e1c cao<\/strong>: \u0111\u1ed9 l\u1eb7p l\u1ea1i &lt; 0,1 % (RP01), &lt; 0,2 % (RE01)<\/li>\n<li><strong>D\u1ea3i h\u00e0nh tr\u00ecnh r\u1ed9ng<\/strong>: 3\u2013\u221e mm v\u1edbi s\u00e1u l\u1ef1a ch\u1ecdn l\u00f2 xo<\/li>\n<li><strong>B\u1ec1n b\u1ec9<\/strong>: th\u00e2n b\u1eb1ng nh\u00f4m \u0111\u00fac, chu\u1ea9n IP55 (t\u00f9y ch\u1ecdn IP65)<\/li>\n<li><strong>Ch\u1ee9ng nh\u1eadn ATEX<\/strong>: II 2 G IIC c X Gb \/ II 2 D IIIC c X Db<\/li>\n<li><strong>Thi\u1ebft k\u1ebf g\u1ecdn nh\u1eb9<\/strong> v\u1edbi \u0111i\u1ec1u ch\u1ec9nh \u0111\u1ed9c l\u1eadp \u0111\u1ed9 zero v\u00e0 \u0111\u1ed9 span<\/li>\n<\/ul>\n<p><strong>\u1ee8ng D\u1ee5ng: <\/strong>D\u1ea7u kh\u00ed, h\u00f3a d\u1ea7u, ph\u00e1t \u0111i\u1ec7n, x\u1eed l\u00fd n\u01b0\u1edbc &amp; n\u01b0\u1edbc th\u1ea3i, c\u00f4ng nghi\u1ec7p n\u00f3i chung.<\/p>\n<p><strong>Ch\u1ee9ng Nh\u1eadn: <\/strong>CE, ATEX, NAMUR (IEC 534)","protected":false},"excerpt":{"rendered":"<p>C\u00e1c Phi\u00ean B\u1ea3n M\u1eabu: RP01 (\u0110\u01a1n T\u00e1c \u0110\u1ed9ng, 3\u201315 psi) RE01 (Hai T\u00e1c \u0110\u1ed9ng, 3\u201315 psi) RP01E\/RE01E (\u0110i\u1ec7n\u2013Kh\u00ed, 4\u201320 mA) \u0110\u1eb7c \u0110i\u1ec3m N\u1ed5i B\u1eadt: \u0110\u1ed9 ch\u00ednh x\u00e1c cao: \u0111\u1ed9 l\u1eb7p l\u1ea1i &lt; 0,1 % (RP01), &lt; 0,2 % (RE01) D\u1ea3i h\u00e0nh tr\u00ecnh r\u1ed9ng: 3\u2013\u221e mm v\u1edbi s\u00e1u l\u1ef1a ch\u1ecdn l\u00f2 xo B\u1ec1n b\u1ec9: th\u00e2n b\u1eb1ng [&#8230;]\n","protected":false},"featured_media":976,"comment_status":"open","ping_status":"closed","template":"","meta":[],"product_brand":[],"product_cat":[146],"product_tag":[],"class_list":{"0":"post-971","1":"product","2":"type-product","3":"status-publish","4":"has-post-thumbnail","6":"product_cat-phu-kien-van-dieu-khien","8":"first","9":"instock","10":"shipping-taxable","11":"product-type-simple"},"yoast_head":"<!-- This site is optimized with the Yoast SEO Premium plugin v25.9 (Yoast SEO v25.9) - https:\/\/yoast.com\/wordpress\/plugins\/seo\/ -->\n<title>B\u1ed9 \u0110\u1ecbnh V\u1ecb (Positioner) OMC - Mog.com.vn<\/title>\n<meta name=\"robots\" content=\"index, follow, max-snippet:-1, max-image-preview:large, max-video-preview:-1\" \/>\n<link rel=\"canonical\" href=\"https:\/\/mog.com.vn\/product\/971\/\" \/>\n<meta property=\"og:locale\" content=\"vi_VN\" \/>\n<meta property=\"og:type\" content=\"article\" \/>\n<meta property=\"og:title\" content=\"B\u1ed9 \u0110\u1ecbnh V\u1ecb (Positioner) OMC\" \/>\n<meta property=\"og:description\" content=\"C\u00e1c Phi\u00ean B\u1ea3n M\u1eabu: RP01 (\u0110\u01a1n T\u00e1c \u0110\u1ed9ng, 3\u201315 psi) RE01 (Hai T\u00e1c \u0110\u1ed9ng, 3\u201315 psi) RP01E\/RE01E (\u0110i\u1ec7n\u2013Kh\u00ed, 4\u201320 mA) \u0110\u1eb7c \u0110i\u1ec3m N\u1ed5i B\u1eadt: \u0110\u1ed9 ch\u00ednh x\u00e1c cao: \u0111\u1ed9 l\u1eb7p l\u1ea1i &lt; 0,1 % (RP01), &lt; 0,2 % (RE01) D\u1ea3i h\u00e0nh tr\u00ecnh r\u1ed9ng: 3\u2013\u221e mm v\u1edbi s\u00e1u l\u1ef1a ch\u1ecdn l\u00f2 xo B\u1ec1n b\u1ec9: th\u00e2n b\u1eb1ng [...]\" \/>\n<meta property=\"og:url\" content=\"https:\/\/mog.com.vn\/product\/971\/\" \/>\n<meta property=\"og:site_name\" content=\"Mog.com.vn\" \/>\n<meta property=\"article:modified_time\" content=\"2025-06-12T03:40:00+00:00\" \/>\n<meta property=\"og:image\" content=\"https:\/\/mog.com.vn\/wp-content\/uploads\/2025\/05\/IMG_6783-2-scaled.jpg\" \/>\n\t<meta property=\"og:image:width\" content=\"1920\" \/>\n\t<meta property=\"og:image:height\" content=\"2560\" \/>\n\t<meta property=\"og:image:type\" content=\"image\/jpeg\" \/>\n<meta name=\"twitter:card\" content=\"summary_large_image\" \/>\n<meta name=\"twitter:label1\" content=\"\u01af\u1edbc t\u00ednh th\u1eddi gian \u0111\u1ecdc\" \/>\n\t<meta name=\"twitter:data1\" content=\"1 ph\u00fat\" \/>\n<script type=\"application\/ld+json\" class=\"yoast-schema-graph\">{\"@context\":\"https:\/\/schema.org\",\"@graph\":[{\"@type\":\"WebPage\",\"@id\":\"https:\/\/mog.com.vn\/product\/971\/\",\"url\":\"https:\/\/mog.com.vn\/product\/971\/\",\"name\":\"B\u1ed9 \u0110\u1ecbnh V\u1ecb (Positioner) OMC - Mog.com.vn\",\"isPartOf\":{\"@id\":\"https:\/\/mog.com.vn\/#website\"},\"primaryImageOfPage\":{\"@id\":\"https:\/\/mog.com.vn\/product\/971\/#primaryimage\"},\"image\":{\"@id\":\"https:\/\/mog.com.vn\/product\/971\/#primaryimage\"},\"thumbnailUrl\":\"https:\/\/mog.com.vn\/wp-content\/uploads\/2025\/05\/IMG_6783-2-scaled.jpg\",\"datePublished\":\"2025-05-28T10:32:24+00:00\",\"dateModified\":\"2025-06-12T03:40:00+00:00\",\"breadcrumb\":{\"@id\":\"https:\/\/mog.com.vn\/product\/971\/#breadcrumb\"},\"inLanguage\":\"vi\",\"potentialAction\":[{\"@type\":\"ReadAction\",\"target\":[\"https:\/\/mog.com.vn\/product\/971\/\"]}]},{\"@type\":\"ImageObject\",\"inLanguage\":\"vi\",\"@id\":\"https:\/\/mog.com.vn\/product\/971\/#primaryimage\",\"url\":\"https:\/\/mog.com.vn\/wp-content\/uploads\/2025\/05\/IMG_6783-2-scaled.jpg\",\"contentUrl\":\"https:\/\/mog.com.vn\/wp-content\/uploads\/2025\/05\/IMG_6783-2-scaled.jpg\",\"width\":1920,\"height\":2560},{\"@type\":\"BreadcrumbList\",\"@id\":\"https:\/\/mog.com.vn\/product\/971\/#breadcrumb\",\"itemListElement\":[{\"@type\":\"ListItem\",\"position\":1,\"name\":\"Home\",\"item\":\"https:\/\/mog.com.vn\/\"},{\"@type\":\"ListItem\",\"position\":2,\"name\":\"Shop\",\"item\":\"https:\/\/mog.com.vn\/shop\/\"},{\"@type\":\"ListItem\",\"position\":3,\"name\":\"B\u1ed9 \u0110\u1ecbnh V\u1ecb (Positioner) OMC\"}]},{\"@type\":\"WebSite\",\"@id\":\"https:\/\/mog.com.vn\/#website\",\"url\":\"https:\/\/mog.com.vn\/\",\"name\":\"Mog.com.vn\",\"description\":\"FLOW Control Solutions\",\"publisher\":{\"@id\":\"https:\/\/mog.com.vn\/#organization\"},\"potentialAction\":[{\"@type\":\"SearchAction\",\"target\":{\"@type\":\"EntryPoint\",\"urlTemplate\":\"https:\/\/mog.com.vn\/?s={search_term_string}\"},\"query-input\":{\"@type\":\"PropertyValueSpecification\",\"valueRequired\":true,\"valueName\":\"search_term_string\"}}],\"inLanguage\":\"vi\"},{\"@type\":\"Organization\",\"@id\":\"https:\/\/mog.com.vn\/#organization\",\"name\":\"Mog.com.vn\",\"url\":\"https:\/\/mog.com.vn\/\",\"logo\":{\"@type\":\"ImageObject\",\"inLanguage\":\"vi\",\"@id\":\"https:\/\/mog.com.vn\/#\/schema\/logo\/image\/\",\"url\":\"https:\/\/mog.com.vn\/wp-content\/uploads\/2025\/10\/Logo-MOG.jpg\",\"contentUrl\":\"https:\/\/mog.com.vn\/wp-content\/uploads\/2025\/10\/Logo-MOG.jpg\",\"width\":755,\"height\":230,\"caption\":\"Mog.com.vn\"},\"image\":{\"@id\":\"https:\/\/mog.com.vn\/#\/schema\/logo\/image\/\"},\"description\":\"Gi\u1ea3i ph\u00e1p C\u01a1 kh\u00ed ch\u00ednh x\u00e1c & Van c\u00f4ng nghi\u1ec7p to\u00e0n di\u1ec7n cho doanh nghi\u1ec7p c\u1ee7a b\u1ea1n.\",\"email\":\"giacongcokhimog@gmail.com\",\"telephone\":\"090 311 4883\"}]}<\/script>\n<!-- \/ Yoast SEO Premium plugin. -->","yoast_head_json":{"title":"B\u1ed9 \u0110\u1ecbnh V\u1ecb (Positioner) OMC - Mog.com.vn","robots":{"index":"index","follow":"follow","max-snippet":"max-snippet:-1","max-image-preview":"max-image-preview:large","max-video-preview":"max-video-preview:-1"},"canonical":"https:\/\/mog.com.vn\/product\/971\/","og_locale":"vi_VN","og_type":"article","og_title":"B\u1ed9 \u0110\u1ecbnh V\u1ecb (Positioner) OMC","og_description":"C\u00e1c Phi\u00ean B\u1ea3n M\u1eabu: RP01 (\u0110\u01a1n T\u00e1c \u0110\u1ed9ng, 3\u201315 psi) RE01 (Hai T\u00e1c \u0110\u1ed9ng, 3\u201315 psi) RP01E\/RE01E (\u0110i\u1ec7n\u2013Kh\u00ed, 4\u201320 mA) \u0110\u1eb7c \u0110i\u1ec3m N\u1ed5i B\u1eadt: \u0110\u1ed9 ch\u00ednh x\u00e1c cao: \u0111\u1ed9 l\u1eb7p l\u1ea1i &lt; 0,1 % (RP01), &lt; 0,2 % (RE01) D\u1ea3i h\u00e0nh tr\u00ecnh r\u1ed9ng: 3\u2013\u221e mm v\u1edbi s\u00e1u l\u1ef1a ch\u1ecdn l\u00f2 xo B\u1ec1n b\u1ec9: th\u00e2n b\u1eb1ng [...]","og_url":"https:\/\/mog.com.vn\/product\/971\/","og_site_name":"Mog.com.vn","article_modified_time":"2025-06-12T03:40:00+00:00","og_image":[{"width":1920,"height":2560,"url":"https:\/\/mog.com.vn\/wp-content\/uploads\/2025\/05\/IMG_6783-2-scaled.jpg","type":"image\/jpeg"}],"twitter_card":"summary_large_image","twitter_misc":{"\u01af\u1edbc t\u00ednh th\u1eddi gian \u0111\u1ecdc":"1 ph\u00fat"},"schema":{"@context":"https:\/\/schema.org","@graph":[{"@type":"WebPage","@id":"https:\/\/mog.com.vn\/product\/971\/","url":"https:\/\/mog.com.vn\/product\/971\/","name":"B\u1ed9 \u0110\u1ecbnh V\u1ecb (Positioner) OMC - Mog.com.vn","isPartOf":{"@id":"https:\/\/mog.com.vn\/#website"},"primaryImageOfPage":{"@id":"https:\/\/mog.com.vn\/product\/971\/#primaryimage"},"image":{"@id":"https:\/\/mog.com.vn\/product\/971\/#primaryimage"},"thumbnailUrl":"https:\/\/mog.com.vn\/wp-content\/uploads\/2025\/05\/IMG_6783-2-scaled.jpg","datePublished":"2025-05-28T10:32:24+00:00","dateModified":"2025-06-12T03:40:00+00:00","breadcrumb":{"@id":"https:\/\/mog.com.vn\/product\/971\/#breadcrumb"},"inLanguage":"vi","potentialAction":[{"@type":"ReadAction","target":["https:\/\/mog.com.vn\/product\/971\/"]}]},{"@type":"ImageObject","inLanguage":"vi","@id":"https:\/\/mog.com.vn\/product\/971\/#primaryimage","url":"https:\/\/mog.com.vn\/wp-content\/uploads\/2025\/05\/IMG_6783-2-scaled.jpg","contentUrl":"https:\/\/mog.com.vn\/wp-content\/uploads\/2025\/05\/IMG_6783-2-scaled.jpg","width":1920,"height":2560},{"@type":"BreadcrumbList","@id":"https:\/\/mog.com.vn\/product\/971\/#breadcrumb","itemListElement":[{"@type":"ListItem","position":1,"name":"Home","item":"https:\/\/mog.com.vn\/"},{"@type":"ListItem","position":2,"name":"Shop","item":"https:\/\/mog.com.vn\/shop\/"},{"@type":"ListItem","position":3,"name":"B\u1ed9 \u0110\u1ecbnh V\u1ecb (Positioner) OMC"}]},{"@type":"WebSite","@id":"https:\/\/mog.com.vn\/#website","url":"https:\/\/mog.com.vn\/","name":"Mog.com.vn","description":"FLOW Control Solutions","publisher":{"@id":"https:\/\/mog.com.vn\/#organization"},"potentialAction":[{"@type":"SearchAction","target":{"@type":"EntryPoint","urlTemplate":"https:\/\/mog.com.vn\/?s={search_term_string}"},"query-input":{"@type":"PropertyValueSpecification","valueRequired":true,"valueName":"search_term_string"}}],"inLanguage":"vi"},{"@type":"Organization","@id":"https:\/\/mog.com.vn\/#organization","name":"Mog.com.vn","url":"https:\/\/mog.com.vn\/","logo":{"@type":"ImageObject","inLanguage":"vi","@id":"https:\/\/mog.com.vn\/#\/schema\/logo\/image\/","url":"https:\/\/mog.com.vn\/wp-content\/uploads\/2025\/10\/Logo-MOG.jpg","contentUrl":"https:\/\/mog.com.vn\/wp-content\/uploads\/2025\/10\/Logo-MOG.jpg","width":755,"height":230,"caption":"Mog.com.vn"},"image":{"@id":"https:\/\/mog.com.vn\/#\/schema\/logo\/image\/"},"description":"Gi\u1ea3i ph\u00e1p C\u01a1 kh\u00ed ch\u00ednh x\u00e1c & Van c\u00f4ng nghi\u1ec7p to\u00e0n di\u1ec7n cho doanh nghi\u1ec7p c\u1ee7a b\u1ea1n.","email":"giacongcokhimog@gmail.com","telephone":"090 311 4883"}]}},"_links":{"self":[{"href":"https:\/\/mog.com.vn\/vi\/wp-json\/wp\/v2\/product\/971","targetHints":{"allow":["GET"]}}],"collection":[{"href":"https:\/\/mog.com.vn\/vi\/wp-json\/wp\/v2\/product"}],"about":[{"href":"https:\/\/mog.com.vn\/vi\/wp-json\/wp\/v2\/types\/product"}],"replies":[{"embeddable":true,"href":"https:\/\/mog.com.vn\/vi\/wp-json\/wp\/v2\/comments?post=971"}],"wp:featuredmedia":[{"embeddable":true,"href":"https:\/\/mog.com.vn\/vi\/wp-json\/wp\/v2\/media\/976"}],"wp:attachment":[{"href":"https:\/\/mog.com.vn\/vi\/wp-json\/wp\/v2\/media?parent=971"}],"wp:term":[{"taxonomy":"product_brand","embeddable":true,"href":"https:\/\/mog.com.vn\/vi\/wp-json\/wp\/v2\/product_brand?post=971"},{"taxonomy":"product_cat","embeddable":true,"href":"https:\/\/mog.com.vn\/vi\/wp-json\/wp\/v2\/product_cat?post=971"},{"taxonomy":"product_tag","embeddable":true,"href":"https:\/\/mog.com.vn\/vi\/wp-json\/wp\/v2\/product_tag?post=971"}],"curies":[{"name":"wp","href":"https:\/\/api.w.org\/{rel}","templated":true}]}}